

{"id":92795,"date":"2024-07-26T16:29:56","date_gmt":"2024-07-26T16:29:56","guid":{"rendered":"https:\/\/new.aavesa.com\/produs\/fordithato-bor-es-mosomedve-bunda-kabat-370\/"},"modified":"2025-11-17T06:28:19","modified_gmt":"2025-11-17T06:28:19","slug":"fordithato-bor-es-mosomedve-bunda-kabat-370","status":"publish","type":"product","link":"https:\/\/aavesa.com\/hu\/product\/fordithato-bor-es-mosomedve-bunda-kabat-370\/","title":{"rendered":"Ford\u00edthat\u00f3 b\u0151r- \u00e9s mos\u00f3medve bunda kab\u00e1t 370"},"content":{"rendered":"<p>A <a href=\"https:\/\/aavesa.com\/hu\/ferfiak\/shearling-kabatok-ferfiaknak-ferfiak\/\">b\u0151r \u00e9s mos\u00f3medve sz\u0151rme ford\u00edthat\u00f3 f\u00e9rfi kab\u00e1t<\/a> k\u00fcl\u00f6n\u00f6sen praktikus \u00e9s tart\u00f3s, t\u00f6k\u00e9letes a k\u00e9nyelem \u00e9s a maxim\u00e1lis melegs\u00e9g biztos\u00edt\u00e1s\u00e1ra a hideg napokon. A kab\u00e1t st\u00edlusa modern, alkalmas a legk\u00fcl\u00f6nb\u00f6z\u0151bb \u00f6lt\u00f6z\u00e9kek kieg\u00e9sz\u00edt\u00e9s\u00e9re &#8211; az alkalmi, az \u00fczleti vagy az eleg\u00e1ns \u00f6lt\u00f6z\u00e9kt\u0151l kezdve. A fokozott k\u00e9nyelem \u00e9rdek\u00e9ben ez a megford\u00edthat\u00f3 b\u0151r- \u00e9s mos\u00f3medve sz\u0151rme kab\u00e1t kapucnival \u00e9s k\u00e9t t\u00e1gas zsebbel rendelkezik, a z\u00e1r\u00e1s pedig cipz\u00e1rral t\u00f6rt\u00e9nik. Ez a kab\u00e1t 85 cm hossz\u00fa, barna \u00e9s fekete sz\u00ednben kaphat\u00f3.   <\/p>\n","protected":false},"excerpt":{"rendered":"<p>A b\u0151r \u00e9s mos\u00f3medve sz\u0151rme ford\u00edthat\u00f3 f\u00e9rfi kab\u00e1t k\u00fcl\u00f6n\u00f6sen praktikus \u00e9s tart\u00f3s, t\u00f6k\u00e9letes a k\u00e9nyelem \u00e9s a maxim\u00e1lis melegs\u00e9g biztos\u00edt\u00e1s\u00e1ra a hideg napokon. A kab\u00e1t st\u00edlusa modern, alkalmas a legk\u00fcl\u00f6nb\u00f6z\u0151bb \u00f6lt\u00f6z\u00e9kek kieg\u00e9sz\u00edt\u00e9s\u00e9re &#8211; az alkalmi, az \u00fczleti vagy az eleg\u00e1ns \u00f6lt\u00f6z\u00e9kt\u0151l kezdve. A fokozott k\u00e9nyelem \u00e9rdek\u00e9ben ez a megford\u00edthat\u00f3 b\u0151r- \u00e9s mos\u00f3medve sz\u0151rme kab\u00e1t kapucnival [&hellip;]<\/p>\n","protected":false},"featured_media":92796,"comment_status":"closed","ping_status":"closed","template":"","meta":{"_acf_changed":false,"om_disable_all_campaigns":false,"inline_featured_image":false,"_monsterinsights_skip_tracking":false,"_monsterinsights_sitenote_active":false,"_monsterinsights_sitenote_note":"","_monsterinsights_sitenote_category":0},"product_brand":[],"product_cat":[848,778,725,777],"product_tag":[],"class_list":{"0":"post-92795","1":"product","2":"type-product","3":"status-publish","4":"has-post-thumbnail","6":"product_cat-2021-2022-es-kollekcio","7":"product_cat-baranybor-kabatok-hu","8":"product_cat-ferfiak","9":"product_cat-shearling-kabatok-ferfiaknak-ferfiak","11":"first","12":"instock","13":"taxable","14":"shipping-taxable","15":"purchasable","16":"product-type-variable","17":"has-default-attributes","18":"wvs-archive-product-wrapper"},"acf":{"categorie_feed":""},"aioseo_notices":[],"_links":{"self":[{"href":"https:\/\/aavesa.com\/hu\/wp-json\/wp\/v2\/product\/92795","targetHints":{"allow":["GET"]}}],"collection":[{"href":"https:\/\/aavesa.com\/hu\/wp-json\/wp\/v2\/product"}],"about":[{"href":"https:\/\/aavesa.com\/hu\/wp-json\/wp\/v2\/types\/product"}],"replies":[{"embeddable":true,"href":"https:\/\/aavesa.com\/hu\/wp-json\/wp\/v2\/comments?post=92795"}],"wp:featuredmedia":[{"embeddable":true,"href":"https:\/\/aavesa.com\/hu\/wp-json\/wp\/v2\/media\/92796"}],"wp:attachment":[{"href":"https:\/\/aavesa.com\/hu\/wp-json\/wp\/v2\/media?parent=92795"}],"wp:term":[{"taxonomy":"product_brand","embeddable":true,"href":"https:\/\/aavesa.com\/hu\/wp-json\/wp\/v2\/product_brand?post=92795"},{"taxonomy":"product_cat","embeddable":true,"href":"https:\/\/aavesa.com\/hu\/wp-json\/wp\/v2\/product_cat?post=92795"},{"taxonomy":"product_tag","embeddable":true,"href":"https:\/\/aavesa.com\/hu\/wp-json\/wp\/v2\/product_tag?post=92795"}],"curies":[{"name":"wp","href":"https:\/\/api.w.org\/{rel}","templated":true}]}}