

{"id":92807,"date":"2024-07-26T16:28:28","date_gmt":"2024-07-26T16:28:28","guid":{"rendered":"https:\/\/new.aavesa.com\/produs\/shearling-bomber-dzseki-2020\/"},"modified":"2026-04-10T15:04:19","modified_gmt":"2026-04-10T17:04:19","slug":"shearling-bomber-dzseki-2020","status":"publish","type":"product","link":"https:\/\/aavesa.com\/hu\/product\/shearling-bomber-dzseki-2020\/","title":{"rendered":"Shearling bomber dzseki 2020"},"content":{"rendered":"<p>A n\u0151i bomber t\u00edpus\u00fa shearling dzseki egyre nagyobb n\u00e9pszer\u0171s\u00e9gnek \u00f6rvend a l\u00e1zad\u00f3 megjelen\u00e9shez ill\u0151, de m\u00e9gis klasszikus vonalat meg\u0151rz\u0151 st\u00edlusa miatt. Ez a b\u00e1r\u00e1nyb\u0151r bomberdzseki ide\u00e1lis darab a hideg \u00e9vszakban a mindennapi \u00f6lt\u00f6z\u00e9kekhez, mivel k\u00f6nnyen \u00f6sszeilleszthet\u0151, \u00e9s maxim\u00e1lis meleget biztos\u00edt visel\u0151j\u00e9nek. A kab\u00e1t cipz\u00e1rral \u00e9s p\u00e1nttal z\u00e1r\u00f3dik, \u00e9s k\u00e9t nagy k\u00fcls\u0151 zsebbel rendelkezik. A rendelkez\u00e9sre \u00e1ll\u00f3 \u00e1rnyalatok: fekete konyaksz\u00edn\u0171 sz\u0151rm\u00e9vel, barna feh\u00e9r sz\u0151rm\u00e9vel \u00e9s b\u00e9zs feh\u00e9r sz\u0151rm\u00e9vel.   <\/p>\n","protected":false},"excerpt":{"rendered":"<p>A n\u0151i bomber t\u00edpus\u00fa shearling dzseki egyre nagyobb n\u00e9pszer\u0171s\u00e9gnek \u00f6rvend a l\u00e1zad\u00f3 megjelen\u00e9shez ill\u0151, de m\u00e9gis klasszikus vonalat meg\u0151rz\u0151 st\u00edlusa miatt. Ez a b\u00e1r\u00e1nyb\u0151r bomberdzseki ide\u00e1lis darab a hideg \u00e9vszakban a mindennapi \u00f6lt\u00f6z\u00e9kekhez, mivel k\u00f6nnyen \u00f6sszeilleszthet\u0151, \u00e9s maxim\u00e1lis meleget biztos\u00edt visel\u0151j\u00e9nek. A kab\u00e1t cipz\u00e1rral \u00e9s p\u00e1nttal z\u00e1r\u00f3dik, \u00e9s k\u00e9t nagy k\u00fcls\u0151 zsebbel rendelkezik. A rendelkez\u00e9sre [&hellip;]<\/p>\n","protected":false},"featured_media":92808,"comment_status":"closed","ping_status":"closed","template":"","meta":{"_acf_changed":false,"om_disable_all_campaigns":false,"inline_featured_image":false,"_monsterinsights_skip_tracking":false,"_monsterinsights_sitenote_active":false,"_monsterinsights_sitenote_note":"","_monsterinsights_sitenote_category":0},"product_brand":[],"product_cat":[851,952,773,741],"product_tag":[],"class_list":{"0":"post-92807","1":"product","2":"type-product","3":"status-publish","4":"has-post-thumbnail","6":"product_cat-2020-2021-kollekcio","7":"product_cat-ferfi-es-noi-pehelypaplan-dzsekik-a-luxus-es-a-melegseg-vegso-kevereke","8":"product_cat-noi-shearling-dzsekik","9":"product_cat-nok","11":"first","12":"instock","13":"taxable","14":"shipping-taxable","15":"purchasable","16":"product-type-variable","17":"has-default-attributes","18":"wvs-archive-product-wrapper"},"acf":{"categorie_feed":""},"aioseo_notices":[],"_links":{"self":[{"href":"https:\/\/aavesa.com\/hu\/wp-json\/wp\/v2\/product\/92807","targetHints":{"allow":["GET"]}}],"collection":[{"href":"https:\/\/aavesa.com\/hu\/wp-json\/wp\/v2\/product"}],"about":[{"href":"https:\/\/aavesa.com\/hu\/wp-json\/wp\/v2\/types\/product"}],"replies":[{"embeddable":true,"href":"https:\/\/aavesa.com\/hu\/wp-json\/wp\/v2\/comments?post=92807"}],"wp:featuredmedia":[{"embeddable":true,"href":"https:\/\/aavesa.com\/hu\/wp-json\/wp\/v2\/media\/92808"}],"wp:attachment":[{"href":"https:\/\/aavesa.com\/hu\/wp-json\/wp\/v2\/media?parent=92807"}],"wp:term":[{"taxonomy":"product_brand","embeddable":true,"href":"https:\/\/aavesa.com\/hu\/wp-json\/wp\/v2\/product_brand?post=92807"},{"taxonomy":"product_cat","embeddable":true,"href":"https:\/\/aavesa.com\/hu\/wp-json\/wp\/v2\/product_cat?post=92807"},{"taxonomy":"product_tag","embeddable":true,"href":"https:\/\/aavesa.com\/hu\/wp-json\/wp\/v2\/product_tag?post=92807"}],"curies":[{"name":"wp","href":"https:\/\/api.w.org\/{rel}","templated":true}]}}