

{"id":92838,"date":"2024-07-26T16:29:56","date_gmt":"2024-07-26T16:29:56","guid":{"rendered":"https:\/\/new.aavesa.com\/produs\/birkabunda-369\/"},"modified":"2026-04-10T15:08:37","modified_gmt":"2026-04-10T17:08:37","slug":"birkabunda-369","status":"publish","type":"product","link":"https:\/\/aavesa.com\/hu\/product\/birkabunda-369\/","title":{"rendered":"Birkabunda 369"},"content":{"rendered":"<p>A merin\u00f3 ny\u00edrb\u0151r dzseki kiv\u00e1l\u00f3 v\u00e9delmet ny\u00fajt a hideg ellen a magas gall\u00e9rnak, valamint az alj\u00e1n \u00e9s a mandzsett\u00e1kn\u00e1l l\u00e9v\u0151 elasztikus anyagnak k\u00f6sz\u00f6nhet\u0151en. Ez a b\u00e1r\u00e1nyb\u0151r kab\u00e1t nem hi\u00e1nyozhat a ruhat\u00e1r\u00e1b\u00f3l a hideg \u00e9vszakban. K\u00e9nyelmes, meleg \u00e9s tart\u00f3s, a merin\u00f3 b\u00e1r\u00e1nybunda kab\u00e1t t\u00f6k\u00e9letes v\u00e1laszt\u00e1s, mivel k\u00f6nnyen \u00f6sszeilleszthet\u0151, \u00e9s csak j\u00f3 viselni minden nap. Z\u00e1r\u00e1sa dupla cs\u00faszk\u00e1val ell\u00e1tott cipz\u00e1rral t\u00f6rt\u00e9nik, a kab\u00e1t k\u00e9t zsebbel van ell\u00e1tva, amelyek kapcsokkal z\u00e1r\u00f3dnak. A kab\u00e1t hossza 64 cm. Ez a kab\u00e1t k\u00e9t sz\u00ednben kaphat\u00f3 &#8211; fekete \u00e9s ol\u00edvaz\u00f6ld sz\u00ednben.     <\/p>\n","protected":false},"excerpt":{"rendered":"<p>A merin\u00f3 ny\u00edrb\u0151r dzseki kiv\u00e1l\u00f3 v\u00e9delmet ny\u00fajt a hideg ellen a magas gall\u00e9rnak, valamint az alj\u00e1n \u00e9s a mandzsett\u00e1kn\u00e1l l\u00e9v\u0151 elasztikus anyagnak k\u00f6sz\u00f6nhet\u0151en. Ez a b\u00e1r\u00e1nyb\u0151r kab\u00e1t nem hi\u00e1nyozhat a ruhat\u00e1r\u00e1b\u00f3l a hideg \u00e9vszakban. K\u00e9nyelmes, meleg \u00e9s tart\u00f3s, a merin\u00f3 b\u00e1r\u00e1nybunda kab\u00e1t t\u00f6k\u00e9letes v\u00e1laszt\u00e1s, mivel k\u00f6nnyen \u00f6sszeilleszthet\u0151, \u00e9s csak j\u00f3 viselni minden nap. Z\u00e1r\u00e1sa dupla [&hellip;]<\/p>\n","protected":false},"featured_media":92839,"comment_status":"closed","ping_status":"closed","template":"","meta":{"_acf_changed":false,"om_disable_all_campaigns":false,"inline_featured_image":false,"_monsterinsights_skip_tracking":false,"_monsterinsights_sitenote_active":false,"_monsterinsights_sitenote_note":"","_monsterinsights_sitenote_category":0},"product_brand":[],"product_cat":[848,780,952,725,772],"product_tag":[],"class_list":{"0":"post-92838","1":"product","2":"type-product","3":"status-publish","4":"has-post-thumbnail","6":"product_cat-2021-2022-es-kollekcio","7":"product_cat-baranybor-kabatok-hu-2","8":"product_cat-ferfi-es-noi-pehelypaplan-dzsekik-a-luxus-es-a-melegseg-vegso-kevereke","9":"product_cat-ferfiak","10":"product_cat-shearling-kabatok-ferfiaknak","12":"first","13":"instock","14":"taxable","15":"shipping-taxable","16":"purchasable","17":"product-type-variable","18":"has-default-attributes","19":"wvs-archive-product-wrapper"},"acf":{"categorie_feed":""},"aioseo_notices":[],"_links":{"self":[{"href":"https:\/\/aavesa.com\/hu\/wp-json\/wp\/v2\/product\/92838","targetHints":{"allow":["GET"]}}],"collection":[{"href":"https:\/\/aavesa.com\/hu\/wp-json\/wp\/v2\/product"}],"about":[{"href":"https:\/\/aavesa.com\/hu\/wp-json\/wp\/v2\/types\/product"}],"replies":[{"embeddable":true,"href":"https:\/\/aavesa.com\/hu\/wp-json\/wp\/v2\/comments?post=92838"}],"wp:featuredmedia":[{"embeddable":true,"href":"https:\/\/aavesa.com\/hu\/wp-json\/wp\/v2\/media\/92839"}],"wp:attachment":[{"href":"https:\/\/aavesa.com\/hu\/wp-json\/wp\/v2\/media?parent=92838"}],"wp:term":[{"taxonomy":"product_brand","embeddable":true,"href":"https:\/\/aavesa.com\/hu\/wp-json\/wp\/v2\/product_brand?post=92838"},{"taxonomy":"product_cat","embeddable":true,"href":"https:\/\/aavesa.com\/hu\/wp-json\/wp\/v2\/product_cat?post=92838"},{"taxonomy":"product_tag","embeddable":true,"href":"https:\/\/aavesa.com\/hu\/wp-json\/wp\/v2\/product_tag?post=92838"}],"curies":[{"name":"wp","href":"https:\/\/api.w.org\/{rel}","templated":true}]}}