

{"id":92857,"date":"2024-07-26T16:29:56","date_gmt":"2024-07-26T16:29:56","guid":{"rendered":"https:\/\/new.aavesa.com\/produs\/birkabunda-368\/"},"modified":"2026-04-10T15:08:38","modified_gmt":"2026-04-10T17:08:38","slug":"birkabunda-368","status":"publish","type":"product","link":"https:\/\/aavesa.com\/hu\/product\/birkabunda-368\/","title":{"rendered":"Birkabunda 368"},"content":{"rendered":"<p>K\u00e9nyelmes \u00e9s meleg kab\u00e1t, t\u00f6k\u00e9letes a hideg \u00e9vszakban. Ez nem hi\u00e1nyozhat egyetlen f\u00e9rfi ruhat\u00e1r\u00e1b\u00f3l sem. A shearling kab\u00e1t merin\u00f3b\u00e1r\u00e1ny sz\u0151rm\u00e9b\u0151l k\u00e9sz\u00fclt, \u00e9s kiv\u00e1l\u00f3 min\u0151s\u00e9g\u0171. K\u00fcl\u00f6n\u00f6sen sokoldal\u00fa, ez a sz\u0151rmekab\u00e1t viselhet\u0151 h\u00e9tk\u00f6znapi \u00f6lt\u00f6z\u00e9kben, de eleg\u00e1nsabb is, mivel olyan ruhadarab, amelyet sok\u00e1ig \u00e9lvezni fog. A z\u00e1r\u00e1s dupla cs\u00faszk\u00e1val ell\u00e1tott cipz\u00e1rral t\u00f6rt\u00e9nik, a kab\u00e1t k\u00e9t el\u00fcls\u0151 zsebbel van ell\u00e1tva. A kab\u00e1t hossza 68 cm, \u00e9s fekete \u00e9s barna \u00e1rnyalatokban kaphat\u00f3.     <\/p>\n","protected":false},"excerpt":{"rendered":"<p>K\u00e9nyelmes \u00e9s meleg kab\u00e1t, t\u00f6k\u00e9letes a hideg \u00e9vszakban. Ez nem hi\u00e1nyozhat egyetlen f\u00e9rfi ruhat\u00e1r\u00e1b\u00f3l sem. A shearling kab\u00e1t merin\u00f3b\u00e1r\u00e1ny sz\u0151rm\u00e9b\u0151l k\u00e9sz\u00fclt, \u00e9s kiv\u00e1l\u00f3 min\u0151s\u00e9g\u0171. K\u00fcl\u00f6n\u00f6sen sokoldal\u00fa, ez a sz\u0151rmekab\u00e1t viselhet\u0151 h\u00e9tk\u00f6znapi \u00f6lt\u00f6z\u00e9kben, de eleg\u00e1nsabb is, mivel olyan ruhadarab, amelyet sok\u00e1ig \u00e9lvezni fog. A z\u00e1r\u00e1s dupla cs\u00faszk\u00e1val ell\u00e1tott cipz\u00e1rral t\u00f6rt\u00e9nik, a kab\u00e1t k\u00e9t el\u00fcls\u0151 zsebbel van [&hellip;]<\/p>\n","protected":false},"featured_media":92858,"comment_status":"closed","ping_status":"closed","template":"","meta":{"_acf_changed":false,"om_disable_all_campaigns":false,"inline_featured_image":false,"_monsterinsights_skip_tracking":false,"_monsterinsights_sitenote_active":false,"_monsterinsights_sitenote_note":"","_monsterinsights_sitenote_category":0},"product_brand":[],"product_cat":[848,780,952,725,772],"product_tag":[],"class_list":{"0":"post-92857","1":"product","2":"type-product","3":"status-publish","4":"has-post-thumbnail","6":"product_cat-2021-2022-es-kollekcio","7":"product_cat-baranybor-kabatok-hu-2","8":"product_cat-ferfi-es-noi-pehelypaplan-dzsekik-a-luxus-es-a-melegseg-vegso-kevereke","9":"product_cat-ferfiak","10":"product_cat-shearling-kabatok-ferfiaknak","12":"first","13":"instock","14":"taxable","15":"shipping-taxable","16":"purchasable","17":"product-type-variable","18":"has-default-attributes","19":"wvs-archive-product-wrapper"},"acf":{"categorie_feed":""},"aioseo_notices":[],"_links":{"self":[{"href":"https:\/\/aavesa.com\/hu\/wp-json\/wp\/v2\/product\/92857","targetHints":{"allow":["GET"]}}],"collection":[{"href":"https:\/\/aavesa.com\/hu\/wp-json\/wp\/v2\/product"}],"about":[{"href":"https:\/\/aavesa.com\/hu\/wp-json\/wp\/v2\/types\/product"}],"replies":[{"embeddable":true,"href":"https:\/\/aavesa.com\/hu\/wp-json\/wp\/v2\/comments?post=92857"}],"wp:featuredmedia":[{"embeddable":true,"href":"https:\/\/aavesa.com\/hu\/wp-json\/wp\/v2\/media\/92858"}],"wp:attachment":[{"href":"https:\/\/aavesa.com\/hu\/wp-json\/wp\/v2\/media?parent=92857"}],"wp:term":[{"taxonomy":"product_brand","embeddable":true,"href":"https:\/\/aavesa.com\/hu\/wp-json\/wp\/v2\/product_brand?post=92857"},{"taxonomy":"product_cat","embeddable":true,"href":"https:\/\/aavesa.com\/hu\/wp-json\/wp\/v2\/product_cat?post=92857"},{"taxonomy":"product_tag","embeddable":true,"href":"https:\/\/aavesa.com\/hu\/wp-json\/wp\/v2\/product_tag?post=92857"}],"curies":[{"name":"wp","href":"https:\/\/api.w.org\/{rel}","templated":true}]}}