

{"id":92888,"date":"2024-07-26T16:28:28","date_gmt":"2024-07-26T16:28:28","guid":{"rendered":"https:\/\/new.aavesa.com\/produs\/hosszu-megfordithato-nyirokabat-2022\/"},"modified":"2026-04-13T09:17:32","modified_gmt":"2026-04-13T11:17:32","slug":"hosszu-megfordithato-nyirokabat-2022","status":"publish","type":"product","link":"https:\/\/aavesa.com\/hu\/product\/hosszu-megfordithato-nyirokabat-2022\/","title":{"rendered":"Hossz\u00fa, megford\u00edthat\u00f3 ny\u00edr\u00f3kab\u00e1t 2022"},"content":{"rendered":"<p><a href=\"https:\/\/aavesa.com\/hu\/nok\/noi-shearling-kabatok\/\">A hossz\u00fa, megford\u00edthat\u00f3 shearling kab\u00e1t<\/a> t\u00f6k\u00e9letes kab\u00e1t az \u0151szi \u00e9s t\u00e9li hidegebb napok sikeres megv\u00edv\u00e1s\u00e1hoz. Ez a term\u00e9szetes b\u00e1r\u00e1nyb\u0151r kab\u00e1t egy nagyon sokoldal\u00fa ruhadarab, amely lehet\u0151s\u00e9get ad arra, hogy k\u00e9tf\u00e9lek\u00e9ppen viselje, \u00edgy a lehet\u0151 legt\u00f6bb kedvenc ruh\u00e1j\u00e1hoz illesztheti. A b\u00e1r\u00e1nyb\u0151r sz\u0151rme meleg \u00e9s puha, a megjelen\u00e9se pedig kiemelked\u0151. A kab\u00e1t kapucnival rendelkezik, \u00e9s k\u00f6nnyen z\u00e1r\u00f3dik, a nyom\u00f3gombok \u00e9s a zsin\u00f3r seg\u00edts\u00e9g\u00e9vel. K\u00e9t nagy zsebbel rendelkezik mindk\u00e9t oldal\u00e1n, \u00e9s kr\u00e9m \u00e9s fekete \u00e1rnyalatokban kaphat\u00f3.   <\/p>\n","protected":false},"excerpt":{"rendered":"<p>A hossz\u00fa, megford\u00edthat\u00f3 shearling kab\u00e1t t\u00f6k\u00e9letes kab\u00e1t az \u0151szi \u00e9s t\u00e9li hidegebb napok sikeres megv\u00edv\u00e1s\u00e1hoz. Ez a term\u00e9szetes b\u00e1r\u00e1nyb\u0151r kab\u00e1t egy nagyon sokoldal\u00fa ruhadarab, amely lehet\u0151s\u00e9get ad arra, hogy k\u00e9tf\u00e9lek\u00e9ppen viselje, \u00edgy a lehet\u0151 legt\u00f6bb kedvenc ruh\u00e1j\u00e1hoz illesztheti. A b\u00e1r\u00e1nyb\u0151r sz\u0151rme meleg \u00e9s puha, a megjelen\u00e9se pedig kiemelked\u0151. A kab\u00e1t kapucnival rendelkezik, \u00e9s k\u00f6nnyen z\u00e1r\u00f3dik, [&hellip;]<\/p>\n","protected":false},"featured_media":92889,"comment_status":"closed","ping_status":"closed","template":"","meta":{"_acf_changed":false,"om_disable_all_campaigns":false,"inline_featured_image":false,"_monsterinsights_skip_tracking":false,"_monsterinsights_sitenote_active":false,"_monsterinsights_sitenote_note":"","_monsterinsights_sitenote_category":0},"product_brand":[],"product_cat":[851,778,779,741],"product_tag":[],"class_list":{"0":"post-92888","1":"product","2":"type-product","3":"status-publish","4":"has-post-thumbnail","6":"product_cat-2020-2021-kollekcio","7":"product_cat-baranybor-kabatok-hu","8":"product_cat-noi-shearling-kabatok","9":"product_cat-nok","11":"first","12":"instock","13":"taxable","14":"shipping-taxable","15":"purchasable","16":"product-type-variable","17":"has-default-attributes","18":"wvs-archive-product-wrapper"},"acf":{"categorie_feed":""},"aioseo_notices":[],"_links":{"self":[{"href":"https:\/\/aavesa.com\/hu\/wp-json\/wp\/v2\/product\/92888","targetHints":{"allow":["GET"]}}],"collection":[{"href":"https:\/\/aavesa.com\/hu\/wp-json\/wp\/v2\/product"}],"about":[{"href":"https:\/\/aavesa.com\/hu\/wp-json\/wp\/v2\/types\/product"}],"replies":[{"embeddable":true,"href":"https:\/\/aavesa.com\/hu\/wp-json\/wp\/v2\/comments?post=92888"}],"wp:featuredmedia":[{"embeddable":true,"href":"https:\/\/aavesa.com\/hu\/wp-json\/wp\/v2\/media\/92889"}],"wp:attachment":[{"href":"https:\/\/aavesa.com\/hu\/wp-json\/wp\/v2\/media?parent=92888"}],"wp:term":[{"taxonomy":"product_brand","embeddable":true,"href":"https:\/\/aavesa.com\/hu\/wp-json\/wp\/v2\/product_brand?post=92888"},{"taxonomy":"product_cat","embeddable":true,"href":"https:\/\/aavesa.com\/hu\/wp-json\/wp\/v2\/product_cat?post=92888"},{"taxonomy":"product_tag","embeddable":true,"href":"https:\/\/aavesa.com\/hu\/wp-json\/wp\/v2\/product_tag?post=92888"}],"curies":[{"name":"wp","href":"https:\/\/api.w.org\/{rel}","templated":true}]}}