

{"id":92904,"date":"2024-07-26T16:28:29","date_gmt":"2024-07-26T16:28:29","guid":{"rendered":"https:\/\/new.aavesa.com\/produs\/shearling-kabat-2023\/"},"modified":"2026-04-13T09:17:13","modified_gmt":"2026-04-13T11:17:13","slug":"shearling-kabat-2023","status":"publish","type":"product","link":"https:\/\/aavesa.com\/hu\/product\/shearling-kabat-2023\/","title":{"rendered":"Shearling kab\u00e1t 2023"},"content":{"rendered":"<p>A n\u0151i t\u00e9li vagy \u0151szi shearling kab\u00e1t az a v\u00e1s\u00e1rl\u00e1s, amelyre sz\u00fcks\u00e9ge van ahhoz, hogy \u00e9lvezni tudja a hideg \u00e9vszakot. A b\u00e1r\u00e1nyb\u0151r sz\u0151rme egy term\u00e9szetes anyag, amelyet hagyom\u00e1nyosan a melegen tart\u00f3 ruh\u00e1k k\u00e9sz\u00edt\u00e9s\u00e9hez haszn\u00e1lnak, k\u00fcl\u00f6n\u00f6sen az\u00e9rt, mert nagyon puha \u00e9s kellemes text\u00far\u00e1j\u00fa. A modell klasszikus \u00e9s eleg\u00e1ns, s\u00e1lgall\u00e9rral ell\u00e1tott. A birkabund\u00e1nak k\u00e9t zsebe van, \u00e9s a z\u00e1r\u00e1sa gombokkal, de zsin\u00f3r seg\u00edts\u00e9g\u00e9vel is t\u00f6rt\u00e9nhet. A rendelkez\u00e9sre \u00e1ll\u00f3 \u00e1rnyalatok a fekete \u00e9s a konyak.    <\/p>\n","protected":false},"excerpt":{"rendered":"<p>A n\u0151i t\u00e9li vagy \u0151szi shearling kab\u00e1t az a v\u00e1s\u00e1rl\u00e1s, amelyre sz\u00fcks\u00e9ge van ahhoz, hogy \u00e9lvezni tudja a hideg \u00e9vszakot. A b\u00e1r\u00e1nyb\u0151r sz\u0151rme egy term\u00e9szetes anyag, amelyet hagyom\u00e1nyosan a melegen tart\u00f3 ruh\u00e1k k\u00e9sz\u00edt\u00e9s\u00e9hez haszn\u00e1lnak, k\u00fcl\u00f6n\u00f6sen az\u00e9rt, mert nagyon puha \u00e9s kellemes text\u00far\u00e1j\u00fa. A modell klasszikus \u00e9s eleg\u00e1ns, s\u00e1lgall\u00e9rral ell\u00e1tott. A birkabund\u00e1nak k\u00e9t zsebe van, \u00e9s [&hellip;]<\/p>\n","protected":false},"featured_media":92905,"comment_status":"closed","ping_status":"closed","template":"","meta":{"_acf_changed":false,"om_disable_all_campaigns":false,"inline_featured_image":false,"_monsterinsights_skip_tracking":false,"_monsterinsights_sitenote_active":false,"_monsterinsights_sitenote_note":"","_monsterinsights_sitenote_category":0},"product_brand":[],"product_cat":[851,778,779,741],"product_tag":[],"class_list":{"0":"post-92904","1":"product","2":"type-product","3":"status-publish","4":"has-post-thumbnail","6":"product_cat-2020-2021-kollekcio","7":"product_cat-baranybor-kabatok-hu","8":"product_cat-noi-shearling-kabatok","9":"product_cat-nok","11":"first","12":"instock","13":"taxable","14":"shipping-taxable","15":"purchasable","16":"product-type-variable","17":"has-default-attributes","18":"wvs-archive-product-wrapper"},"acf":{"categorie_feed":""},"aioseo_notices":[],"_links":{"self":[{"href":"https:\/\/aavesa.com\/hu\/wp-json\/wp\/v2\/product\/92904","targetHints":{"allow":["GET"]}}],"collection":[{"href":"https:\/\/aavesa.com\/hu\/wp-json\/wp\/v2\/product"}],"about":[{"href":"https:\/\/aavesa.com\/hu\/wp-json\/wp\/v2\/types\/product"}],"replies":[{"embeddable":true,"href":"https:\/\/aavesa.com\/hu\/wp-json\/wp\/v2\/comments?post=92904"}],"wp:featuredmedia":[{"embeddable":true,"href":"https:\/\/aavesa.com\/hu\/wp-json\/wp\/v2\/media\/92905"}],"wp:attachment":[{"href":"https:\/\/aavesa.com\/hu\/wp-json\/wp\/v2\/media?parent=92904"}],"wp:term":[{"taxonomy":"product_brand","embeddable":true,"href":"https:\/\/aavesa.com\/hu\/wp-json\/wp\/v2\/product_brand?post=92904"},{"taxonomy":"product_cat","embeddable":true,"href":"https:\/\/aavesa.com\/hu\/wp-json\/wp\/v2\/product_cat?post=92904"},{"taxonomy":"product_tag","embeddable":true,"href":"https:\/\/aavesa.com\/hu\/wp-json\/wp\/v2\/product_tag?post=92904"}],"curies":[{"name":"wp","href":"https:\/\/api.w.org\/{rel}","templated":true}]}}