

{"id":92913,"date":"2024-07-26T16:28:29","date_gmt":"2024-07-26T16:28:29","guid":{"rendered":"https:\/\/new.aavesa.com\/produs\/nyirokabat-mosomedve-vagy-sarki-roka-premmel-2024\/"},"modified":"2026-04-13T09:17:39","modified_gmt":"2026-04-13T11:17:39","slug":"nyirokabat-mosomedve-vagy-sarki-roka-premmel-2024","status":"publish","type":"product","link":"https:\/\/aavesa.com\/hu\/product\/nyirokabat-mosomedve-vagy-sarki-roka-premmel-2024\/","title":{"rendered":"Ny\u00edr\u00f3kab\u00e1t mos\u00f3medve vagy sarki r\u00f3ka pr\u00e9mmel 2024"},"content":{"rendered":"<p>Ez a <a href=\"https:\/\/aavesa.com\/hu\/nok\/noi-shearling-kabatok\/\">mos\u00f3medve- vagy sarki r\u00f3ka sz\u0151rm\u00e9vel k\u00e9sz\u00fclt shearling kab\u00e1t<\/a> olyan ruhadarab, amely kit\u0171nik eleganci\u00e1j\u00e1val \u00e9s az \u00e9rt\u00e9kes term\u00e9szetes anyagok nagyon sikeres kombin\u00e1ci\u00f3j\u00e1val. A kab\u00e1t birkab\u0151rb\u0151l k\u00e9sz\u00fclt, a kab\u00e1t gall\u00e9rja pedig mos\u00f3medve- vagy sarki r\u00f3ka sz\u0151rm\u00e9b\u0151l k\u00e9sz\u00fclt. Ezek a sz\u0151rmefajt\u00e1k nagyon kellemes tapint\u00e1s\u00faak \u00e9s kifinomults\u00e1got sug\u00e1rz\u00f3 megjelen\u00e9s\u0171ek. A juh\u00e1szbunda nagyon meleg, \u00edgy t\u00f6k\u00e9letes v\u00e1laszt\u00e1s m\u00e9g a leghidegebb t\u00e9li napokon is. A kab\u00e1t z\u00e1r\u00e1sa gombok \u00e9s a der\u00e9kn\u00e1l l\u00e9v\u0151 zsin\u00f3r seg\u00edts\u00e9g\u00e9vel t\u00f6rt\u00e9nik, ami egyszerre praktikus \u00e9s eleg\u00e1ns r\u00e9szlet. A kab\u00e1t k\u00e9t t\u00e1gas zsebbel rendelkezik.     <\/p>\n","protected":false},"excerpt":{"rendered":"<p>Ez a mos\u00f3medve- vagy sarki r\u00f3ka sz\u0151rm\u00e9vel k\u00e9sz\u00fclt shearling kab\u00e1t olyan ruhadarab, amely kit\u0171nik eleganci\u00e1j\u00e1val \u00e9s az \u00e9rt\u00e9kes term\u00e9szetes anyagok nagyon sikeres kombin\u00e1ci\u00f3j\u00e1val. A kab\u00e1t birkab\u0151rb\u0151l k\u00e9sz\u00fclt, a kab\u00e1t gall\u00e9rja pedig mos\u00f3medve- vagy sarki r\u00f3ka sz\u0151rm\u00e9b\u0151l k\u00e9sz\u00fclt. Ezek a sz\u0151rmefajt\u00e1k nagyon kellemes tapint\u00e1s\u00faak \u00e9s kifinomults\u00e1got sug\u00e1rz\u00f3 megjelen\u00e9s\u0171ek. A juh\u00e1szbunda nagyon meleg, \u00edgy t\u00f6k\u00e9letes v\u00e1laszt\u00e1s m\u00e9g [&hellip;]<\/p>\n","protected":false},"featured_media":92914,"comment_status":"closed","ping_status":"closed","template":"","meta":{"_acf_changed":false,"om_disable_all_campaigns":false,"inline_featured_image":false,"_monsterinsights_skip_tracking":false,"_monsterinsights_sitenote_active":false,"_monsterinsights_sitenote_note":"","_monsterinsights_sitenote_category":0},"product_brand":[],"product_cat":[851,778,766,779,741,765],"product_tag":[],"class_list":{"0":"post-92913","1":"product","2":"type-product","3":"status-publish","4":"has-post-thumbnail","6":"product_cat-2020-2021-kollekcio","7":"product_cat-baranybor-kabatok-hu","8":"product_cat-bundas-kabatok-es-bundas-dzsekik-noknek","9":"product_cat-noi-shearling-kabatok","10":"product_cat-nok","11":"product_cat-roka-szorme","13":"first","14":"instock","15":"taxable","16":"shipping-taxable","17":"purchasable","18":"product-type-variable","19":"has-default-attributes","20":"wvs-archive-product-wrapper"},"acf":{"categorie_feed":""},"aioseo_notices":[],"_links":{"self":[{"href":"https:\/\/aavesa.com\/hu\/wp-json\/wp\/v2\/product\/92913","targetHints":{"allow":["GET"]}}],"collection":[{"href":"https:\/\/aavesa.com\/hu\/wp-json\/wp\/v2\/product"}],"about":[{"href":"https:\/\/aavesa.com\/hu\/wp-json\/wp\/v2\/types\/product"}],"replies":[{"embeddable":true,"href":"https:\/\/aavesa.com\/hu\/wp-json\/wp\/v2\/comments?post=92913"}],"wp:featuredmedia":[{"embeddable":true,"href":"https:\/\/aavesa.com\/hu\/wp-json\/wp\/v2\/media\/92914"}],"wp:attachment":[{"href":"https:\/\/aavesa.com\/hu\/wp-json\/wp\/v2\/media?parent=92913"}],"wp:term":[{"taxonomy":"product_brand","embeddable":true,"href":"https:\/\/aavesa.com\/hu\/wp-json\/wp\/v2\/product_brand?post=92913"},{"taxonomy":"product_cat","embeddable":true,"href":"https:\/\/aavesa.com\/hu\/wp-json\/wp\/v2\/product_cat?post=92913"},{"taxonomy":"product_tag","embeddable":true,"href":"https:\/\/aavesa.com\/hu\/wp-json\/wp\/v2\/product_tag?post=92913"}],"curies":[{"name":"wp","href":"https:\/\/api.w.org\/{rel}","templated":true}]}}