

{"id":92941,"date":"2024-07-26T16:28:50","date_gmt":"2024-07-26T16:28:50","guid":{"rendered":"https:\/\/new.aavesa.com\/produs\/merino-baranybor-kabat-2026\/"},"modified":"2026-04-10T15:04:20","modified_gmt":"2026-04-10T17:04:20","slug":"merino-baranybor-kabat-2026","status":"publish","type":"product","link":"https:\/\/aavesa.com\/hu\/product\/merino-baranybor-kabat-2026\/","title":{"rendered":"Merin\u00f3 b\u00e1r\u00e1nyb\u0151r kab\u00e1t 2026"},"content":{"rendered":"<p>Ez a n\u0151i b\u00e1r\u00e1nyb\u0151r dzseki az egyik olyan dzseki modell, amely b\u00e1rmilyen st\u00edlushoz illik, laza \u00e9s fiatalos megjelen\u00e9ssel. A b\u00e1r\u00e1nybunda text\u00far\u00e1ja nem zavarja a b\u0151rt, puha, \u00e9s term\u00e9szetes szigetel\u0151 tulajdons\u00e1gainak k\u00f6sz\u00f6nhet\u0151en optim\u00e1lis h\u0151\u00e9rzetet biztos\u00edt. A kab\u00e1t klasszikus szab\u00e1ssal rendelkezik, amely biztosan sok\u00e1ig divatos marad, \u00e9s k\u00f6nnyen \u00f6sszeilleszthet\u0151, az eredm\u00e9ny pedig st\u00edlusos megjelen\u00e9s. Z\u00e1r\u00e1sa cipz\u00e1rral t\u00f6rt\u00e9nik. A kab\u00e1t alj\u00e1n gum\u00edrozott, \u00e9s k\u00e9t k\u00fcls\u0151 zsebbel van ell\u00e1tva.    <\/p>\n","protected":false},"excerpt":{"rendered":"<p>Ez a n\u0151i b\u00e1r\u00e1nyb\u0151r dzseki az egyik olyan dzseki modell, amely b\u00e1rmilyen st\u00edlushoz illik, laza \u00e9s fiatalos megjelen\u00e9ssel. A b\u00e1r\u00e1nybunda text\u00far\u00e1ja nem zavarja a b\u0151rt, puha, \u00e9s term\u00e9szetes szigetel\u0151 tulajdons\u00e1gainak k\u00f6sz\u00f6nhet\u0151en optim\u00e1lis h\u0151\u00e9rzetet biztos\u00edt. A kab\u00e1t klasszikus szab\u00e1ssal rendelkezik, amely biztosan sok\u00e1ig divatos marad, \u00e9s k\u00f6nnyen \u00f6sszeilleszthet\u0151, az eredm\u00e9ny pedig st\u00edlusos megjelen\u00e9s. Z\u00e1r\u00e1sa cipz\u00e1rral t\u00f6rt\u00e9nik. [&hellip;]<\/p>\n","protected":false},"featured_media":92942,"comment_status":"closed","ping_status":"closed","template":"","meta":{"_acf_changed":false,"om_disable_all_campaigns":false,"inline_featured_image":false,"_monsterinsights_skip_tracking":false,"_monsterinsights_sitenote_active":false,"_monsterinsights_sitenote_note":"","_monsterinsights_sitenote_category":0},"product_brand":[],"product_cat":[851,952,773,741],"product_tag":[],"class_list":{"0":"post-92941","1":"product","2":"type-product","3":"status-publish","4":"has-post-thumbnail","6":"product_cat-2020-2021-kollekcio","7":"product_cat-ferfi-es-noi-pehelypaplan-dzsekik-a-luxus-es-a-melegseg-vegso-kevereke","8":"product_cat-noi-shearling-dzsekik","9":"product_cat-nok","11":"first","12":"outofstock","13":"taxable","14":"shipping-taxable","15":"product-type-variable","16":"has-default-attributes","17":"wvs-archive-product-wrapper"},"acf":{"categorie_feed":""},"aioseo_notices":[],"_links":{"self":[{"href":"https:\/\/aavesa.com\/hu\/wp-json\/wp\/v2\/product\/92941","targetHints":{"allow":["GET"]}}],"collection":[{"href":"https:\/\/aavesa.com\/hu\/wp-json\/wp\/v2\/product"}],"about":[{"href":"https:\/\/aavesa.com\/hu\/wp-json\/wp\/v2\/types\/product"}],"replies":[{"embeddable":true,"href":"https:\/\/aavesa.com\/hu\/wp-json\/wp\/v2\/comments?post=92941"}],"wp:featuredmedia":[{"embeddable":true,"href":"https:\/\/aavesa.com\/hu\/wp-json\/wp\/v2\/media\/92942"}],"wp:attachment":[{"href":"https:\/\/aavesa.com\/hu\/wp-json\/wp\/v2\/media?parent=92941"}],"wp:term":[{"taxonomy":"product_brand","embeddable":true,"href":"https:\/\/aavesa.com\/hu\/wp-json\/wp\/v2\/product_brand?post=92941"},{"taxonomy":"product_cat","embeddable":true,"href":"https:\/\/aavesa.com\/hu\/wp-json\/wp\/v2\/product_cat?post=92941"},{"taxonomy":"product_tag","embeddable":true,"href":"https:\/\/aavesa.com\/hu\/wp-json\/wp\/v2\/product_tag?post=92941"}],"curies":[{"name":"wp","href":"https:\/\/api.w.org\/{rel}","templated":true}]}}