

{"id":92952,"date":"2024-07-26T16:28:50","date_gmt":"2024-07-26T16:28:50","guid":{"rendered":"https:\/\/new.aavesa.com\/produs\/baranybor-kabat-mosomedvebundaval-2027\/"},"modified":"2026-04-13T09:17:42","modified_gmt":"2026-04-13T11:17:42","slug":"baranybor-kabat-mosomedvebundaval-2027","status":"publish","type":"product","link":"https:\/\/aavesa.com\/hu\/product\/baranybor-kabat-mosomedvebundaval-2027\/","title":{"rendered":"B\u00e1r\u00e1nyb\u0151r kab\u00e1t mos\u00f3medvebund\u00e1val 2027"},"content":{"rendered":"<p>Ez a <a href=\"https:\/\/aavesa.com\/hu\/nok\/noi-shearling-kabatok\/\">n\u0151i mos\u00f3medvebund\u00e1s b\u00e1r\u00e1nyb\u0151r kab\u00e1t<\/a> egyedi megjelen\u00e9s\u0171 \u00e9s szem\u00e9lyis\u00e9ggel teli, t\u00e9li ruhadarab, amely b\u00e1rmilyen \u00f6lt\u00f6z\u00e9ket igaz\u00e1n l\u00e1tv\u00e1nyoss\u00e1 var\u00e1zsol! Ezt a n\u0151i kab\u00e1tot \u00e9rt\u00e9kes term\u00e9szetes anyagok, p\u00e9ld\u00e1ul b\u00e1r\u00e1nybunda \u00e9s mos\u00f3medvebunda vagy sarki r\u00f3ka sz\u0151rme egyedi kombin\u00e1ci\u00f3j\u00e1b\u00f3l szabt\u00e1k. Ez a sz\u0151rmekombin\u00e1ci\u00f3 nagyon k\u00fcl\u00f6nleges hat\u00e1st kelt, a kab\u00e1t olyan darab, amely minden visel\u00e9skor biztosan kiemelkedik.   A kab\u00e1t k\u00e9t zsebes, a z\u00e1r\u00e1sa egyszer\u0171, pattinthat\u00f3 gombok \u00e9s h\u00faz\u00f3zsin\u00f3r seg\u00edts\u00e9g\u00e9vel nagyon eleg\u00e1nsan hangs\u00falyozza visel\u0151je derek\u00e1t.<\/p>\n","protected":false},"excerpt":{"rendered":"<p>Ez a n\u0151i mos\u00f3medvebund\u00e1s b\u00e1r\u00e1nyb\u0151r kab\u00e1t egyedi megjelen\u00e9s\u0171 \u00e9s szem\u00e9lyis\u00e9ggel teli, t\u00e9li ruhadarab, amely b\u00e1rmilyen \u00f6lt\u00f6z\u00e9ket igaz\u00e1n l\u00e1tv\u00e1nyoss\u00e1 var\u00e1zsol! Ezt a n\u0151i kab\u00e1tot \u00e9rt\u00e9kes term\u00e9szetes anyagok, p\u00e9ld\u00e1ul b\u00e1r\u00e1nybunda \u00e9s mos\u00f3medvebunda vagy sarki r\u00f3ka sz\u0151rme egyedi kombin\u00e1ci\u00f3j\u00e1b\u00f3l szabt\u00e1k. Ez a sz\u0151rmekombin\u00e1ci\u00f3 nagyon k\u00fcl\u00f6nleges hat\u00e1st kelt, a kab\u00e1t olyan darab, amely minden visel\u00e9skor biztosan kiemelkedik. A kab\u00e1t [&hellip;]<\/p>\n","protected":false},"featured_media":92953,"comment_status":"closed","ping_status":"closed","template":"","meta":{"_acf_changed":false,"om_disable_all_campaigns":false,"inline_featured_image":false,"_monsterinsights_skip_tracking":false,"_monsterinsights_sitenote_active":false,"_monsterinsights_sitenote_note":"","_monsterinsights_sitenote_category":0},"product_brand":[],"product_cat":[851,778,766,779,741],"product_tag":[],"class_list":{"0":"post-92952","1":"product","2":"type-product","3":"status-publish","4":"has-post-thumbnail","6":"product_cat-2020-2021-kollekcio","7":"product_cat-baranybor-kabatok-hu","8":"product_cat-bundas-kabatok-es-bundas-dzsekik-noknek","9":"product_cat-noi-shearling-kabatok","10":"product_cat-nok","12":"first","13":"instock","14":"taxable","15":"shipping-taxable","16":"purchasable","17":"product-type-variable","18":"has-default-attributes","19":"wvs-archive-product-wrapper"},"acf":{"categorie_feed":""},"aioseo_notices":[],"_links":{"self":[{"href":"https:\/\/aavesa.com\/hu\/wp-json\/wp\/v2\/product\/92952","targetHints":{"allow":["GET"]}}],"collection":[{"href":"https:\/\/aavesa.com\/hu\/wp-json\/wp\/v2\/product"}],"about":[{"href":"https:\/\/aavesa.com\/hu\/wp-json\/wp\/v2\/types\/product"}],"replies":[{"embeddable":true,"href":"https:\/\/aavesa.com\/hu\/wp-json\/wp\/v2\/comments?post=92952"}],"wp:featuredmedia":[{"embeddable":true,"href":"https:\/\/aavesa.com\/hu\/wp-json\/wp\/v2\/media\/92953"}],"wp:attachment":[{"href":"https:\/\/aavesa.com\/hu\/wp-json\/wp\/v2\/media?parent=92952"}],"wp:term":[{"taxonomy":"product_brand","embeddable":true,"href":"https:\/\/aavesa.com\/hu\/wp-json\/wp\/v2\/product_brand?post=92952"},{"taxonomy":"product_cat","embeddable":true,"href":"https:\/\/aavesa.com\/hu\/wp-json\/wp\/v2\/product_cat?post=92952"},{"taxonomy":"product_tag","embeddable":true,"href":"https:\/\/aavesa.com\/hu\/wp-json\/wp\/v2\/product_tag?post=92952"}],"curies":[{"name":"wp","href":"https:\/\/api.w.org\/{rel}","templated":true}]}}