

{"id":92960,"date":"2024-07-26T16:28:51","date_gmt":"2024-07-26T16:28:51","guid":{"rendered":"https:\/\/new.aavesa.com\/produs\/noi-nercbundas-dzseki-2028\/"},"modified":"2025-11-17T06:28:34","modified_gmt":"2025-11-17T06:28:34","slug":"noi-nercbundas-dzseki-2028","status":"publish","type":"product","link":"https:\/\/aavesa.com\/hu\/product\/noi-nercbundas-dzseki-2028\/","title":{"rendered":"N\u0151i nercbund\u00e1s dzseki 2028"},"content":{"rendered":"<p>A n\u0151i nercbunda egy modern \u00e9s k\u00e9nyelmes darab, amely h\u00e1rom gy\u00f6ny\u00f6r\u0171 sz\u00ednben kaphat\u00f3: k\u00e9k, sz\u00fcrke \u00e9s fekete. Puha \u00e9s kellemes text\u00far\u00e1j\u00e1val ez a kiv\u00e9teles ruhadarab kort\u00e1rs eleganci\u00e1j\u00e1val t\u0171nik ki. Minden r\u00e9szlet\u00e9t gondosan megtervezt\u00e9k, hogy luxus viseletet biztos\u00edtson, garant\u00e1lva a k\u00e9nyelmet eg\u00e9sz nap.  <\/p>\n","protected":false},"excerpt":{"rendered":"<p>A n\u0151i nercbunda egy modern \u00e9s k\u00e9nyelmes darab, amely h\u00e1rom gy\u00f6ny\u00f6r\u0171 sz\u00ednben kaphat\u00f3: k\u00e9k, sz\u00fcrke \u00e9s fekete. Puha \u00e9s kellemes text\u00far\u00e1j\u00e1val ez a kiv\u00e9teles ruhadarab kort\u00e1rs eleganci\u00e1j\u00e1val t\u0171nik ki. Minden r\u00e9szlet\u00e9t gondosan megtervezt\u00e9k, hogy luxus viseletet biztos\u00edtson, garant\u00e1lva a k\u00e9nyelmet eg\u00e9sz nap.<\/p>\n","protected":false},"featured_media":92961,"comment_status":"closed","ping_status":"closed","template":"","meta":{"_acf_changed":false,"om_disable_all_campaigns":false,"inline_featured_image":false,"_monsterinsights_skip_tracking":false,"_monsterinsights_sitenote_active":false,"_monsterinsights_sitenote_note":"","_monsterinsights_sitenote_category":0},"product_brand":[],"product_cat":[851,766,769,741,770],"product_tag":[],"class_list":{"0":"post-92960","1":"product","2":"type-product","3":"status-publish","4":"has-post-thumbnail","6":"product_cat-2020-2021-kollekcio","7":"product_cat-bundas-kabatok-es-bundas-dzsekik-noknek","8":"product_cat-nerc-szorme","9":"product_cat-nok","10":"product_cat-vidra-bundak-vidra-zsekik","12":"first","13":"instock","14":"taxable","15":"shipping-taxable","16":"purchasable","17":"product-type-variable","18":"has-default-attributes","19":"wvs-archive-product-wrapper"},"acf":{"categorie_feed":""},"aioseo_notices":[],"_links":{"self":[{"href":"https:\/\/aavesa.com\/hu\/wp-json\/wp\/v2\/product\/92960","targetHints":{"allow":["GET"]}}],"collection":[{"href":"https:\/\/aavesa.com\/hu\/wp-json\/wp\/v2\/product"}],"about":[{"href":"https:\/\/aavesa.com\/hu\/wp-json\/wp\/v2\/types\/product"}],"replies":[{"embeddable":true,"href":"https:\/\/aavesa.com\/hu\/wp-json\/wp\/v2\/comments?post=92960"}],"wp:featuredmedia":[{"embeddable":true,"href":"https:\/\/aavesa.com\/hu\/wp-json\/wp\/v2\/media\/92961"}],"wp:attachment":[{"href":"https:\/\/aavesa.com\/hu\/wp-json\/wp\/v2\/media?parent=92960"}],"wp:term":[{"taxonomy":"product_brand","embeddable":true,"href":"https:\/\/aavesa.com\/hu\/wp-json\/wp\/v2\/product_brand?post=92960"},{"taxonomy":"product_cat","embeddable":true,"href":"https:\/\/aavesa.com\/hu\/wp-json\/wp\/v2\/product_cat?post=92960"},{"taxonomy":"product_tag","embeddable":true,"href":"https:\/\/aavesa.com\/hu\/wp-json\/wp\/v2\/product_tag?post=92960"}],"curies":[{"name":"wp","href":"https:\/\/api.w.org\/{rel}","templated":true}]}}