

{"id":92973,"date":"2024-07-26T16:28:51","date_gmt":"2024-07-26T16:28:51","guid":{"rendered":"https:\/\/new.aavesa.com\/produs\/mink-bunda-2029\/"},"modified":"2025-11-17T06:28:33","modified_gmt":"2025-11-17T06:28:33","slug":"mink-bunda-2029","status":"publish","type":"product","link":"https:\/\/aavesa.com\/hu\/product\/mink-bunda-2029\/","title":{"rendered":"Mink bunda 2029"},"content":{"rendered":"<p>A nercbunda j\u00f3l ismert exkluz\u00edv megjelen\u00e9s\u00e9r\u0151l, amelyet a kifinomults\u00e1g \u00e9s az elegancia jellemez. Ez a <a href=\"https:\/\/aavesa.com\/hu\/nok\/vidra-bundak-vidra-zsekik\/\">nercbunda<\/a> k\u00fcl\u00f6n\u00f6sen n\u0151ies \u00e9s st\u00edlusos, \u00edgy lehetetlen \u00e9szrev\u00e9tlen\u00fcl maradni.  A kab\u00e1t term\u00e9szetes nerc sz\u0151rm\u00e9b\u0151l k\u00e9sz\u00fclt, egy nagyon finom text\u00far\u00e1j\u00fa meleg sz\u0151rzet, amely minden viseletn\u00e9l elk\u00e9nyezteti majd. A puha \u00e9s eleg\u00e1ns kapucni megv\u00e9d a sz\u00e9lt\u0151l \u00e9s a h\u00f3t\u00f3l. Ez a kab\u00e1t cipz\u00e1rral z\u00e1r\u00f3dik. A k\u00e9t meleg zseb megv\u00e9di a kez\u00e9t, \u00e9s m\u00e9g nagyobb k\u00e9nyelmet biztos\u00edt.  <\/p>\n","protected":false},"excerpt":{"rendered":"<p>A nercbunda j\u00f3l ismert exkluz\u00edv megjelen\u00e9s\u00e9r\u0151l, amelyet a kifinomults\u00e1g \u00e9s az elegancia jellemez. Ez a nercbunda k\u00fcl\u00f6n\u00f6sen n\u0151ies \u00e9s st\u00edlusos, \u00edgy lehetetlen \u00e9szrev\u00e9tlen\u00fcl maradni. A kab\u00e1t term\u00e9szetes nerc sz\u0151rm\u00e9b\u0151l k\u00e9sz\u00fclt, egy nagyon finom text\u00far\u00e1j\u00fa meleg sz\u0151rzet, amely minden viseletn\u00e9l elk\u00e9nyezteti majd. A puha \u00e9s eleg\u00e1ns kapucni megv\u00e9d a sz\u00e9lt\u0151l \u00e9s a h\u00f3t\u00f3l. Ez a kab\u00e1t [&hellip;]<\/p>\n","protected":false},"featured_media":92974,"comment_status":"closed","ping_status":"closed","template":"","meta":{"_acf_changed":false,"om_disable_all_campaigns":false,"inline_featured_image":false,"_monsterinsights_skip_tracking":false,"_monsterinsights_sitenote_active":false,"_monsterinsights_sitenote_note":"","_monsterinsights_sitenote_category":0},"product_brand":[],"product_cat":[851,766,769,741,770],"product_tag":[],"class_list":{"0":"post-92973","1":"product","2":"type-product","3":"status-publish","4":"has-post-thumbnail","6":"product_cat-2020-2021-kollekcio","7":"product_cat-bundas-kabatok-es-bundas-dzsekik-noknek","8":"product_cat-nerc-szorme","9":"product_cat-nok","10":"product_cat-vidra-bundak-vidra-zsekik","12":"first","13":"instock","14":"taxable","15":"shipping-taxable","16":"purchasable","17":"product-type-variable","18":"has-default-attributes","19":"wvs-archive-product-wrapper"},"acf":{"categorie_feed":""},"aioseo_notices":[],"_links":{"self":[{"href":"https:\/\/aavesa.com\/hu\/wp-json\/wp\/v2\/product\/92973","targetHints":{"allow":["GET"]}}],"collection":[{"href":"https:\/\/aavesa.com\/hu\/wp-json\/wp\/v2\/product"}],"about":[{"href":"https:\/\/aavesa.com\/hu\/wp-json\/wp\/v2\/types\/product"}],"replies":[{"embeddable":true,"href":"https:\/\/aavesa.com\/hu\/wp-json\/wp\/v2\/comments?post=92973"}],"wp:featuredmedia":[{"embeddable":true,"href":"https:\/\/aavesa.com\/hu\/wp-json\/wp\/v2\/media\/92974"}],"wp:attachment":[{"href":"https:\/\/aavesa.com\/hu\/wp-json\/wp\/v2\/media?parent=92973"}],"wp:term":[{"taxonomy":"product_brand","embeddable":true,"href":"https:\/\/aavesa.com\/hu\/wp-json\/wp\/v2\/product_brand?post=92973"},{"taxonomy":"product_cat","embeddable":true,"href":"https:\/\/aavesa.com\/hu\/wp-json\/wp\/v2\/product_cat?post=92973"},{"taxonomy":"product_tag","embeddable":true,"href":"https:\/\/aavesa.com\/hu\/wp-json\/wp\/v2\/product_tag?post=92973"}],"curies":[{"name":"wp","href":"https:\/\/api.w.org\/{rel}","templated":true}]}}