

{"id":92986,"date":"2024-07-26T16:28:51","date_gmt":"2024-07-26T16:28:51","guid":{"rendered":"https:\/\/new.aavesa.com\/produs\/termeszetes-nyirokabat-365\/"},"modified":"2026-04-10T15:08:32","modified_gmt":"2026-04-10T17:08:32","slug":"termeszetes-nyirokabat-365","status":"publish","type":"product","link":"https:\/\/aavesa.com\/hu\/product\/termeszetes-nyirokabat-365\/","title":{"rendered":"Term\u00e9szetes ny\u00edr\u00f3kab\u00e1t 365"},"content":{"rendered":"<p>A f\u00e9rfi shearling kab\u00e1tnak tart\u00f3snak \u00e9s melegnek kell lennie, \u00e9s mozg\u00e1sszabads\u00e1got kell biztos\u00edtania visel\u0151j\u00e9nek. Ez a term\u00e9szetes b\u00e1r\u00e1nyb\u0151r dzseki megfelel mindezen felt\u00e9teleknek, hiszen egy klasszikus modell, amelyb\u0151l soha nem fog hi\u00e1nyt szenvedni. A dzseki alkalmi megjelen\u00e9s\u0171, de ugyanakkor eleg\u00e1ns is, k\u00f6sz\u00f6nhet\u0151en a dupla gall\u00e9rnak, valamint az anyagok \u00e9s \u00e1rnyalatok kombin\u00e1ci\u00f3inak, mint p\u00e9ld\u00e1ul: barna feh\u00e9r vagy fekete sz\u0151rm\u00e9vel \u00e9s barna barna barna sz\u0151rm\u00e9vel. A kab\u00e1t k\u00e9t meleg zsebbel \u00e9s egy bels\u0151 zsebbel rendelkezik, \u00e9s cipz\u00e1rral z\u00e1r\u00f3dik. A kab\u00e1t alja gumival van ell\u00e1tva, hogy a lehet\u0151 legjobban szigeteljen a fagy ellen.    <\/p>\n","protected":false},"excerpt":{"rendered":"<p>A f\u00e9rfi shearling kab\u00e1tnak tart\u00f3snak \u00e9s melegnek kell lennie, \u00e9s mozg\u00e1sszabads\u00e1got kell biztos\u00edtania visel\u0151j\u00e9nek. Ez a term\u00e9szetes b\u00e1r\u00e1nyb\u0151r dzseki megfelel mindezen felt\u00e9teleknek, hiszen egy klasszikus modell, amelyb\u0151l soha nem fog hi\u00e1nyt szenvedni. A dzseki alkalmi megjelen\u00e9s\u0171, de ugyanakkor eleg\u00e1ns is, k\u00f6sz\u00f6nhet\u0151en a dupla gall\u00e9rnak, valamint az anyagok \u00e9s \u00e1rnyalatok kombin\u00e1ci\u00f3inak, mint p\u00e9ld\u00e1ul: barna feh\u00e9r vagy [&hellip;]<\/p>\n","protected":false},"featured_media":92987,"comment_status":"closed","ping_status":"closed","template":"","meta":{"_acf_changed":false,"om_disable_all_campaigns":false,"inline_featured_image":false,"_monsterinsights_skip_tracking":false,"_monsterinsights_sitenote_active":false,"_monsterinsights_sitenote_note":"","_monsterinsights_sitenote_category":0},"product_brand":[],"product_cat":[851,780,952,725,772],"product_tag":[],"class_list":{"0":"post-92986","1":"product","2":"type-product","3":"status-publish","4":"has-post-thumbnail","6":"product_cat-2020-2021-kollekcio","7":"product_cat-baranybor-kabatok-hu-2","8":"product_cat-ferfi-es-noi-pehelypaplan-dzsekik-a-luxus-es-a-melegseg-vegso-kevereke","9":"product_cat-ferfiak","10":"product_cat-shearling-kabatok-ferfiaknak","12":"first","13":"instock","14":"taxable","15":"shipping-taxable","16":"purchasable","17":"product-type-variable","18":"has-default-attributes","19":"wvs-archive-product-wrapper"},"acf":{"categorie_feed":""},"aioseo_notices":[],"_links":{"self":[{"href":"https:\/\/aavesa.com\/hu\/wp-json\/wp\/v2\/product\/92986","targetHints":{"allow":["GET"]}}],"collection":[{"href":"https:\/\/aavesa.com\/hu\/wp-json\/wp\/v2\/product"}],"about":[{"href":"https:\/\/aavesa.com\/hu\/wp-json\/wp\/v2\/types\/product"}],"replies":[{"embeddable":true,"href":"https:\/\/aavesa.com\/hu\/wp-json\/wp\/v2\/comments?post=92986"}],"wp:featuredmedia":[{"embeddable":true,"href":"https:\/\/aavesa.com\/hu\/wp-json\/wp\/v2\/media\/92987"}],"wp:attachment":[{"href":"https:\/\/aavesa.com\/hu\/wp-json\/wp\/v2\/media?parent=92986"}],"wp:term":[{"taxonomy":"product_brand","embeddable":true,"href":"https:\/\/aavesa.com\/hu\/wp-json\/wp\/v2\/product_brand?post=92986"},{"taxonomy":"product_cat","embeddable":true,"href":"https:\/\/aavesa.com\/hu\/wp-json\/wp\/v2\/product_cat?post=92986"},{"taxonomy":"product_tag","embeddable":true,"href":"https:\/\/aavesa.com\/hu\/wp-json\/wp\/v2\/product_tag?post=92986"}],"curies":[{"name":"wp","href":"https:\/\/api.w.org\/{rel}","templated":true}]}}