

{"id":93001,"date":"2024-07-26T16:29:13","date_gmt":"2024-07-26T16:29:13","guid":{"rendered":"https:\/\/new.aavesa.com\/produs\/hosszu-nyirokabat-366\/"},"modified":"2025-11-17T06:28:34","modified_gmt":"2025-11-17T06:28:34","slug":"hosszu-nyirokabat-366","status":"publish","type":"product","link":"https:\/\/aavesa.com\/hu\/product\/hosszu-nyirokabat-366\/","title":{"rendered":"Hossz\u00fa ny\u00edr\u00f3kab\u00e1t 366"},"content":{"rendered":"<p>A term\u00e9szetes ny\u00edrbund\u00e1b\u00f3l k\u00e9sz\u00fclt f\u00e9rfi kab\u00e1t t\u00f6k\u00e9letes v\u00e1laszt\u00e1s, hogy felk\u00e9sz\u00fclten n\u00e9zzen szembe a fagyos napokkal, mik\u00f6zben kifog\u00e1stalan megjelen\u00e9st biztos\u00edt. Ez a f\u00e9rfi term\u00e9szetes b\u00e1r\u00e1nyb\u0151r kab\u00e1t f\u00e9rfias \u00e9s eleg\u00e1ns kialak\u00edt\u00e1s\u00fa, a kab\u00e1t v\u00e1ll\u00e1n alkalmazott v\u00e1llp\u00e1ntok klasszikus \u00e9s k\u00fcl\u00f6nleges megjelen\u00e9st k\u00f6lcs\u00f6n\u00f6znek neki. Az orosz modellek \u00e1ltal inspir\u00e1lt gall\u00e9r m\u00e9g k\u00fcl\u00f6nlegesebb\u00e9 teszi a kab\u00e1tot. A kab\u00e1t kiz\u00e1r\u00f3lag term\u00e9szetes merin\u00f3b\u00e1r\u00e1ny sz\u0151rm\u00e9b\u0151l k\u00e9sz\u00fclt, amely meleg \u00e9s ig\u00e9nytelen sz\u0151rme, \u00e9s id\u0151vel nagyon tart\u00f3s. A ny\u00edrbund\u00e1s kab\u00e1t k\u00edv\u00fcl k\u00e9t zsebbel, bel\u00fcl pedig egy zsebbel rendelkezik, \u00e9s gombok seg\u00edts\u00e9g\u00e9vel k\u00f6nnyen z\u00e1r\u00f3dik.    <\/p>\n","protected":false},"excerpt":{"rendered":"<p>A term\u00e9szetes ny\u00edrbund\u00e1b\u00f3l k\u00e9sz\u00fclt f\u00e9rfi kab\u00e1t t\u00f6k\u00e9letes v\u00e1laszt\u00e1s, hogy felk\u00e9sz\u00fclten n\u00e9zzen szembe a fagyos napokkal, mik\u00f6zben kifog\u00e1stalan megjelen\u00e9st biztos\u00edt. Ez a f\u00e9rfi term\u00e9szetes b\u00e1r\u00e1nyb\u0151r kab\u00e1t f\u00e9rfias \u00e9s eleg\u00e1ns kialak\u00edt\u00e1s\u00fa, a kab\u00e1t v\u00e1ll\u00e1n alkalmazott v\u00e1llp\u00e1ntok klasszikus \u00e9s k\u00fcl\u00f6nleges megjelen\u00e9st k\u00f6lcs\u00f6n\u00f6znek neki. Az orosz modellek \u00e1ltal inspir\u00e1lt gall\u00e9r m\u00e9g k\u00fcl\u00f6nlegesebb\u00e9 teszi a kab\u00e1tot. A kab\u00e1t kiz\u00e1r\u00f3lag term\u00e9szetes [&hellip;]<\/p>\n","protected":false},"featured_media":93002,"comment_status":"closed","ping_status":"closed","template":"","meta":{"_acf_changed":false,"om_disable_all_campaigns":false,"inline_featured_image":false,"_monsterinsights_skip_tracking":false,"_monsterinsights_sitenote_active":false,"_monsterinsights_sitenote_note":"","_monsterinsights_sitenote_category":0},"product_brand":[],"product_cat":[851,778,725,777],"product_tag":[],"class_list":{"0":"post-93001","1":"product","2":"type-product","3":"status-publish","4":"has-post-thumbnail","6":"product_cat-2020-2021-kollekcio","7":"product_cat-baranybor-kabatok-hu","8":"product_cat-ferfiak","9":"product_cat-shearling-kabatok-ferfiaknak-ferfiak","11":"first","12":"instock","13":"taxable","14":"shipping-taxable","15":"purchasable","16":"product-type-variable","17":"has-default-attributes","18":"wvs-archive-product-wrapper"},"acf":{"categorie_feed":""},"aioseo_notices":[],"_links":{"self":[{"href":"https:\/\/aavesa.com\/hu\/wp-json\/wp\/v2\/product\/93001","targetHints":{"allow":["GET"]}}],"collection":[{"href":"https:\/\/aavesa.com\/hu\/wp-json\/wp\/v2\/product"}],"about":[{"href":"https:\/\/aavesa.com\/hu\/wp-json\/wp\/v2\/types\/product"}],"replies":[{"embeddable":true,"href":"https:\/\/aavesa.com\/hu\/wp-json\/wp\/v2\/comments?post=93001"}],"wp:featuredmedia":[{"embeddable":true,"href":"https:\/\/aavesa.com\/hu\/wp-json\/wp\/v2\/media\/93002"}],"wp:attachment":[{"href":"https:\/\/aavesa.com\/hu\/wp-json\/wp\/v2\/media?parent=93001"}],"wp:term":[{"taxonomy":"product_brand","embeddable":true,"href":"https:\/\/aavesa.com\/hu\/wp-json\/wp\/v2\/product_brand?post=93001"},{"taxonomy":"product_cat","embeddable":true,"href":"https:\/\/aavesa.com\/hu\/wp-json\/wp\/v2\/product_cat?post=93001"},{"taxonomy":"product_tag","embeddable":true,"href":"https:\/\/aavesa.com\/hu\/wp-json\/wp\/v2\/product_tag?post=93001"}],"curies":[{"name":"wp","href":"https:\/\/api.w.org\/{rel}","templated":true}]}}