

{"id":93012,"date":"2024-07-26T16:29:14","date_gmt":"2024-07-26T16:29:14","guid":{"rendered":"https:\/\/new.aavesa.com\/produs\/hosszu-nyirokabat-366-2\/"},"modified":"2025-11-17T06:28:34","modified_gmt":"2025-11-17T06:28:34","slug":"hosszu-nyirokabat-366-2","status":"publish","type":"product","link":"https:\/\/aavesa.com\/hu\/product\/hosszu-nyirokabat-366-2\/","title":{"rendered":"Hossz\u00fa ny\u00edr\u00f3kab\u00e1t 366"},"content":{"rendered":"<p>A <a rel=\"nofollow\" href=\"https:\/\/aavesa.com\/hu\/ferfiak\/shearling-kabatok-ferfiaknak-ferfiak\/\">term\u00e9szetes b\u00e1r\u00e1nyb\u0151r f\u00e9rfi kab\u00e1t<\/a> t\u00f6k\u00e9letes v\u00e1laszt\u00e1s, hogy felk\u00e9sz\u00fclten n\u00e9zzen szembe a fagyos napokkal, mik\u00f6zben kifog\u00e1stalan megjelen\u00e9st biztos\u00edt. Ez a term\u00e9szetes, hossz\u00fa f\u00e9rfi ny\u00edrbunda kab\u00e1t f\u00e9rfias \u00e9s eleg\u00e1ns kialak\u00edt\u00e1s\u00fa, a kab\u00e1t v\u00e1ll\u00e1n elhelyezett v\u00e1llp\u00e1ntokkal klasszikus \u00e9s k\u00fcl\u00f6nleges megjelen\u00e9st k\u00f6lcs\u00f6n\u00f6z a kab\u00e1tnak. Az orosz modellek \u00e1ltal inspir\u00e1lt gall\u00e9r m\u00e9g k\u00fcl\u00f6nlegesebb\u00e9 teszi a kab\u00e1tot. A kab\u00e1t kiz\u00e1r\u00f3lag term\u00e9szetes merin\u00f3b\u00e1r\u00e1ny sz\u0151rm\u00e9b\u0151l k\u00e9sz\u00fclt, amely meleg \u00e9s ig\u00e9nytelen, id\u0151vel nagyon tart\u00f3s sz\u0151rme. A b\u00e1r\u00e1nyb\u0151r kab\u00e1t k\u00edv\u00fcl k\u00e9t zsebbel, bel\u00fcl pedig egy zsebbel rendelkezik, \u00e9s gombok seg\u00edts\u00e9g\u00e9vel k\u00f6nnyen z\u00e1r\u00f3dik.   <\/p>\n","protected":false},"excerpt":{"rendered":"<p>A term\u00e9szetes b\u00e1r\u00e1nyb\u0151r f\u00e9rfi kab\u00e1t t\u00f6k\u00e9letes v\u00e1laszt\u00e1s, hogy felk\u00e9sz\u00fclten n\u00e9zzen szembe a fagyos napokkal, mik\u00f6zben kifog\u00e1stalan megjelen\u00e9st biztos\u00edt. Ez a term\u00e9szetes, hossz\u00fa f\u00e9rfi ny\u00edrbunda kab\u00e1t f\u00e9rfias \u00e9s eleg\u00e1ns kialak\u00edt\u00e1s\u00fa, a kab\u00e1t v\u00e1ll\u00e1n elhelyezett v\u00e1llp\u00e1ntokkal klasszikus \u00e9s k\u00fcl\u00f6nleges megjelen\u00e9st k\u00f6lcs\u00f6n\u00f6z a kab\u00e1tnak. Az orosz modellek \u00e1ltal inspir\u00e1lt gall\u00e9r m\u00e9g k\u00fcl\u00f6nlegesebb\u00e9 teszi a kab\u00e1tot. A kab\u00e1t kiz\u00e1r\u00f3lag [&hellip;]<\/p>\n","protected":false},"featured_media":93007,"comment_status":"closed","ping_status":"closed","template":"","meta":{"_acf_changed":false,"om_disable_all_campaigns":false,"inline_featured_image":false,"_monsterinsights_skip_tracking":false,"_monsterinsights_sitenote_active":false,"_monsterinsights_sitenote_note":"","_monsterinsights_sitenote_category":0},"product_brand":[],"product_cat":[851,778,725],"product_tag":[],"class_list":{"0":"post-93012","1":"product","2":"type-product","3":"status-publish","4":"has-post-thumbnail","6":"product_cat-2020-2021-kollekcio","7":"product_cat-baranybor-kabatok-hu","8":"product_cat-ferfiak","10":"first","11":"instock","12":"taxable","13":"shipping-taxable","14":"purchasable","15":"product-type-variable","16":"has-default-attributes","17":"wvs-archive-product-wrapper"},"acf":{"categorie_feed":""},"aioseo_notices":[],"_links":{"self":[{"href":"https:\/\/aavesa.com\/hu\/wp-json\/wp\/v2\/product\/93012","targetHints":{"allow":["GET"]}}],"collection":[{"href":"https:\/\/aavesa.com\/hu\/wp-json\/wp\/v2\/product"}],"about":[{"href":"https:\/\/aavesa.com\/hu\/wp-json\/wp\/v2\/types\/product"}],"replies":[{"embeddable":true,"href":"https:\/\/aavesa.com\/hu\/wp-json\/wp\/v2\/comments?post=93012"}],"wp:featuredmedia":[{"embeddable":true,"href":"https:\/\/aavesa.com\/hu\/wp-json\/wp\/v2\/media\/93007"}],"wp:attachment":[{"href":"https:\/\/aavesa.com\/hu\/wp-json\/wp\/v2\/media?parent=93012"}],"wp:term":[{"taxonomy":"product_brand","embeddable":true,"href":"https:\/\/aavesa.com\/hu\/wp-json\/wp\/v2\/product_brand?post=93012"},{"taxonomy":"product_cat","embeddable":true,"href":"https:\/\/aavesa.com\/hu\/wp-json\/wp\/v2\/product_cat?post=93012"},{"taxonomy":"product_tag","embeddable":true,"href":"https:\/\/aavesa.com\/hu\/wp-json\/wp\/v2\/product_tag?post=93012"}],"curies":[{"name":"wp","href":"https:\/\/api.w.org\/{rel}","templated":true}]}}