

{"id":93015,"date":"2024-07-26T16:29:14","date_gmt":"2024-07-26T16:29:14","guid":{"rendered":"https:\/\/new.aavesa.com\/produs\/merino-baranybor-kabat-367\/"},"modified":"2026-04-10T15:08:33","modified_gmt":"2026-04-10T17:08:33","slug":"merino-baranybor-kabat-367","status":"publish","type":"product","link":"https:\/\/aavesa.com\/hu\/product\/merino-baranybor-kabat-367\/","title":{"rendered":"Merin\u00f3 b\u00e1r\u00e1nyb\u0151r kab\u00e1t 367"},"content":{"rendered":"<p>A <a href=\"https:\/\/aavesa.com\/hu\/ferfiak\/shearling-kabatok-ferfiaknak\/\">f\u00e9rfi merin\u00f3 b\u00e1r\u00e1nyb\u0151r kab\u00e1t<\/a> t\u00f6k\u00e9letes darab az \u0151szi-t\u00e9li szezonban, b\u00e1rmilyen megjelen\u00e9shez illik, \u00e9s fokozott meleget \u00e9s nagyfok\u00fa visel\u00e9si k\u00e9nyelmet biztos\u00edt. A term\u00e9szetes merin\u00f3 b\u00e1r\u00e1nyb\u0151r a legmegfelel\u0151bb anyag a fagy ellen, mivel k\u00f6nnyed\u00e9n szigeteli a h\u0151t, puha \u00e9s ellen\u00e1ll\u00f3. Ez a f\u00e9rfi kab\u00e1t k\u00e9t sz\u00ednv\u00e1ltozatban kaphat\u00f3: fekete sz\u00edn\u0171, konyaksz\u00edn\u0171 sz\u0151rm\u00e9vel vagy barna sz\u00edn\u0171, feh\u00e9r sz\u0151rm\u00e9vel. Mindk\u00e9t kombin\u00e1ci\u00f3 eleg\u00e1ns, az \u00e1rnyalatok t\u00f6k\u00e9letesek a hideg \u00e9vszak \u00f6lt\u00f6z\u00e9keihez. A kab\u00e1t k\u00edv\u00fcl k\u00e9t zsebbel, bel\u00fcl pedig egy t\u00e1gas zsebbel rendelkezik, \u00e9s cipz\u00e1rral k\u00f6nnyen z\u00e1r\u00f3dik.  <\/p>\n","protected":false},"excerpt":{"rendered":"<p>A f\u00e9rfi merin\u00f3 b\u00e1r\u00e1nyb\u0151r kab\u00e1t t\u00f6k\u00e9letes darab az \u0151szi-t\u00e9li szezonban, b\u00e1rmilyen megjelen\u00e9shez illik, \u00e9s fokozott meleget \u00e9s nagyfok\u00fa visel\u00e9si k\u00e9nyelmet biztos\u00edt. A term\u00e9szetes merin\u00f3 b\u00e1r\u00e1nyb\u0151r a legmegfelel\u0151bb anyag a fagy ellen, mivel k\u00f6nnyed\u00e9n szigeteli a h\u0151t, puha \u00e9s ellen\u00e1ll\u00f3. Ez a f\u00e9rfi kab\u00e1t k\u00e9t sz\u00ednv\u00e1ltozatban kaphat\u00f3: fekete sz\u00edn\u0171, konyaksz\u00edn\u0171 sz\u0151rm\u00e9vel vagy barna sz\u00edn\u0171, feh\u00e9r sz\u0151rm\u00e9vel. [&hellip;]<\/p>\n","protected":false},"featured_media":93016,"comment_status":"closed","ping_status":"closed","template":"","meta":{"_acf_changed":false,"om_disable_all_campaigns":false,"inline_featured_image":false,"_monsterinsights_skip_tracking":false,"_monsterinsights_sitenote_active":false,"_monsterinsights_sitenote_note":"","_monsterinsights_sitenote_category":0},"product_brand":[],"product_cat":[851,780,952,725,772],"product_tag":[],"class_list":{"0":"post-93015","1":"product","2":"type-product","3":"status-publish","4":"has-post-thumbnail","6":"product_cat-2020-2021-kollekcio","7":"product_cat-baranybor-kabatok-hu-2","8":"product_cat-ferfi-es-noi-pehelypaplan-dzsekik-a-luxus-es-a-melegseg-vegso-kevereke","9":"product_cat-ferfiak","10":"product_cat-shearling-kabatok-ferfiaknak","12":"first","13":"instock","14":"taxable","15":"shipping-taxable","16":"purchasable","17":"product-type-variable","18":"has-default-attributes","19":"wvs-archive-product-wrapper"},"acf":{"categorie_feed":""},"aioseo_notices":[],"_links":{"self":[{"href":"https:\/\/aavesa.com\/hu\/wp-json\/wp\/v2\/product\/93015","targetHints":{"allow":["GET"]}}],"collection":[{"href":"https:\/\/aavesa.com\/hu\/wp-json\/wp\/v2\/product"}],"about":[{"href":"https:\/\/aavesa.com\/hu\/wp-json\/wp\/v2\/types\/product"}],"replies":[{"embeddable":true,"href":"https:\/\/aavesa.com\/hu\/wp-json\/wp\/v2\/comments?post=93015"}],"wp:featuredmedia":[{"embeddable":true,"href":"https:\/\/aavesa.com\/hu\/wp-json\/wp\/v2\/media\/93016"}],"wp:attachment":[{"href":"https:\/\/aavesa.com\/hu\/wp-json\/wp\/v2\/media?parent=93015"}],"wp:term":[{"taxonomy":"product_brand","embeddable":true,"href":"https:\/\/aavesa.com\/hu\/wp-json\/wp\/v2\/product_brand?post=93015"},{"taxonomy":"product_cat","embeddable":true,"href":"https:\/\/aavesa.com\/hu\/wp-json\/wp\/v2\/product_cat?post=93015"},{"taxonomy":"product_tag","embeddable":true,"href":"https:\/\/aavesa.com\/hu\/wp-json\/wp\/v2\/product_tag?post=93015"}],"curies":[{"name":"wp","href":"https:\/\/api.w.org\/{rel}","templated":true}]}}