

{"id":93030,"date":"2024-07-26T16:29:35","date_gmt":"2024-07-26T16:29:35","guid":{"rendered":"https:\/\/new.aavesa.com\/produs\/birkabor-sapka-518\/"},"modified":"2025-11-17T06:28:26","modified_gmt":"2025-11-17T06:28:26","slug":"birkabor-sapka-518","status":"publish","type":"product","link":"https:\/\/aavesa.com\/hu\/product\/birkabor-sapka-518\/","title":{"rendered":"Birkab\u0151r sapka 518"},"content":{"rendered":"<p>Ez a <a href=\"https:\/\/aavesa.com\/hu\/ferfiak\/shearling-kalapok-bundas-kalapok-ferfiaknak\/\">f\u00e9rfi merin\u00f3 juh\u00e1szbunda sapka<\/a> egy olyan kieg\u00e9sz\u00edt\u0151, amelyet a t\u00e9li napokon \u00e9lvezni fogsz. Praktikus, k\u00e9nyelmes \u00e9s nagyon meleg, ez a sapka megadja a sz\u00fcks\u00e9ges v\u00e9delmet a hideg ellen, \u00e9s eleg\u00e1nsan kieg\u00e9sz\u00edti \u00f6lt\u00f6z\u00e9keit. A kalapmodell klasszikus, amely sz\u00e1mos ruh\u00e1zati st\u00edlushoz illik. A kalap a f\u00fclek fokozott v\u00e9delm\u00e9t is biztos\u00edtja, a teljes bels\u0151 r\u00e9sz b\u00e9lelt a m\u00e9g nagyobb k\u00e9nyelem \u00e9rdek\u00e9ben. Ez a merin\u00f3i b\u00e1r\u00e1nyb\u0151r sapka egy nagyon sikeres kieg\u00e9sz\u00edt\u0151, \u00e9s nagyszer\u0171 aj\u00e1nd\u00e9k lehet minden f\u00e9rfi sz\u00e1m\u00e1ra.  <\/p>\n","protected":false},"excerpt":{"rendered":"<p>Ez a f\u00e9rfi merin\u00f3 juh\u00e1szbunda sapka egy olyan kieg\u00e9sz\u00edt\u0151, amelyet a t\u00e9li napokon \u00e9lvezni fogsz. Praktikus, k\u00e9nyelmes \u00e9s nagyon meleg, ez a sapka megadja a sz\u00fcks\u00e9ges v\u00e9delmet a hideg ellen, \u00e9s eleg\u00e1nsan kieg\u00e9sz\u00edti \u00f6lt\u00f6z\u00e9keit. A kalapmodell klasszikus, amely sz\u00e1mos ruh\u00e1zati st\u00edlushoz illik. A kalap a f\u00fclek fokozott v\u00e9delm\u00e9t is biztos\u00edtja, a teljes bels\u0151 r\u00e9sz b\u00e9lelt [&hellip;]<\/p>\n","protected":false},"featured_media":93031,"comment_status":"closed","ping_status":"closed","template":"","meta":{"_acf_changed":false,"om_disable_all_campaigns":false,"inline_featured_image":false,"_monsterinsights_skip_tracking":false,"_monsterinsights_sitenote_active":false,"_monsterinsights_sitenote_note":"","_monsterinsights_sitenote_category":0},"product_brand":[],"product_cat":[846,784,736,737],"product_tag":[],"class_list":{"0":"post-93030","1":"product","2":"type-product","3":"status-publish","4":"has-post-thumbnail","6":"product_cat-2019-2020-kollekcio","7":"product_cat-baranybor","8":"product_cat-shearling-kalapok-bundas-kalapok-ferfiaknak","9":"product_cat-teli-sapkak","11":"first","12":"instock","13":"taxable","14":"shipping-taxable","15":"purchasable","16":"product-type-variable","17":"has-default-attributes","18":"wvs-archive-product-wrapper"},"acf":{"categorie_feed":""},"aioseo_notices":[],"_links":{"self":[{"href":"https:\/\/aavesa.com\/hu\/wp-json\/wp\/v2\/product\/93030","targetHints":{"allow":["GET"]}}],"collection":[{"href":"https:\/\/aavesa.com\/hu\/wp-json\/wp\/v2\/product"}],"about":[{"href":"https:\/\/aavesa.com\/hu\/wp-json\/wp\/v2\/types\/product"}],"replies":[{"embeddable":true,"href":"https:\/\/aavesa.com\/hu\/wp-json\/wp\/v2\/comments?post=93030"}],"wp:featuredmedia":[{"embeddable":true,"href":"https:\/\/aavesa.com\/hu\/wp-json\/wp\/v2\/media\/93031"}],"wp:attachment":[{"href":"https:\/\/aavesa.com\/hu\/wp-json\/wp\/v2\/media?parent=93030"}],"wp:term":[{"taxonomy":"product_brand","embeddable":true,"href":"https:\/\/aavesa.com\/hu\/wp-json\/wp\/v2\/product_brand?post=93030"},{"taxonomy":"product_cat","embeddable":true,"href":"https:\/\/aavesa.com\/hu\/wp-json\/wp\/v2\/product_cat?post=93030"},{"taxonomy":"product_tag","embeddable":true,"href":"https:\/\/aavesa.com\/hu\/wp-json\/wp\/v2\/product_tag?post=93030"}],"curies":[{"name":"wp","href":"https:\/\/api.w.org\/{rel}","templated":true}]}}