

{"id":93060,"date":"2024-07-26T16:29:35","date_gmt":"2024-07-26T16:29:35","guid":{"rendered":"https:\/\/new.aavesa.com\/produs\/fordithato-borkabat-3019\/"},"modified":"2025-11-17T06:28:26","modified_gmt":"2025-11-17T06:28:26","slug":"fordithato-borkabat-3019","status":"publish","type":"product","link":"https:\/\/aavesa.com\/hu\/product\/fordithato-borkabat-3019\/","title":{"rendered":"Ford\u00edthat\u00f3 b\u0151rkab\u00e1t 3019"},"content":{"rendered":"<p>A f\u00e9rfi b\u0151rdzseki az a darab a szekr\u00e9nyb\u0151l, amelyre mindig sz\u00e1m\u00edthat, k\u00fcl\u00f6n\u00f6sen, ha a kab\u00e1tmodell megford\u00edthat\u00f3 (k\u00e9toldalas). Ez a term\u00e9szetes b\u0151rdzseki nagyon k\u00e9nyelmes \u00e9s k\u00fcl\u00f6n\u00f6sen praktikus, mivel k\u00e9t k\u00fcl\u00f6nb\u00f6z\u0151 st\u00edlusban viselhet\u0151 &#8211; a b\u0151rb\u0151l k\u00e9sz\u00fclt oldalon vagy a textilanyagb\u00f3l k\u00e9sz\u00fclt oldalon, att\u00f3l f\u00fcgg\u0151en, hogy milyen ruh\u00e1t veszel fel. A kab\u00e1t k\u00e9t nagy zsebbel rendelkezik, \u00e9s cipz\u00e1rral z\u00e1r\u00f3dik. A kapucni a kab\u00e1t mindk\u00e9t oldal\u00e1n viselhet\u0151, mivel praktikus r\u00e9szlet, amely m\u00e9g t\u00f6bb meleget biztos\u00edt.   <\/p>\n","protected":false},"excerpt":{"rendered":"<p>A f\u00e9rfi b\u0151rdzseki az a darab a szekr\u00e9nyb\u0151l, amelyre mindig sz\u00e1m\u00edthat, k\u00fcl\u00f6n\u00f6sen, ha a kab\u00e1tmodell megford\u00edthat\u00f3 (k\u00e9toldalas). Ez a term\u00e9szetes b\u0151rdzseki nagyon k\u00e9nyelmes \u00e9s k\u00fcl\u00f6n\u00f6sen praktikus, mivel k\u00e9t k\u00fcl\u00f6nb\u00f6z\u0151 st\u00edlusban viselhet\u0151 &#8211; a b\u0151rb\u0151l k\u00e9sz\u00fclt oldalon vagy a textilanyagb\u00f3l k\u00e9sz\u00fclt oldalon, att\u00f3l f\u00fcgg\u0151en, hogy milyen ruh\u00e1t veszel fel. A kab\u00e1t k\u00e9t nagy zsebbel rendelkezik, \u00e9s [&hellip;]<\/p>\n","protected":false},"featured_media":93061,"comment_status":"closed","ping_status":"closed","template":"","meta":{"_acf_changed":false,"om_disable_all_campaigns":false,"inline_featured_image":false,"_monsterinsights_skip_tracking":false,"_monsterinsights_sitenote_active":false,"_monsterinsights_sitenote_note":"","_monsterinsights_sitenote_category":0},"product_brand":[],"product_cat":[851,762,725],"product_tag":[],"class_list":{"0":"post-93060","1":"product","2":"type-product","3":"status-publish","4":"has-post-thumbnail","6":"product_cat-2020-2021-kollekcio","7":"product_cat-borkabatok-ferfiaknak","8":"product_cat-ferfiak","10":"first","11":"outofstock","12":"taxable","13":"shipping-taxable","14":"product-type-variable","15":"has-default-attributes","16":"wvs-archive-product-wrapper"},"acf":{"categorie_feed":""},"aioseo_notices":[],"_links":{"self":[{"href":"https:\/\/aavesa.com\/hu\/wp-json\/wp\/v2\/product\/93060","targetHints":{"allow":["GET"]}}],"collection":[{"href":"https:\/\/aavesa.com\/hu\/wp-json\/wp\/v2\/product"}],"about":[{"href":"https:\/\/aavesa.com\/hu\/wp-json\/wp\/v2\/types\/product"}],"replies":[{"embeddable":true,"href":"https:\/\/aavesa.com\/hu\/wp-json\/wp\/v2\/comments?post=93060"}],"wp:featuredmedia":[{"embeddable":true,"href":"https:\/\/aavesa.com\/hu\/wp-json\/wp\/v2\/media\/93061"}],"wp:attachment":[{"href":"https:\/\/aavesa.com\/hu\/wp-json\/wp\/v2\/media?parent=93060"}],"wp:term":[{"taxonomy":"product_brand","embeddable":true,"href":"https:\/\/aavesa.com\/hu\/wp-json\/wp\/v2\/product_brand?post=93060"},{"taxonomy":"product_cat","embeddable":true,"href":"https:\/\/aavesa.com\/hu\/wp-json\/wp\/v2\/product_cat?post=93060"},{"taxonomy":"product_tag","embeddable":true,"href":"https:\/\/aavesa.com\/hu\/wp-json\/wp\/v2\/product_tag?post=93060"}],"curies":[{"name":"wp","href":"https:\/\/api.w.org\/{rel}","templated":true}]}}