

{"id":93067,"date":"2024-07-26T16:29:35","date_gmt":"2024-07-26T16:29:35","guid":{"rendered":"https:\/\/new.aavesa.com\/produs\/fordithato-borkabat-h-aet002a-2\/"},"modified":"2025-11-17T06:28:25","modified_gmt":"2025-11-17T06:28:25","slug":"fordithato-borkabat-h-aet002a-2","status":"publish","type":"product","link":"https:\/\/aavesa.com\/hu\/product\/fordithato-borkabat-h-aet002a-2\/","title":{"rendered":"Ford\u00edthat\u00f3 b\u0151rkab\u00e1t H-AET002A"},"content":{"rendered":"<p>Ez a term\u00e9szetes b\u0151rdzseki f\u00e9rfiaknak egy olyan ruhadarab, amely nagyon sikeresen \u00f6tv\u00f6zi a k\u00e9t st\u00edlust: eleg\u00e1ns \u00e9s sportos vagy alkalmi, ide\u00e1lis kab\u00e1t az irod\u00e1ban t\u00f6lt\u00f6tt napokra \u00e9s a szabadid\u0151s kir\u00e1ndul\u00e1sokra egyar\u00e1nt. A kab\u00e1t megford\u00edthat\u00f3, ez\u00e9rt nagyon praktikus, mivel k\u00e9t teljesen k\u00fcl\u00f6nb\u00f6z\u0151 m\u00f3don viselhet\u0151 &#8211; az egyik oldala term\u00e9szetes b\u00e1r\u00e1nyb\u0151rb\u0151l, a m\u00e1sik pedig textilb\u0151l k\u00e9sz\u00fclt. A kab\u00e1t alul rugalmas, k\u00e9t zsebbel van ell\u00e1tva, \u00e9s cipz\u00e1rral z\u00e1r\u00f3dik. A rendelkez\u00e9sre \u00e1ll\u00f3 sz\u00ednkombin\u00e1ci\u00f3k: barna k\u00e9kkel \u00e9s fekete bord\u00f3val.   <\/p>\n","protected":false},"excerpt":{"rendered":"<p>Ez a term\u00e9szetes b\u0151rdzseki f\u00e9rfiaknak egy olyan ruhadarab, amely nagyon sikeresen \u00f6tv\u00f6zi a k\u00e9t st\u00edlust: eleg\u00e1ns \u00e9s sportos vagy alkalmi, ide\u00e1lis kab\u00e1t az irod\u00e1ban t\u00f6lt\u00f6tt napokra \u00e9s a szabadid\u0151s kir\u00e1ndul\u00e1sokra egyar\u00e1nt. A kab\u00e1t megford\u00edthat\u00f3, ez\u00e9rt nagyon praktikus, mivel k\u00e9t teljesen k\u00fcl\u00f6nb\u00f6z\u0151 m\u00f3don viselhet\u0151 &#8211; az egyik oldala term\u00e9szetes b\u00e1r\u00e1nyb\u0151rb\u0151l, a m\u00e1sik pedig textilb\u0151l k\u00e9sz\u00fclt. A [&hellip;]<\/p>\n","protected":false},"featured_media":93070,"comment_status":"closed","ping_status":"closed","template":"","meta":{"_acf_changed":false,"om_disable_all_campaigns":false,"inline_featured_image":false,"_monsterinsights_skip_tracking":false,"_monsterinsights_sitenote_active":false,"_monsterinsights_sitenote_note":"","_monsterinsights_sitenote_category":0},"product_brand":[],"product_cat":[851,762,725],"product_tag":[],"class_list":{"0":"post-93067","1":"product","2":"type-product","3":"status-publish","4":"has-post-thumbnail","6":"product_cat-2020-2021-kollekcio","7":"product_cat-borkabatok-ferfiaknak","8":"product_cat-ferfiak","10":"first","11":"outofstock","12":"taxable","13":"shipping-taxable","14":"product-type-variable","15":"has-default-attributes","16":"wvs-archive-product-wrapper"},"acf":{"categorie_feed":""},"aioseo_notices":[],"_links":{"self":[{"href":"https:\/\/aavesa.com\/hu\/wp-json\/wp\/v2\/product\/93067","targetHints":{"allow":["GET"]}}],"collection":[{"href":"https:\/\/aavesa.com\/hu\/wp-json\/wp\/v2\/product"}],"about":[{"href":"https:\/\/aavesa.com\/hu\/wp-json\/wp\/v2\/types\/product"}],"replies":[{"embeddable":true,"href":"https:\/\/aavesa.com\/hu\/wp-json\/wp\/v2\/comments?post=93067"}],"wp:featuredmedia":[{"embeddable":true,"href":"https:\/\/aavesa.com\/hu\/wp-json\/wp\/v2\/media\/93070"}],"wp:attachment":[{"href":"https:\/\/aavesa.com\/hu\/wp-json\/wp\/v2\/media?parent=93067"}],"wp:term":[{"taxonomy":"product_brand","embeddable":true,"href":"https:\/\/aavesa.com\/hu\/wp-json\/wp\/v2\/product_brand?post=93067"},{"taxonomy":"product_cat","embeddable":true,"href":"https:\/\/aavesa.com\/hu\/wp-json\/wp\/v2\/product_cat?post=93067"},{"taxonomy":"product_tag","embeddable":true,"href":"https:\/\/aavesa.com\/hu\/wp-json\/wp\/v2\/product_tag?post=93067"}],"curies":[{"name":"wp","href":"https:\/\/api.w.org\/{rel}","templated":true}]}}