

{"id":93083,"date":"2024-07-26T16:29:35","date_gmt":"2024-07-26T16:29:35","guid":{"rendered":"https:\/\/new.aavesa.com\/produs\/fordithato-borkabat-h-mt006\/"},"modified":"2025-11-17T06:28:28","modified_gmt":"2025-11-17T06:28:28","slug":"fordithato-borkabat-h-mt006","status":"publish","type":"product","link":"https:\/\/aavesa.com\/hu\/product\/fordithato-borkabat-h-mt006\/","title":{"rendered":"Ford\u00edthat\u00f3 b\u0151rkab\u00e1t H-MT006"},"content":{"rendered":"<p>Ez a term\u00e9szetes b\u0151rb\u0151l k\u00e9sz\u00fclt f\u00e9rfi dzseki nagyon praktikus darab a ruhat\u00e1radba, mivel \u00fagy szabott, hogy mindk\u00e9t oldal\u00e1t nagyon k\u00f6nnyen viselheted. A kab\u00e1t k\u00fcl\u00f6nleges st\u00edlus\u00fa, amely sikeresen \u00f6tv\u00f6zi az eleganci\u00e1t \u00e9s a h\u00e9tk\u00f6znapi megjelen\u00e9st, \u00edgy b\u00e1rmilyen alkalomra t\u00f6k\u00e9letes &#8211; \u00fczleti tal\u00e1lkoz\u00f3ra vagy bar\u00e1ti t\u00e1rsas\u00e1gba. A kab\u00e1t mindk\u00e9t oldal\u00e1n k\u00fcl\u00f6nb\u00f6z\u0151 anyagokb\u00f3l k\u00e9sz\u00fclt: term\u00e9szetes b\u00e1r\u00e1nyb\u0151rb\u0151l, illetve textilanyagb\u00f3l, \u00e9s k\u00e9t nagyvonal\u00fa zsebbel van ell\u00e1tva. A z\u00e1r\u00e1st a cipz\u00e1r teszi egyszer\u0171v\u00e9. A megford\u00edthat\u00f3 b\u0151rdzseki az a darab lesz, amelyet mindig is szeretne a ruhat\u00e1r\u00e1ban tudni!    <\/p>\n","protected":false},"excerpt":{"rendered":"<p>Ez a term\u00e9szetes b\u0151rb\u0151l k\u00e9sz\u00fclt f\u00e9rfi dzseki nagyon praktikus darab a ruhat\u00e1radba, mivel \u00fagy szabott, hogy mindk\u00e9t oldal\u00e1t nagyon k\u00f6nnyen viselheted. A kab\u00e1t k\u00fcl\u00f6nleges st\u00edlus\u00fa, amely sikeresen \u00f6tv\u00f6zi az eleganci\u00e1t \u00e9s a h\u00e9tk\u00f6znapi megjelen\u00e9st, \u00edgy b\u00e1rmilyen alkalomra t\u00f6k\u00e9letes &#8211; \u00fczleti tal\u00e1lkoz\u00f3ra vagy bar\u00e1ti t\u00e1rsas\u00e1gba. A kab\u00e1t mindk\u00e9t oldal\u00e1n k\u00fcl\u00f6nb\u00f6z\u0151 anyagokb\u00f3l k\u00e9sz\u00fclt: term\u00e9szetes b\u00e1r\u00e1nyb\u0151rb\u0151l, illetve textilanyagb\u00f3l, [&hellip;]<\/p>\n","protected":false},"featured_media":93086,"comment_status":"closed","ping_status":"closed","template":"","meta":{"_acf_changed":false,"om_disable_all_campaigns":false,"inline_featured_image":false,"_monsterinsights_skip_tracking":false,"_monsterinsights_sitenote_active":false,"_monsterinsights_sitenote_note":"","_monsterinsights_sitenote_category":0},"product_brand":[],"product_cat":[851,762,725],"product_tag":[],"class_list":{"0":"post-93083","1":"product","2":"type-product","3":"status-publish","4":"has-post-thumbnail","6":"product_cat-2020-2021-kollekcio","7":"product_cat-borkabatok-ferfiaknak","8":"product_cat-ferfiak","10":"first","11":"outofstock","12":"taxable","13":"shipping-taxable","14":"product-type-variable","15":"has-default-attributes","16":"wvs-archive-product-wrapper"},"acf":{"categorie_feed":""},"aioseo_notices":[],"_links":{"self":[{"href":"https:\/\/aavesa.com\/hu\/wp-json\/wp\/v2\/product\/93083","targetHints":{"allow":["GET"]}}],"collection":[{"href":"https:\/\/aavesa.com\/hu\/wp-json\/wp\/v2\/product"}],"about":[{"href":"https:\/\/aavesa.com\/hu\/wp-json\/wp\/v2\/types\/product"}],"replies":[{"embeddable":true,"href":"https:\/\/aavesa.com\/hu\/wp-json\/wp\/v2\/comments?post=93083"}],"wp:featuredmedia":[{"embeddable":true,"href":"https:\/\/aavesa.com\/hu\/wp-json\/wp\/v2\/media\/93086"}],"wp:attachment":[{"href":"https:\/\/aavesa.com\/hu\/wp-json\/wp\/v2\/media?parent=93083"}],"wp:term":[{"taxonomy":"product_brand","embeddable":true,"href":"https:\/\/aavesa.com\/hu\/wp-json\/wp\/v2\/product_brand?post=93083"},{"taxonomy":"product_cat","embeddable":true,"href":"https:\/\/aavesa.com\/hu\/wp-json\/wp\/v2\/product_cat?post=93083"},{"taxonomy":"product_tag","embeddable":true,"href":"https:\/\/aavesa.com\/hu\/wp-json\/wp\/v2\/product_tag?post=93083"}],"curies":[{"name":"wp","href":"https:\/\/api.w.org\/{rel}","templated":true}]}}