

{"id":93099,"date":"2024-07-26T16:29:14","date_gmt":"2024-07-26T16:29:14","guid":{"rendered":"https:\/\/new.aavesa.com\/produs\/merino-baranybor-kabat-367-2\/"},"modified":"2025-11-17T06:28:28","modified_gmt":"2025-11-17T06:28:28","slug":"merino-baranybor-kabat-367-2","status":"publish","type":"product","link":"https:\/\/aavesa.com\/hu\/product\/merino-baranybor-kabat-367-2\/","title":{"rendered":"Merin\u00f3 b\u00e1r\u00e1nyb\u0151r kab\u00e1t 367"},"content":{"rendered":"<p>A f\u00e9rfi b\u0151rdzseki t\u00f6k\u00e9letes darab az \u0151szi-t\u00e9li szezonban, b\u00e1rmilyen megjelen\u00e9shez illik, \u00e9s fokozott meleget \u00e9s nagyfok\u00fa visel\u00e9si k\u00e9nyelmet biztos\u00edt. A term\u00e9szetes merin\u00f3b\u00e1r\u00e1nyb\u0151r a legmegfelel\u0151bb anyag a fagyok ellen, mert k\u00f6nnyen szigeteli a h\u0151t, puha \u00e9s ellen\u00e1ll\u00f3. Ez a f\u00e9rfi kab\u00e1t k\u00e9t sz\u00ednv\u00e1ltozatban kaphat\u00f3: fekete sz\u00ednben konyaksz\u00edn\u0171 sz\u0151rm\u00e9vel vagy barna sz\u00ednben feh\u00e9r sz\u0151rm\u00e9vel. Mindk\u00e9t kombin\u00e1ci\u00f3 eleg\u00e1ns, az \u00e1rnyalatok t\u00f6k\u00e9letesek a hideg \u00e9vszak \u00f6lt\u00f6z\u00e9keihez. A kab\u00e1t k\u00edv\u00fcl k\u00e9t zsebbel, bel\u00fcl pedig egy t\u00e1gas zsebbel rendelkezik, \u00e9s cipz\u00e1rral k\u00f6nnyen z\u00e1r\u00f3dik.    <\/p>\n","protected":false},"excerpt":{"rendered":"<p>A f\u00e9rfi b\u0151rdzseki t\u00f6k\u00e9letes darab az \u0151szi-t\u00e9li szezonban, b\u00e1rmilyen megjelen\u00e9shez illik, \u00e9s fokozott meleget \u00e9s nagyfok\u00fa visel\u00e9si k\u00e9nyelmet biztos\u00edt. A term\u00e9szetes merin\u00f3b\u00e1r\u00e1nyb\u0151r a legmegfelel\u0151bb anyag a fagyok ellen, mert k\u00f6nnyen szigeteli a h\u0151t, puha \u00e9s ellen\u00e1ll\u00f3. Ez a f\u00e9rfi kab\u00e1t k\u00e9t sz\u00ednv\u00e1ltozatban kaphat\u00f3: fekete sz\u00ednben konyaksz\u00edn\u0171 sz\u0151rm\u00e9vel vagy barna sz\u00ednben feh\u00e9r sz\u0151rm\u00e9vel. Mindk\u00e9t kombin\u00e1ci\u00f3 eleg\u00e1ns, [&hellip;]<\/p>\n","protected":false},"featured_media":93024,"comment_status":"closed","ping_status":"closed","template":"","meta":{"_acf_changed":false,"om_disable_all_campaigns":false,"inline_featured_image":false,"_monsterinsights_skip_tracking":false,"_monsterinsights_sitenote_active":false,"_monsterinsights_sitenote_note":"","_monsterinsights_sitenote_category":0},"product_brand":[],"product_cat":[851,780,725],"product_tag":[],"class_list":{"0":"post-93099","1":"product","2":"type-product","3":"status-publish","4":"has-post-thumbnail","6":"product_cat-2020-2021-kollekcio","7":"product_cat-baranybor-kabatok-hu-2","8":"product_cat-ferfiak","10":"first","11":"outofstock","12":"taxable","13":"shipping-taxable","14":"product-type-variable","15":"has-default-attributes","16":"wvs-archive-product-wrapper"},"acf":{"categorie_feed":""},"aioseo_notices":[],"_links":{"self":[{"href":"https:\/\/aavesa.com\/hu\/wp-json\/wp\/v2\/product\/93099","targetHints":{"allow":["GET"]}}],"collection":[{"href":"https:\/\/aavesa.com\/hu\/wp-json\/wp\/v2\/product"}],"about":[{"href":"https:\/\/aavesa.com\/hu\/wp-json\/wp\/v2\/types\/product"}],"replies":[{"embeddable":true,"href":"https:\/\/aavesa.com\/hu\/wp-json\/wp\/v2\/comments?post=93099"}],"wp:featuredmedia":[{"embeddable":true,"href":"https:\/\/aavesa.com\/hu\/wp-json\/wp\/v2\/media\/93024"}],"wp:attachment":[{"href":"https:\/\/aavesa.com\/hu\/wp-json\/wp\/v2\/media?parent=93099"}],"wp:term":[{"taxonomy":"product_brand","embeddable":true,"href":"https:\/\/aavesa.com\/hu\/wp-json\/wp\/v2\/product_brand?post=93099"},{"taxonomy":"product_cat","embeddable":true,"href":"https:\/\/aavesa.com\/hu\/wp-json\/wp\/v2\/product_cat?post=93099"},{"taxonomy":"product_tag","embeddable":true,"href":"https:\/\/aavesa.com\/hu\/wp-json\/wp\/v2\/product_tag?post=93099"}],"curies":[{"name":"wp","href":"https:\/\/api.w.org\/{rel}","templated":true}]}}