

{"id":93102,"date":"2024-07-26T16:29:14","date_gmt":"2024-07-26T16:29:14","guid":{"rendered":"https:\/\/new.aavesa.com\/produs\/borkabat-3013-2\/"},"modified":"2025-11-17T06:28:27","modified_gmt":"2025-11-17T06:28:27","slug":"borkabat-3013-2","status":"publish","type":"product","link":"https:\/\/aavesa.com\/hu\/product\/borkabat-3013-2\/","title":{"rendered":"B\u0151rkab\u00e1t 3013"},"content":{"rendered":"<p>Ez a term\u00e9szetes b\u0151rb\u0151l k\u00e9sz\u00fclt f\u00e9rfi dzseki nagyon praktikus darab a ruhat\u00e1radba, mivel \u00fagy szabt\u00e1k, hogy nagyobb fok\u00fa meleget \u00e9s k\u00e9nyelmet ny\u00fajtson. A kab\u00e1t k\u00fcl\u00f6nleges st\u00edlus\u00fa, amely sikeresen \u00f6tv\u00f6zi az eleganci\u00e1t \u00e9s a h\u00e9tk\u00f6znapi megjelen\u00e9st, \u00edgy b\u00e1rmilyen alkalomra t\u00f6k\u00e9letes &#8211; \u00fczleti megbesz\u00e9l\u00e9sekre vagy bar\u00e1ti t\u00e1rsas\u00e1gba j\u00e1r\u00e1shoz. A kab\u00e1t k\u00edv\u00fclr\u0151l term\u00e9szetes b\u00e1r\u00e1nyb\u0151rb\u0151l k\u00e9sz\u00fclt, bel\u00fclr\u0151l pedig b\u00e9lelt. A z\u00e1r\u00e1st a cipz\u00e1r teszi egyszer\u0171v\u00e9, \u00e9s a kab\u00e1t h\u00e1rom nagyvonal\u00fa zsebbel van ell\u00e1tva.   <\/p>\n","protected":false},"excerpt":{"rendered":"<p>Ez a term\u00e9szetes b\u0151rb\u0151l k\u00e9sz\u00fclt f\u00e9rfi dzseki nagyon praktikus darab a ruhat\u00e1radba, mivel \u00fagy szabt\u00e1k, hogy nagyobb fok\u00fa meleget \u00e9s k\u00e9nyelmet ny\u00fajtson. A kab\u00e1t k\u00fcl\u00f6nleges st\u00edlus\u00fa, amely sikeresen \u00f6tv\u00f6zi az eleganci\u00e1t \u00e9s a h\u00e9tk\u00f6znapi megjelen\u00e9st, \u00edgy b\u00e1rmilyen alkalomra t\u00f6k\u00e9letes &#8211; \u00fczleti megbesz\u00e9l\u00e9sekre vagy bar\u00e1ti t\u00e1rsas\u00e1gba j\u00e1r\u00e1shoz. A kab\u00e1t k\u00edv\u00fclr\u0151l term\u00e9szetes b\u00e1r\u00e1nyb\u0151rb\u0151l k\u00e9sz\u00fclt, bel\u00fclr\u0151l pedig b\u00e9lelt. [&hellip;]<\/p>\n","protected":false},"featured_media":93054,"comment_status":"closed","ping_status":"closed","template":"","meta":{"_acf_changed":false,"om_disable_all_campaigns":false,"inline_featured_image":false,"_monsterinsights_skip_tracking":false,"_monsterinsights_sitenote_active":false,"_monsterinsights_sitenote_note":"","_monsterinsights_sitenote_category":0},"product_brand":[],"product_cat":[851,762,725,916],"product_tag":[],"class_list":{"0":"post-93102","1":"product","2":"type-product","3":"status-publish","4":"has-post-thumbnail","6":"product_cat-2020-2021-kollekcio","7":"product_cat-borkabatok-ferfiaknak","8":"product_cat-ferfiak","9":"product_cat-valodi-bor-termekek-tavaszra-es-oszre-kabatok-nadragok-kabatok-szoknyak-es-loveszkabatok-kabatok-nadragok-kabatok-szoknyak-es-loveszkabatok","11":"first","12":"instock","13":"taxable","14":"shipping-taxable","15":"purchasable","16":"product-type-variable","17":"has-default-attributes","18":"wvs-archive-product-wrapper"},"acf":{"categorie_feed":""},"aioseo_notices":[],"_links":{"self":[{"href":"https:\/\/aavesa.com\/hu\/wp-json\/wp\/v2\/product\/93102","targetHints":{"allow":["GET"]}}],"collection":[{"href":"https:\/\/aavesa.com\/hu\/wp-json\/wp\/v2\/product"}],"about":[{"href":"https:\/\/aavesa.com\/hu\/wp-json\/wp\/v2\/types\/product"}],"replies":[{"embeddable":true,"href":"https:\/\/aavesa.com\/hu\/wp-json\/wp\/v2\/comments?post=93102"}],"wp:featuredmedia":[{"embeddable":true,"href":"https:\/\/aavesa.com\/hu\/wp-json\/wp\/v2\/media\/93054"}],"wp:attachment":[{"href":"https:\/\/aavesa.com\/hu\/wp-json\/wp\/v2\/media?parent=93102"}],"wp:term":[{"taxonomy":"product_brand","embeddable":true,"href":"https:\/\/aavesa.com\/hu\/wp-json\/wp\/v2\/product_brand?post=93102"},{"taxonomy":"product_cat","embeddable":true,"href":"https:\/\/aavesa.com\/hu\/wp-json\/wp\/v2\/product_cat?post=93102"},{"taxonomy":"product_tag","embeddable":true,"href":"https:\/\/aavesa.com\/hu\/wp-json\/wp\/v2\/product_tag?post=93102"}],"curies":[{"name":"wp","href":"https:\/\/api.w.org\/{rel}","templated":true}]}}