

{"id":94518,"date":"2024-09-10T21:50:29","date_gmt":"2024-09-10T21:50:29","guid":{"rendered":"https:\/\/new.aavesa.com\/produs\/2-az-1-ben-shearling-dzseki-melleny-2090\/"},"modified":"2026-04-10T15:02:23","modified_gmt":"2026-04-10T17:02:23","slug":"2-az-1-ben-shearling-dzseki-melleny-2090","status":"publish","type":"product","link":"https:\/\/aavesa.com\/hu\/product\/2-az-1-ben-shearling-dzseki-melleny-2090\/","title":{"rendered":"2-in-1 Shearling Kab\u00e1t\/Mell\u00e9ny 2090"},"content":{"rendered":"<p>Ez a 2 az 1-ben ny\u00edrb\u0151r kab\u00e1t\/mell\u00e9ny egy egyed\u00fcl\u00e1ll\u00f3 modell, amely k\u00e9t term\u00e9ket egyes\u00edt egyben. A szett egy textil dzsekit \u00e9s egy shearling mell\u00e9nyt tartalmaz, amely t\u00f6bbf\u00e9le visel\u00e9si lehet\u0151s\u00e9get k\u00edn\u00e1l &#8211; vagy csak a dzsekit, vagy csak a mell\u00e9nyt, vagy mindkett\u0151t egy\u00fctt a plusz melegs\u00e9g \u00e9s st\u00edlus \u00e9rdek\u00e9ben. Mind a kab\u00e1t, mind a mell\u00e9ny k\u00e9t cipz\u00e1ras zsebbel rendelkezik, \u00e9s a z\u00e1r\u00e1s mindk\u00e9t darabon cipz\u00e1rral t\u00f6rt\u00e9nik. A mell\u00e9ny magas gall\u00e9rral rendelkezik az extra v\u00e9delem \u00e9rdek\u00e9ben. A barna-s\u00e1rga \u00e9s fekete \u00e1rnyalatokban kaphat\u00f3 sokoldal\u00fa term\u00e9k ide\u00e1lis minden \u00e9vszakhoz \u00e9s alkalomhoz. Modell\u00fcnk 174 cm magas, 36-os m\u00e9retet visel, a term\u00e9k hossza pedig 54 cm.     <\/p>\n","protected":false},"excerpt":{"rendered":"<p>Ez a 2 az 1-ben ny\u00edrb\u0151r kab\u00e1t\/mell\u00e9ny egy egyed\u00fcl\u00e1ll\u00f3 modell, amely k\u00e9t term\u00e9ket egyes\u00edt egyben. A szett egy textil dzsekit \u00e9s egy shearling mell\u00e9nyt tartalmaz, amely t\u00f6bbf\u00e9le visel\u00e9si lehet\u0151s\u00e9get k\u00edn\u00e1l &#8211; vagy csak a dzsekit, vagy csak a mell\u00e9nyt, vagy mindkett\u0151t egy\u00fctt a plusz melegs\u00e9g \u00e9s st\u00edlus \u00e9rdek\u00e9ben. Mind a kab\u00e1t, mind a mell\u00e9ny k\u00e9t [&hellip;]<\/p>\n","protected":false},"featured_media":94417,"comment_status":"closed","ping_status":"closed","template":"","meta":{"_acf_changed":false,"om_disable_all_campaigns":false,"inline_featured_image":false,"_monsterinsights_skip_tracking":false,"_monsterinsights_sitenote_active":false,"_monsterinsights_sitenote_note":"","_monsterinsights_sitenote_category":0},"product_brand":[],"product_cat":[880,952,773,741,793],"product_tag":[],"class_list":{"0":"post-94518","1":"product","2":"type-product","3":"status-publish","4":"has-post-thumbnail","6":"product_cat-2024-2025-kollekcio","7":"product_cat-ferfi-es-noi-pehelypaplan-dzsekik-a-luxus-es-a-melegseg-vegso-kevereke","8":"product_cat-noi-shearling-dzsekik","9":"product_cat-nok","10":"product_cat-shearling-mellenyek-es-bundas-mellenyek-noknek","12":"first","13":"instock","14":"taxable","15":"shipping-taxable","16":"purchasable","17":"product-type-variable","18":"has-default-attributes","19":"wvs-archive-product-wrapper"},"acf":{"categorie_feed":""},"aioseo_notices":[],"_links":{"self":[{"href":"https:\/\/aavesa.com\/hu\/wp-json\/wp\/v2\/product\/94518","targetHints":{"allow":["GET"]}}],"collection":[{"href":"https:\/\/aavesa.com\/hu\/wp-json\/wp\/v2\/product"}],"about":[{"href":"https:\/\/aavesa.com\/hu\/wp-json\/wp\/v2\/types\/product"}],"replies":[{"embeddable":true,"href":"https:\/\/aavesa.com\/hu\/wp-json\/wp\/v2\/comments?post=94518"}],"wp:featuredmedia":[{"embeddable":true,"href":"https:\/\/aavesa.com\/hu\/wp-json\/wp\/v2\/media\/94417"}],"wp:attachment":[{"href":"https:\/\/aavesa.com\/hu\/wp-json\/wp\/v2\/media?parent=94518"}],"wp:term":[{"taxonomy":"product_brand","embeddable":true,"href":"https:\/\/aavesa.com\/hu\/wp-json\/wp\/v2\/product_brand?post=94518"},{"taxonomy":"product_cat","embeddable":true,"href":"https:\/\/aavesa.com\/hu\/wp-json\/wp\/v2\/product_cat?post=94518"},{"taxonomy":"product_tag","embeddable":true,"href":"https:\/\/aavesa.com\/hu\/wp-json\/wp\/v2\/product_tag?post=94518"}],"curies":[{"name":"wp","href":"https:\/\/api.w.org\/{rel}","templated":true}]}}