

{"id":94521,"date":"2024-09-10T21:44:47","date_gmt":"2024-09-10T21:44:47","guid":{"rendered":"https:\/\/new.aavesa.com\/produs\/baranygyapju-es-textilkabat-3400\/"},"modified":"2026-04-10T15:08:06","modified_gmt":"2026-04-10T17:08:06","slug":"baranygyapju-es-textilkabat-3400","status":"publish","type":"product","link":"https:\/\/aavesa.com\/hu\/product\/baranygyapju-es-textilkabat-3400\/","title":{"rendered":"B\u00e1r\u00e1nygyapj\u00fa \u00e9s textilkab\u00e1t 3400"},"content":{"rendered":"<p>Ez az egyed\u00fcl\u00e1ll\u00f3 kab\u00e1t \u00f6tv\u00f6zi a b\u00e1r\u00e1nyb\u0151r eleganci\u00e1j\u00e1t a textilanyag funkcionalit\u00e1s\u00e1val, modern \u00e9s kifinomult diz\u00e1jnt k\u00edn\u00e1lva, amely t\u00f6k\u00e9letes a hideg \u00e9vszakra. A b\u00e1r\u00e1nyb\u0151rb\u0151l k\u00e9sz\u00fclt, csatos el\u00fcls\u0151 \u00e9s gall\u00e9r nemcsak extra meleget, hanem kifinomult megjelen\u00e9st is k\u00f6lcs\u00f6n\u00f6z. A kab\u00e1t h\u00e1rom praktikus zsebbel van ell\u00e1tva &#8211; egy a jobb fels\u0151 oldalon \u00e9s k\u00e9t oldalzsebbel, amelyek mindegyike cipz\u00e1rral z\u00e1r\u00f3dik a biztons\u00e1g \u00e9s a k\u00e9nyelem \u00e9rdek\u00e9ben. Cipz\u00e1rral z\u00e1r\u00f3dik. A feh\u00e9r sz\u0151rm\u00e9s barna \u00e9s fekete \u00e1rnyalatokban kaphat\u00f3 kab\u00e1t ide\u00e1lis v\u00e1laszt\u00e1s az eleg\u00e1ns \u00e9s modern megjelen\u00e9shez. Modell\u00fcnk 188 cm magas, 48-as m\u00e9retet visel, a term\u00e9k hossza 67 cm.     <\/p>\n","protected":false},"excerpt":{"rendered":"<p>Ez az egyed\u00fcl\u00e1ll\u00f3 kab\u00e1t \u00f6tv\u00f6zi a b\u00e1r\u00e1nyb\u0151r eleganci\u00e1j\u00e1t a textilanyag funkcionalit\u00e1s\u00e1val, modern \u00e9s kifinomult diz\u00e1jnt k\u00edn\u00e1lva, amely t\u00f6k\u00e9letes a hideg \u00e9vszakra. A b\u00e1r\u00e1nyb\u0151rb\u0151l k\u00e9sz\u00fclt, csatos el\u00fcls\u0151 \u00e9s gall\u00e9r nemcsak extra meleget, hanem kifinomult megjelen\u00e9st is k\u00f6lcs\u00f6n\u00f6z. A kab\u00e1t h\u00e1rom praktikus zsebbel van ell\u00e1tva &#8211; egy a jobb fels\u0151 oldalon \u00e9s k\u00e9t oldalzsebbel, amelyek mindegyike cipz\u00e1rral [&hellip;]<\/p>\n","protected":false},"featured_media":94396,"comment_status":"closed","ping_status":"closed","template":"","meta":{"_acf_changed":false,"om_disable_all_campaigns":false,"inline_featured_image":false,"_monsterinsights_skip_tracking":false,"_monsterinsights_sitenote_active":false,"_monsterinsights_sitenote_note":"","_monsterinsights_sitenote_category":0},"product_brand":[],"product_cat":[880,952,725,772],"product_tag":[],"class_list":{"0":"post-94521","1":"product","2":"type-product","3":"status-publish","4":"has-post-thumbnail","6":"product_cat-2024-2025-kollekcio","7":"product_cat-ferfi-es-noi-pehelypaplan-dzsekik-a-luxus-es-a-melegseg-vegso-kevereke","8":"product_cat-ferfiak","9":"product_cat-shearling-kabatok-ferfiaknak","11":"first","12":"instock","13":"taxable","14":"shipping-taxable","15":"purchasable","16":"product-type-variable","17":"has-default-attributes","18":"wvs-archive-product-wrapper"},"acf":{"categorie_feed":""},"aioseo_notices":[],"_links":{"self":[{"href":"https:\/\/aavesa.com\/hu\/wp-json\/wp\/v2\/product\/94521","targetHints":{"allow":["GET"]}}],"collection":[{"href":"https:\/\/aavesa.com\/hu\/wp-json\/wp\/v2\/product"}],"about":[{"href":"https:\/\/aavesa.com\/hu\/wp-json\/wp\/v2\/types\/product"}],"replies":[{"embeddable":true,"href":"https:\/\/aavesa.com\/hu\/wp-json\/wp\/v2\/comments?post=94521"}],"wp:featuredmedia":[{"embeddable":true,"href":"https:\/\/aavesa.com\/hu\/wp-json\/wp\/v2\/media\/94396"}],"wp:attachment":[{"href":"https:\/\/aavesa.com\/hu\/wp-json\/wp\/v2\/media?parent=94521"}],"wp:term":[{"taxonomy":"product_brand","embeddable":true,"href":"https:\/\/aavesa.com\/hu\/wp-json\/wp\/v2\/product_brand?post=94521"},{"taxonomy":"product_cat","embeddable":true,"href":"https:\/\/aavesa.com\/hu\/wp-json\/wp\/v2\/product_cat?post=94521"},{"taxonomy":"product_tag","embeddable":true,"href":"https:\/\/aavesa.com\/hu\/wp-json\/wp\/v2\/product_tag?post=94521"}],"curies":[{"name":"wp","href":"https:\/\/api.w.org\/{rel}","templated":true}]}}