

{"id":94524,"date":"2024-09-10T21:36:34","date_gmt":"2024-09-10T21:36:34","guid":{"rendered":"https:\/\/new.aavesa.com\/produs\/sarkroka-bunda-2094-m\/"},"modified":"2024-09-20T08:06:04","modified_gmt":"2024-09-20T08:06:04","slug":"sarkroka-bunda-2094-m","status":"publish","type":"product","link":"https:\/\/aavesa.com\/hu\/product\/sarkroka-bunda-2094-m\/","title":{"rendered":"Sarkr\u00f3ka bunda 2094 M"},"content":{"rendered":"<p>Ez a hossz\u00fa haj\u00fa sarki r\u00f3ka bunda egy rendk\u00edv\u00fcl eleg\u00e1ns modell, amely b\u00e1rmilyen alkalomra kiv\u00e1l\u00f3an alkalmas. A fagyos napokra tervezett kab\u00e1t kiv\u00e1l\u00f3 v\u00e9delmet ny\u00fajt a hideg ellen, mik\u00f6zben meg\u0151rzi kifinomult \u00e9s divatos megjelen\u00e9s\u00e9t. A d\u00fas r\u00f3kapr\u00e9m gall\u00e9r extra kifinomults\u00e1got \u00e9s melegs\u00e9get k\u00f6lcs\u00f6n\u00f6z, m\u00edg kialak\u00edt\u00e1sa megk\u00f6nny\u00edti a k\u00fcl\u00f6nf\u00e9le ruh\u00e1k p\u00e1ros\u00edt\u00e1s\u00e1t. K\u00e9t praktikus zsebbel rendelkezik, \u00e9s diszkr\u00e9t kapcsokkal z\u00e1r\u00f3dik. Az eleg\u00e1ns sz\u00fcrke \u00e1rnyalatban kaphat\u00f3 kab\u00e1t t\u00f6k\u00e9letes v\u00e1laszt\u00e1s a luxus \u00e9s k\u00e9nyelmes st\u00edlushoz. Modell\u00fcnk 174 cm magas, 36-os m\u00e9retet hord, a term\u00e9k hossza 62 cm.     <\/p>\n","protected":false},"excerpt":{"rendered":"<p>Ez a hossz\u00fa haj\u00fa sarki r\u00f3ka bunda egy rendk\u00edv\u00fcl eleg\u00e1ns modell, amely b\u00e1rmilyen alkalomra kiv\u00e1l\u00f3an alkalmas. A fagyos napokra tervezett kab\u00e1t kiv\u00e1l\u00f3 v\u00e9delmet ny\u00fajt a hideg ellen, mik\u00f6zben meg\u0151rzi kifinomult \u00e9s divatos megjelen\u00e9s\u00e9t. A d\u00fas r\u00f3kapr\u00e9m gall\u00e9r extra kifinomults\u00e1got \u00e9s melegs\u00e9get k\u00f6lcs\u00f6n\u00f6z, m\u00edg kialak\u00edt\u00e1sa megk\u00f6nny\u00edti a k\u00fcl\u00f6nf\u00e9le ruh\u00e1k p\u00e1ros\u00edt\u00e1s\u00e1t. K\u00e9t praktikus zsebbel rendelkezik, \u00e9s diszkr\u00e9t [&hellip;]<\/p>\n","protected":false},"featured_media":94379,"comment_status":"closed","ping_status":"closed","template":"","meta":{"_acf_changed":false,"om_disable_all_campaigns":false,"inline_featured_image":false,"_monsterinsights_skip_tracking":false,"_monsterinsights_sitenote_active":false,"_monsterinsights_sitenote_note":"","_monsterinsights_sitenote_category":0},"product_brand":[],"product_cat":[880,766,741],"product_tag":[],"class_list":{"0":"post-94524","1":"product","2":"type-product","3":"status-publish","4":"has-post-thumbnail","6":"product_cat-2024-2025-kollekcio","7":"product_cat-bundas-kabatok-es-bundas-dzsekik-noknek","8":"product_cat-nok","10":"first","11":"instock","12":"taxable","13":"shipping-taxable","14":"purchasable","15":"product-type-variable","16":"has-default-attributes","17":"wvs-archive-product-wrapper"},"acf":{"categorie_feed":""},"aioseo_notices":[],"_links":{"self":[{"href":"https:\/\/aavesa.com\/hu\/wp-json\/wp\/v2\/product\/94524","targetHints":{"allow":["GET"]}}],"collection":[{"href":"https:\/\/aavesa.com\/hu\/wp-json\/wp\/v2\/product"}],"about":[{"href":"https:\/\/aavesa.com\/hu\/wp-json\/wp\/v2\/types\/product"}],"replies":[{"embeddable":true,"href":"https:\/\/aavesa.com\/hu\/wp-json\/wp\/v2\/comments?post=94524"}],"wp:featuredmedia":[{"embeddable":true,"href":"https:\/\/aavesa.com\/hu\/wp-json\/wp\/v2\/media\/94379"}],"wp:attachment":[{"href":"https:\/\/aavesa.com\/hu\/wp-json\/wp\/v2\/media?parent=94524"}],"wp:term":[{"taxonomy":"product_brand","embeddable":true,"href":"https:\/\/aavesa.com\/hu\/wp-json\/wp\/v2\/product_brand?post=94524"},{"taxonomy":"product_cat","embeddable":true,"href":"https:\/\/aavesa.com\/hu\/wp-json\/wp\/v2\/product_cat?post=94524"},{"taxonomy":"product_tag","embeddable":true,"href":"https:\/\/aavesa.com\/hu\/wp-json\/wp\/v2\/product_tag?post=94524"}],"curies":[{"name":"wp","href":"https:\/\/api.w.org\/{rel}","templated":true}]}}