

{"id":94526,"date":"2024-09-10T21:32:56","date_gmt":"2024-09-10T23:32:56","guid":{"rendered":"https:\/\/new.aavesa.com\/produs\/baranybor-bordzseki-leveheto-szormegallerral-3034\/"},"modified":"2024-09-20T11:43:31","modified_gmt":"2024-09-20T11:43:31","slug":"baranybor-bordzseki-leveheto-szormegallerral-3034","status":"publish","type":"product","link":"https:\/\/aavesa.com\/hu\/product\/baranybor-bordzseki-leveheto-szormegallerral-3034\/","title":{"rendered":"B\u0151rkab\u00e1t levehet\u0151 shearling gall\u00e9rral 3034"},"content":{"rendered":"<p>Ez a term\u00e9szetes b\u0151rkab\u00e1t levehet\u0151 shearling gall\u00e9rral extra kifinomults\u00e1got \u00e9s sokoldal\u00fas\u00e1got ad a ruhat\u00e1radhoz. A legmagasabb min\u0151s\u00e9g\u0171 b\u0151rb\u0151l k\u00e9sz\u00fclt kab\u00e1t modern diz\u00e1jnnal \u00e9s gondosan kidolgozott r\u00e9szletekkel t\u0171nik ki. B\u0151r rugalmas szeg\u00e9lye \u00e9s a zippz\u00e1ras ujjak fokozz\u00e1k a k\u00e9nyelmet \u00e9s a t\u00f6k\u00e9letes illeszked\u00e9st. Cipz\u00e1rral z\u00e1r\u00f3dik, \u00e9s k\u00e9t patentos zsebe van az alapvet\u0151 dolgok sz\u00e1m\u00e1ra. Barna \u00e9s fekete sz\u00ednben el\u00e9rhet\u0151, ez a kab\u00e1t ide\u00e1lis v\u00e1laszt\u00e1s egy eleg\u00e1ns \u00e9s modern megjelen\u00e9shez.     Modell\u00fcnk 188 cm magas, 48-as m\u00e9retet hord, a term\u00e9k hossza pedig 67 cm<\/p>\n","protected":false},"excerpt":{"rendered":"<p>Ez a term\u00e9szetes b\u0151rkab\u00e1t levehet\u0151 shearling gall\u00e9rral extra kifinomults\u00e1got \u00e9s sokoldal\u00fas\u00e1got ad a ruhat\u00e1radhoz. A legmagasabb min\u0151s\u00e9g\u0171 b\u0151rb\u0151l k\u00e9sz\u00fclt kab\u00e1t modern diz\u00e1jnnal \u00e9s gondosan kidolgozott r\u00e9szletekkel t\u0171nik ki. B\u0151r rugalmas szeg\u00e9lye \u00e9s a zippz\u00e1ras ujjak fokozz\u00e1k a k\u00e9nyelmet \u00e9s a t\u00f6k\u00e9letes illeszked\u00e9st. Cipz\u00e1rral z\u00e1r\u00f3dik, \u00e9s k\u00e9t patentos zsebe van az alapvet\u0151 dolgok sz\u00e1m\u00e1ra. Barna \u00e9s [&hellip;]<\/p>\n","protected":false},"featured_media":94362,"comment_status":"closed","ping_status":"closed","template":"","meta":{"_acf_changed":false,"om_disable_all_campaigns":false,"inline_featured_image":false,"_monsterinsights_skip_tracking":false,"_monsterinsights_sitenote_active":false,"_monsterinsights_sitenote_note":"","_monsterinsights_sitenote_category":0},"product_brand":[],"product_cat":[880,762,725,916],"product_tag":[],"class_list":{"0":"post-94526","1":"product","2":"type-product","3":"status-publish","4":"has-post-thumbnail","6":"product_cat-2024-2025-kollekcio","7":"product_cat-borkabatok-ferfiaknak","8":"product_cat-ferfiak","9":"product_cat-valodi-bor-termekek-tavaszra-es-oszre-kabatok-nadragok-kabatok-szoknyak-es-loveszkabatok-kabatok-nadragok-kabatok-szoknyak-es-loveszkabatok","11":"first","12":"instock","13":"taxable","14":"shipping-taxable","15":"purchasable","16":"product-type-variable","17":"has-default-attributes","18":"wvs-archive-product-wrapper"},"acf":{"categorie_feed":""},"aioseo_notices":[],"_links":{"self":[{"href":"https:\/\/aavesa.com\/hu\/wp-json\/wp\/v2\/product\/94526","targetHints":{"allow":["GET"]}}],"collection":[{"href":"https:\/\/aavesa.com\/hu\/wp-json\/wp\/v2\/product"}],"about":[{"href":"https:\/\/aavesa.com\/hu\/wp-json\/wp\/v2\/types\/product"}],"replies":[{"embeddable":true,"href":"https:\/\/aavesa.com\/hu\/wp-json\/wp\/v2\/comments?post=94526"}],"wp:featuredmedia":[{"embeddable":true,"href":"https:\/\/aavesa.com\/hu\/wp-json\/wp\/v2\/media\/94362"}],"wp:attachment":[{"href":"https:\/\/aavesa.com\/hu\/wp-json\/wp\/v2\/media?parent=94526"}],"wp:term":[{"taxonomy":"product_brand","embeddable":true,"href":"https:\/\/aavesa.com\/hu\/wp-json\/wp\/v2\/product_brand?post=94526"},{"taxonomy":"product_cat","embeddable":true,"href":"https:\/\/aavesa.com\/hu\/wp-json\/wp\/v2\/product_cat?post=94526"},{"taxonomy":"product_tag","embeddable":true,"href":"https:\/\/aavesa.com\/hu\/wp-json\/wp\/v2\/product_tag?post=94526"}],"curies":[{"name":"wp","href":"https:\/\/api.w.org\/{rel}","templated":true}]}}