

{"id":94538,"date":"2024-09-10T20:58:59","date_gmt":"2024-09-10T20:58:59","guid":{"rendered":"https:\/\/new.aavesa.com\/produs\/mink-szor-dzseki-he008\/"},"modified":"2026-03-22T09:28:37","modified_gmt":"2026-03-22T07:28:37","slug":"mink-szor-dzseki-he008","status":"publish","type":"product","link":"https:\/\/aavesa.com\/hu\/product\/mink-szor-dzseki-he008\/","title":{"rendered":"Vidra Kab\u00e1t HE008"},"content":{"rendered":"<p>Ez a nercbunda kab\u00e1t egyedi kialak\u00edt\u00e1s\u00e1val \u00e9s kifog\u00e1stalan szab\u00e1s\u00e1val \u00fajra\u00e9rtelmezi a luxust \u00e9s a kifinomults\u00e1got. \u00dagy tervezt\u00e9k, hogy minden tekintetet mag\u00e1ra vonzzon, a kab\u00e1t gazdag kapucnival rendelkezik, amely extra eleganci\u00e1t \u00e9s k\u00e9nyelmet biztos\u00edt. A z\u00e1r\u00f3d\u00e1s diszkr\u00e9t, klipszekkel, fenntartva a kifinomult \u00e9s eleg\u00e1ns megjelen\u00e9st. A k\u00e9t praktikus zsebbel a kab\u00e1t \u00f6tv\u00f6zi a st\u00edlust a funkcionalit\u00e1ssal, \u00edgy a hideg \u00e9vszak n\u00e9lk\u00fcl\u00f6zhetetlen darabj\u00e1v\u00e1 v\u00e1lik. A klasszikus s\u00f6t\u00e9tsz\u00fcrke sz\u00ednben kaphat\u00f3 nercbunda kab\u00e1t t\u00f6k\u00e9letes v\u00e1laszt\u00e1s a min\u0151s\u00e9get \u00e9s sz\u00e9ps\u00e9get \u00e9rt\u00e9kel\u0151 n\u0151k sz\u00e1m\u00e1ra. Modell\u00fcnk 174 cm magas, 36-os m\u00e9retet visel, a term\u00e9k hossza 61 cm.     <\/p>\n","protected":false},"excerpt":{"rendered":"<p>Ez a nercbunda kab\u00e1t egyedi kialak\u00edt\u00e1s\u00e1val \u00e9s kifog\u00e1stalan szab\u00e1s\u00e1val \u00fajra\u00e9rtelmezi a luxust \u00e9s a kifinomults\u00e1got. \u00dagy tervezt\u00e9k, hogy minden tekintetet mag\u00e1ra vonzzon, a kab\u00e1t gazdag kapucnival rendelkezik, amely extra eleganci\u00e1t \u00e9s k\u00e9nyelmet biztos\u00edt. A z\u00e1r\u00f3d\u00e1s diszkr\u00e9t, klipszekkel, fenntartva a kifinomult \u00e9s eleg\u00e1ns megjelen\u00e9st. A k\u00e9t praktikus zsebbel a kab\u00e1t \u00f6tv\u00f6zi a st\u00edlust a funkcionalit\u00e1ssal, \u00edgy [&hellip;]<\/p>\n","protected":false},"featured_media":94304,"comment_status":"closed","ping_status":"closed","template":"","meta":{"_acf_changed":false,"om_disable_all_campaigns":false,"inline_featured_image":false,"_monsterinsights_skip_tracking":false,"_monsterinsights_sitenote_active":false,"_monsterinsights_sitenote_note":"","_monsterinsights_sitenote_category":0},"product_brand":[],"product_cat":[880,766,769,741,770],"product_tag":[],"class_list":{"0":"post-94538","1":"product","2":"type-product","3":"status-publish","4":"has-post-thumbnail","6":"product_cat-2024-2025-kollekcio","7":"product_cat-bundas-kabatok-es-bundas-dzsekik-noknek","8":"product_cat-nerc-szorme","9":"product_cat-nok","10":"product_cat-vidra-bundak-vidra-zsekik","12":"first","13":"instock","14":"taxable","15":"shipping-taxable","16":"purchasable","17":"product-type-variable","18":"has-default-attributes","19":"wvs-archive-product-wrapper"},"acf":{"categorie_feed":""},"aioseo_notices":[],"_links":{"self":[{"href":"https:\/\/aavesa.com\/hu\/wp-json\/wp\/v2\/product\/94538","targetHints":{"allow":["GET"]}}],"collection":[{"href":"https:\/\/aavesa.com\/hu\/wp-json\/wp\/v2\/product"}],"about":[{"href":"https:\/\/aavesa.com\/hu\/wp-json\/wp\/v2\/types\/product"}],"replies":[{"embeddable":true,"href":"https:\/\/aavesa.com\/hu\/wp-json\/wp\/v2\/comments?post=94538"}],"wp:featuredmedia":[{"embeddable":true,"href":"https:\/\/aavesa.com\/hu\/wp-json\/wp\/v2\/media\/94304"}],"wp:attachment":[{"href":"https:\/\/aavesa.com\/hu\/wp-json\/wp\/v2\/media?parent=94538"}],"wp:term":[{"taxonomy":"product_brand","embeddable":true,"href":"https:\/\/aavesa.com\/hu\/wp-json\/wp\/v2\/product_brand?post=94538"},{"taxonomy":"product_cat","embeddable":true,"href":"https:\/\/aavesa.com\/hu\/wp-json\/wp\/v2\/product_cat?post=94538"},{"taxonomy":"product_tag","embeddable":true,"href":"https:\/\/aavesa.com\/hu\/wp-json\/wp\/v2\/product_tag?post=94538"}],"curies":[{"name":"wp","href":"https:\/\/api.w.org\/{rel}","templated":true}]}}