

{"id":94542,"date":"2024-09-10T20:43:51","date_gmt":"2024-09-10T20:43:51","guid":{"rendered":"https:\/\/new.aavesa.com\/produs\/mongol-bunda-2092\/"},"modified":"2026-03-22T09:29:11","modified_gmt":"2026-03-22T07:29:11","slug":"mongol-bunda-2092","status":"publish","type":"product","link":"https:\/\/aavesa.com\/hu\/product\/mongol-bunda-2092\/","title":{"rendered":"<br>Mongol R\u00f3kabunda Kab\u00e1t 2092"},"content":{"rendered":"<p>Ez a mongol sz\u0151rmebunda gazdag gall\u00e9rral t\u00f6k\u00e9letes v\u00e1laszt\u00e1s k\u00fcl\u00f6nleges alkalmakra \u00e9s mindennapi viseletre egyar\u00e1nt. A kiv\u00e1l\u00f3 kialak\u00edt\u00e1s\u00fa kab\u00e1t \u00f6tv\u00f6zi a luxust a funkcionalit\u00e1ssal, kifinomult \u00e9s modern megjelen\u00e9st k\u00edn\u00e1lva. K\u00e9t praktikus zsebbel rendelkezik, a klipszes z\u00e1r\u00f3d\u00e1s pedig extra st\u00edlust \u00e9s k\u00f6nny\u0171 viseletet biztos\u00edt. Ez a feh\u00e9r \u00e9s b\u00e9zs sz\u00ednben kaphat\u00f3 kab\u00e1t ide\u00e1lis arra, hogy b\u00e1rmilyen \u00f6lt\u00f6z\u00e9ket eleganci\u00e1val \u00e9s k\u00e9nyelemmel eg\u00e9sz\u00edtsen ki, \u00e9s gyorsan a ruhat\u00e1r\u00e1nak n\u00e9lk\u00fcl\u00f6zhetetlen darabj\u00e1v\u00e1 v\u00e1ljon. Modell\u00fcnk 174 cm magas, 36-os m\u00e9retet visel, a term\u00e9k hossza 75 cm.    <\/p>\n","protected":false},"excerpt":{"rendered":"<p>Ez a mongol sz\u0151rmebunda gazdag gall\u00e9rral t\u00f6k\u00e9letes v\u00e1laszt\u00e1s k\u00fcl\u00f6nleges alkalmakra \u00e9s mindennapi viseletre egyar\u00e1nt. A kiv\u00e1l\u00f3 kialak\u00edt\u00e1s\u00fa kab\u00e1t \u00f6tv\u00f6zi a luxust a funkcionalit\u00e1ssal, kifinomult \u00e9s modern megjelen\u00e9st k\u00edn\u00e1lva. K\u00e9t praktikus zsebbel rendelkezik, a klipszes z\u00e1r\u00f3d\u00e1s pedig extra st\u00edlust \u00e9s k\u00f6nny\u0171 viseletet biztos\u00edt. Ez a feh\u00e9r \u00e9s b\u00e9zs sz\u00ednben kaphat\u00f3 kab\u00e1t ide\u00e1lis arra, hogy b\u00e1rmilyen \u00f6lt\u00f6z\u00e9ket [&hellip;]<\/p>\n","protected":false},"featured_media":94281,"comment_status":"closed","ping_status":"closed","template":"","meta":{"_acf_changed":false,"om_disable_all_campaigns":false,"inline_featured_image":false,"_monsterinsights_skip_tracking":false,"_monsterinsights_sitenote_active":false,"_monsterinsights_sitenote_note":"","_monsterinsights_sitenote_category":0},"product_brand":[],"product_cat":[880,766,741],"product_tag":[],"class_list":{"0":"post-94542","1":"product","2":"type-product","3":"status-publish","4":"has-post-thumbnail","6":"product_cat-2024-2025-kollekcio","7":"product_cat-bundas-kabatok-es-bundas-dzsekik-noknek","8":"product_cat-nok","10":"first","11":"instock","12":"taxable","13":"shipping-taxable","14":"purchasable","15":"product-type-variable","16":"has-default-attributes","17":"wvs-archive-product-wrapper"},"acf":{"categorie_feed":""},"aioseo_notices":[],"_links":{"self":[{"href":"https:\/\/aavesa.com\/hu\/wp-json\/wp\/v2\/product\/94542","targetHints":{"allow":["GET"]}}],"collection":[{"href":"https:\/\/aavesa.com\/hu\/wp-json\/wp\/v2\/product"}],"about":[{"href":"https:\/\/aavesa.com\/hu\/wp-json\/wp\/v2\/types\/product"}],"replies":[{"embeddable":true,"href":"https:\/\/aavesa.com\/hu\/wp-json\/wp\/v2\/comments?post=94542"}],"wp:featuredmedia":[{"embeddable":true,"href":"https:\/\/aavesa.com\/hu\/wp-json\/wp\/v2\/media\/94281"}],"wp:attachment":[{"href":"https:\/\/aavesa.com\/hu\/wp-json\/wp\/v2\/media?parent=94542"}],"wp:term":[{"taxonomy":"product_brand","embeddable":true,"href":"https:\/\/aavesa.com\/hu\/wp-json\/wp\/v2\/product_brand?post=94542"},{"taxonomy":"product_cat","embeddable":true,"href":"https:\/\/aavesa.com\/hu\/wp-json\/wp\/v2\/product_cat?post=94542"},{"taxonomy":"product_tag","embeddable":true,"href":"https:\/\/aavesa.com\/hu\/wp-json\/wp\/v2\/product_tag?post=94542"}],"curies":[{"name":"wp","href":"https:\/\/api.w.org\/{rel}","templated":true}]}}