

{"id":94545,"date":"2024-09-10T20:38:48","date_gmt":"2024-09-10T20:38:48","guid":{"rendered":"https:\/\/new.aavesa.com\/produs\/megfordithato-baranybor-es-nercbundas-dzseki-397\/"},"modified":"2025-11-17T06:33:26","modified_gmt":"2025-11-17T06:33:26","slug":"megfordithato-baranybor-es-nercbundas-dzseki-397","status":"publish","type":"product","link":"https:\/\/aavesa.com\/hu\/product\/megfordithato-baranybor-es-nercbundas-dzseki-397\/","title":{"rendered":"K\u00e9toldalas B\u0151r \u00e9s Mink Sz\u0151rme Kab\u00e1t 397"},"content":{"rendered":"<p>Ez a term\u00e9szetes b\u00e1r\u00e1nyb\u0151rb\u0151l \u00e9s nercsz\u0151rme darabokb\u00f3l k\u00e9sz\u00fclt, megford\u00edthat\u00f3 b\u0151rdzseki kifinomult v\u00e1laszt\u00e1s a hideg \u00e9vszakra. Ford\u00edthat\u00f3 kialak\u00edt\u00e1sa sokoldal\u00fas\u00e1got k\u00edn\u00e1l, \u00edgy alkalomt\u00f3l f\u00fcgg\u0151en v\u00e1ltoztathatja megjelen\u00e9s\u00e9t. Egyedi kialak\u00edt\u00e1s\u00e1val \u00e9s kifog\u00e1stalan szab\u00e1s\u00e1val a kab\u00e1t \u00f6tv\u00f6zi a luxust \u00e9s az eleganci\u00e1t, \u00edgy ide\u00e1lis arra, hogy b\u00e1rhol felt\u0171nj\u00f6n. A cipz\u00e1ras z\u00e1r\u00f3d\u00e1s \u00e9s a k\u00e9t cipz\u00e1ras zseb extra funkcionalit\u00e1st \u00e9s st\u00edlust k\u00f6lcs\u00f6n\u00f6z, a kapucni pedig v\u00e9delmet ny\u00fajt a hideg ellen. A term\u00e9szetes b\u0151rb\u0151l \u00e9s a legmagasabb min\u0151s\u00e9g\u0171 sz\u0151rm\u00e9b\u0151l k\u00e9sz\u00fclt ruhadarab h\u0151komfortot \u00e9s kifinomult st\u00edlust k\u00edn\u00e1l minden t\u00e9li napra. T\u00f6k\u00e9letes v\u00e1laszt\u00e1s azoknak, akik \u00e9rt\u00e9kelik a kifinomults\u00e1got!      A kab\u00e1t fekete sz\u00ednben kaphat\u00f3. Modell\u00fcnk 188 cm magas, 48-as m\u00e9retet hord, a term\u00e9k hossza pedig 67 cm<\/p>\n","protected":false},"excerpt":{"rendered":"<p>Ez a term\u00e9szetes b\u00e1r\u00e1nyb\u0151rb\u0151l \u00e9s nercsz\u0151rme darabokb\u00f3l k\u00e9sz\u00fclt, megford\u00edthat\u00f3 b\u0151rdzseki kifinomult v\u00e1laszt\u00e1s a hideg \u00e9vszakra. Ford\u00edthat\u00f3 kialak\u00edt\u00e1sa sokoldal\u00fas\u00e1got k\u00edn\u00e1l, \u00edgy alkalomt\u00f3l f\u00fcgg\u0151en v\u00e1ltoztathatja megjelen\u00e9s\u00e9t. Egyedi kialak\u00edt\u00e1s\u00e1val \u00e9s kifog\u00e1stalan szab\u00e1s\u00e1val a kab\u00e1t \u00f6tv\u00f6zi a luxust \u00e9s az eleganci\u00e1t, \u00edgy ide\u00e1lis arra, hogy b\u00e1rhol felt\u0171nj\u00f6n. A cipz\u00e1ras z\u00e1r\u00f3d\u00e1s \u00e9s a k\u00e9t cipz\u00e1ras zseb extra funkcionalit\u00e1st \u00e9s st\u00edlust [&hellip;]<\/p>\n","protected":false},"featured_media":94269,"comment_status":"closed","ping_status":"closed","template":"","meta":{"_acf_changed":false,"om_disable_all_campaigns":false,"inline_featured_image":false,"_monsterinsights_skip_tracking":false,"_monsterinsights_sitenote_active":false,"_monsterinsights_sitenote_note":"","_monsterinsights_sitenote_category":0},"product_brand":[],"product_cat":[880,780,725],"product_tag":[],"class_list":{"0":"post-94545","1":"product","2":"type-product","3":"status-publish","4":"has-post-thumbnail","6":"product_cat-2024-2025-kollekcio","7":"product_cat-baranybor-kabatok-hu-2","8":"product_cat-ferfiak","10":"first","11":"instock","12":"taxable","13":"shipping-taxable","14":"purchasable","15":"product-type-variable","16":"has-default-attributes","17":"wvs-archive-product-wrapper"},"acf":{"categorie_feed":""},"aioseo_notices":[],"_links":{"self":[{"href":"https:\/\/aavesa.com\/hu\/wp-json\/wp\/v2\/product\/94545","targetHints":{"allow":["GET"]}}],"collection":[{"href":"https:\/\/aavesa.com\/hu\/wp-json\/wp\/v2\/product"}],"about":[{"href":"https:\/\/aavesa.com\/hu\/wp-json\/wp\/v2\/types\/product"}],"replies":[{"embeddable":true,"href":"https:\/\/aavesa.com\/hu\/wp-json\/wp\/v2\/comments?post=94545"}],"wp:featuredmedia":[{"embeddable":true,"href":"https:\/\/aavesa.com\/hu\/wp-json\/wp\/v2\/media\/94269"}],"wp:attachment":[{"href":"https:\/\/aavesa.com\/hu\/wp-json\/wp\/v2\/media?parent=94545"}],"wp:term":[{"taxonomy":"product_brand","embeddable":true,"href":"https:\/\/aavesa.com\/hu\/wp-json\/wp\/v2\/product_brand?post=94545"},{"taxonomy":"product_cat","embeddable":true,"href":"https:\/\/aavesa.com\/hu\/wp-json\/wp\/v2\/product_cat?post=94545"},{"taxonomy":"product_tag","embeddable":true,"href":"https:\/\/aavesa.com\/hu\/wp-json\/wp\/v2\/product_tag?post=94545"}],"curies":[{"name":"wp","href":"https:\/\/api.w.org\/{rel}","templated":true}]}}