

{"id":94547,"date":"2024-09-10T20:30:22","date_gmt":"2024-09-10T20:30:22","guid":{"rendered":"https:\/\/new.aavesa.com\/produs\/rovid-borszoknya-656\/"},"modified":"2026-03-22T09:29:10","modified_gmt":"2026-03-22T07:29:10","slug":"rovid-borszoknya-656","status":"publish","type":"product","link":"https:\/\/aavesa.com\/hu\/product\/rovid-borszoknya-656\/","title":{"rendered":"R\u00f6vid B\u0151r Szoknya 656"},"content":{"rendered":"<p>Ez a r\u00f6vid b\u0151rszoknya ide\u00e1lis v\u00e1laszt\u00e1s, ha extra st\u00edlust \u00e9s eleganci\u00e1t szeretne k\u00f6lcs\u00f6n\u00f6zni ruhat\u00e1r\u00e1nak. A modern \u00e9s k\u00f6nnyen \u00f6sszeilleszthet\u0151 kialak\u00edt\u00e1s\u00fa szoknya b\u00e1rmilyen alkalomra t\u00f6k\u00e9letes, az alkalmi tal\u00e1lkoz\u00f3kt\u00f3l a k\u00fcl\u00f6nleges esem\u00e9nyekig. A diszkr\u00e9t h\u00e1ts\u00f3 cipz\u00e1ras z\u00e1r\u00f3d\u00e1s k\u00e9nyelmes viseletet \u00e9s kifog\u00e1stalan megjelen\u00e9st biztos\u00edt. A fekete sz\u00ednben kaphat\u00f3 szoknya sokoldal\u00fa, \u00e9s k\u00fcl\u00f6nb\u00f6z\u0151 bl\u00fazokkal, fels\u0151kkel vagy ingekkel kombin\u00e1lhat\u00f3, \u00edgy kifinomult \u00e9s eleg\u00e1ns \u00f6lt\u00f6z\u00e9keket hozhat l\u00e9tre. T\u00f6k\u00e9letes, hogy minden pillanatban leny\u0171g\u00f6zz\u00f6n! Modell\u00fcnk 174 cm magas, 36-os m\u00e9retet visel, a term\u00e9k hossza pedig 50 cm.     <\/p>\n","protected":false},"excerpt":{"rendered":"<p>Ez a r\u00f6vid b\u0151rszoknya ide\u00e1lis v\u00e1laszt\u00e1s, ha extra st\u00edlust \u00e9s eleganci\u00e1t szeretne k\u00f6lcs\u00f6n\u00f6zni ruhat\u00e1r\u00e1nak. A modern \u00e9s k\u00f6nnyen \u00f6sszeilleszthet\u0151 kialak\u00edt\u00e1s\u00fa szoknya b\u00e1rmilyen alkalomra t\u00f6k\u00e9letes, az alkalmi tal\u00e1lkoz\u00f3kt\u00f3l a k\u00fcl\u00f6nleges esem\u00e9nyekig. A diszkr\u00e9t h\u00e1ts\u00f3 cipz\u00e1ras z\u00e1r\u00f3d\u00e1s k\u00e9nyelmes viseletet \u00e9s kifog\u00e1stalan megjelen\u00e9st biztos\u00edt. A fekete sz\u00ednben kaphat\u00f3 szoknya sokoldal\u00fa, \u00e9s k\u00fcl\u00f6nb\u00f6z\u0151 bl\u00fazokkal, fels\u0151kkel vagy ingekkel kombin\u00e1lhat\u00f3, \u00edgy [&hellip;]<\/p>\n","protected":false},"featured_media":94260,"comment_status":"closed","ping_status":"closed","template":"","meta":{"_acf_changed":false,"om_disable_all_campaigns":false,"inline_featured_image":false,"_monsterinsights_skip_tracking":false,"_monsterinsights_sitenote_active":false,"_monsterinsights_sitenote_note":"","_monsterinsights_sitenote_category":0},"product_brand":[],"product_cat":[880,821,881,741,916],"product_tag":[],"class_list":{"0":"post-94547","1":"product","2":"type-product","3":"status-publish","4":"has-post-thumbnail","6":"product_cat-2024-2025-kollekcio","7":"product_cat-bor-ruhak-noknek","8":"product_cat-bor-szoknyak-noknek","9":"product_cat-nok","10":"product_cat-valodi-bor-termekek-tavaszra-es-oszre-kabatok-nadragok-kabatok-szoknyak-es-loveszkabatok-kabatok-nadragok-kabatok-szoknyak-es-loveszkabatok","12":"first","13":"instock","14":"taxable","15":"shipping-taxable","16":"purchasable","17":"product-type-variable","18":"has-default-attributes","19":"wvs-archive-product-wrapper"},"acf":{"categorie_feed":""},"aioseo_notices":[],"_links":{"self":[{"href":"https:\/\/aavesa.com\/hu\/wp-json\/wp\/v2\/product\/94547","targetHints":{"allow":["GET"]}}],"collection":[{"href":"https:\/\/aavesa.com\/hu\/wp-json\/wp\/v2\/product"}],"about":[{"href":"https:\/\/aavesa.com\/hu\/wp-json\/wp\/v2\/types\/product"}],"replies":[{"embeddable":true,"href":"https:\/\/aavesa.com\/hu\/wp-json\/wp\/v2\/comments?post=94547"}],"wp:featuredmedia":[{"embeddable":true,"href":"https:\/\/aavesa.com\/hu\/wp-json\/wp\/v2\/media\/94260"}],"wp:attachment":[{"href":"https:\/\/aavesa.com\/hu\/wp-json\/wp\/v2\/media?parent=94547"}],"wp:term":[{"taxonomy":"product_brand","embeddable":true,"href":"https:\/\/aavesa.com\/hu\/wp-json\/wp\/v2\/product_brand?post=94547"},{"taxonomy":"product_cat","embeddable":true,"href":"https:\/\/aavesa.com\/hu\/wp-json\/wp\/v2\/product_cat?post=94547"},{"taxonomy":"product_tag","embeddable":true,"href":"https:\/\/aavesa.com\/hu\/wp-json\/wp\/v2\/product_tag?post=94547"}],"curies":[{"name":"wp","href":"https:\/\/api.w.org\/{rel}","templated":true}]}}