

{"id":94551,"date":"2024-09-10T19:31:10","date_gmt":"2024-09-10T19:31:10","guid":{"rendered":"https:\/\/new.aavesa.com\/produs\/baranygyapju-kabat-sarki-roka-szormevel-399-v\/"},"modified":"2026-03-22T09:31:07","modified_gmt":"2026-03-22T07:31:07","slug":"baranygyapju-kabat-sarki-roka-szormevel-399-v","status":"publish","type":"product","link":"https:\/\/aavesa.com\/hu\/product\/baranygyapju-kabat-sarki-roka-szormevel-399-v\/","title":{"rendered":"Shearling Kab\u00e1t Arktiszi R\u00f3kabund\u00e1val 399 V"},"content":{"rendered":"<p>Ez a gazdag sarkvid\u00e9ki r\u00f3kagall\u00e9rral d\u00edsz\u00edtett ny\u00edrbunda kab\u00e1t eleganci\u00e1t, luxust \u00e9s kifinomults\u00e1got sug\u00e1roz. Modern szab\u00e1s\u00e1val \u00e9s kifog\u00e1stalan megjelen\u00e9s\u00e9vel ez a kab\u00e1t ide\u00e1lis arra, hogy b\u00e1rmilyen ruh\u00e1t st\u00edlusoss\u00e1 \u00e9s melegg\u00e9 tegyen. Gombos z\u00e1r\u00f3d\u00e1ssal rendelkezik, ami kifinomult \u00e9s klasszikus megjelen\u00e9st k\u00f6lcs\u00f6n\u00f6z neki. A kab\u00e1t k\u00e9t praktikus zsebbel rendelkezik, amelyek funkcionalit\u00e1st k\u00edn\u00e1lnak an\u00e9lk\u00fcl, hogy az eleganci\u00e1t vesz\u00e9lyeztetn\u00e9k. A sz\u00fcrke sz\u00ednben kaphat\u00f3 kab\u00e1t t\u00f6k\u00e9letes v\u00e1laszt\u00e1s azoknak a f\u00e9rfiaknak, akik \u00e9rt\u00e9kelik a min\u0151s\u00e9get \u00e9s a kifinomults\u00e1got egy kiv\u00e9teles ruhadarabban. Modell\u00fcnk 188 cm magas, 48-as m\u00e9retet visel, a term\u00e9k hossza 100 cm.     <\/p>\n","protected":false},"excerpt":{"rendered":"<p>Ez a gazdag sarkvid\u00e9ki r\u00f3kagall\u00e9rral d\u00edsz\u00edtett ny\u00edrbunda kab\u00e1t eleganci\u00e1t, luxust \u00e9s kifinomults\u00e1got sug\u00e1roz. Modern szab\u00e1s\u00e1val \u00e9s kifog\u00e1stalan megjelen\u00e9s\u00e9vel ez a kab\u00e1t ide\u00e1lis arra, hogy b\u00e1rmilyen ruh\u00e1t st\u00edlusoss\u00e1 \u00e9s melegg\u00e9 tegyen. Gombos z\u00e1r\u00f3d\u00e1ssal rendelkezik, ami kifinomult \u00e9s klasszikus megjelen\u00e9st k\u00f6lcs\u00f6n\u00f6z neki. A kab\u00e1t k\u00e9t praktikus zsebbel rendelkezik, amelyek funkcionalit\u00e1st k\u00edn\u00e1lnak an\u00e9lk\u00fcl, hogy az eleganci\u00e1t vesz\u00e9lyeztetn\u00e9k. A [&hellip;]<\/p>\n","protected":false},"featured_media":94244,"comment_status":"closed","ping_status":"closed","template":"","meta":{"_acf_changed":false,"om_disable_all_campaigns":false,"inline_featured_image":false,"_monsterinsights_skip_tracking":false,"_monsterinsights_sitenote_active":false,"_monsterinsights_sitenote_note":"","_monsterinsights_sitenote_category":0},"product_brand":[],"product_cat":[880,725,777],"product_tag":[],"class_list":{"0":"post-94551","1":"product","2":"type-product","3":"status-publish","4":"has-post-thumbnail","6":"product_cat-2024-2025-kollekcio","7":"product_cat-ferfiak","8":"product_cat-shearling-kabatok-ferfiaknak-ferfiak","10":"first","11":"instock","12":"taxable","13":"shipping-taxable","14":"purchasable","15":"product-type-variable","16":"has-default-attributes","17":"wvs-archive-product-wrapper"},"acf":{"categorie_feed":""},"aioseo_notices":[],"_links":{"self":[{"href":"https:\/\/aavesa.com\/hu\/wp-json\/wp\/v2\/product\/94551","targetHints":{"allow":["GET"]}}],"collection":[{"href":"https:\/\/aavesa.com\/hu\/wp-json\/wp\/v2\/product"}],"about":[{"href":"https:\/\/aavesa.com\/hu\/wp-json\/wp\/v2\/types\/product"}],"replies":[{"embeddable":true,"href":"https:\/\/aavesa.com\/hu\/wp-json\/wp\/v2\/comments?post=94551"}],"wp:featuredmedia":[{"embeddable":true,"href":"https:\/\/aavesa.com\/hu\/wp-json\/wp\/v2\/media\/94244"}],"wp:attachment":[{"href":"https:\/\/aavesa.com\/hu\/wp-json\/wp\/v2\/media?parent=94551"}],"wp:term":[{"taxonomy":"product_brand","embeddable":true,"href":"https:\/\/aavesa.com\/hu\/wp-json\/wp\/v2\/product_brand?post=94551"},{"taxonomy":"product_cat","embeddable":true,"href":"https:\/\/aavesa.com\/hu\/wp-json\/wp\/v2\/product_cat?post=94551"},{"taxonomy":"product_tag","embeddable":true,"href":"https:\/\/aavesa.com\/hu\/wp-json\/wp\/v2\/product_tag?post=94551"}],"curies":[{"name":"wp","href":"https:\/\/api.w.org\/{rel}","templated":true}]}}