

{"id":94553,"date":"2024-09-10T19:26:48","date_gmt":"2024-09-10T19:26:48","guid":{"rendered":"https:\/\/new.aavesa.com\/produs\/hosszu-bornadrag-653\/"},"modified":"2026-01-10T13:29:51","modified_gmt":"2026-01-10T13:29:51","slug":"hosszu-bornadrag-653","status":"publish","type":"product","link":"https:\/\/aavesa.com\/hu\/product\/hosszu-bornadrag-653\/","title":{"rendered":"Hossz\u00fa b\u0151rnadr\u00e1g 653"},"content":{"rendered":"<p>Ez a hossz\u00fa b\u0151rnadr\u00e1g a mell\u00e9kelt \u00f6vvel nagyon modern \u00e9s aktu\u00e1lis diz\u00e1jnt k\u00edn\u00e1l, amely klasszikus \u00e9s eleg\u00e1ns ruh\u00e1khoz egyar\u00e1nt alkalmas. \u00dagy k\u00e9sz\u00fclt, hogy k\u00f6nnyen alkalmazkodjon b\u00e1rmilyen st\u00edlushoz, \u00edgy ez a nadr\u00e1g gyorsan a ruhat\u00e1r alapdarabj\u00e1v\u00e1 v\u00e1lik. K\u00e9t praktikus zsebbel rendelkezik, \u00e9s cipz\u00e1rral z\u00e1r\u00f3dik, \u00edgy k\u00e9nyelmet \u00e9s funkcionalit\u00e1st k\u00edn\u00e1l. Fekete sz\u00ednben kaphat\u00f3, \u00edgy k\u00f6nnyen p\u00e1ros\u00edthat\u00f3 k\u00fcl\u00f6nb\u00f6z\u0151 bl\u00fazokkal, ingekkel \u00e9s fels\u0151kkel, \u00edgy minden megjelen\u00e9s hat\u00e1soss\u00e1 v\u00e1lik. T\u00f6k\u00e9letes v\u00e1laszt\u00e1s a kifinomults\u00e1g \u00e9s a st\u00edlus minden napj\u00e1ra. Modell\u00fcnk 174 cm magas, 36-os m\u00e9retet visel, a term\u00e9k hossza 116 cm.     <\/p>\n","protected":false},"excerpt":{"rendered":"<p>Ez a hossz\u00fa b\u0151rnadr\u00e1g a mell\u00e9kelt \u00f6vvel nagyon modern \u00e9s aktu\u00e1lis diz\u00e1jnt k\u00edn\u00e1l, amely klasszikus \u00e9s eleg\u00e1ns ruh\u00e1khoz egyar\u00e1nt alkalmas. \u00dagy k\u00e9sz\u00fclt, hogy k\u00f6nnyen alkalmazkodjon b\u00e1rmilyen st\u00edlushoz, \u00edgy ez a nadr\u00e1g gyorsan a ruhat\u00e1r alapdarabj\u00e1v\u00e1 v\u00e1lik. K\u00e9t praktikus zsebbel rendelkezik, \u00e9s cipz\u00e1rral z\u00e1r\u00f3dik, \u00edgy k\u00e9nyelmet \u00e9s funkcionalit\u00e1st k\u00edn\u00e1l. Fekete sz\u00ednben kaphat\u00f3, \u00edgy k\u00f6nnyen p\u00e1ros\u00edthat\u00f3 k\u00fcl\u00f6nb\u00f6z\u0151 [&hellip;]<\/p>\n","protected":false},"featured_media":94236,"comment_status":"closed","ping_status":"closed","template":"","meta":{"_acf_changed":false,"om_disable_all_campaigns":false,"inline_featured_image":false,"_monsterinsights_skip_tracking":false,"_monsterinsights_sitenote_active":false,"_monsterinsights_sitenote_note":"","_monsterinsights_sitenote_category":0},"product_brand":[],"product_cat":[880,882,821,741,916],"product_tag":[],"class_list":{"0":"post-94553","1":"product","2":"type-product","3":"status-publish","4":"has-post-thumbnail","6":"product_cat-2024-2025-kollekcio","7":"product_cat-bor-nadragok-noknek","8":"product_cat-bor-ruhak-noknek","9":"product_cat-nok","10":"product_cat-valodi-bor-termekek-tavaszra-es-oszre-kabatok-nadragok-kabatok-szoknyak-es-loveszkabatok-kabatok-nadragok-kabatok-szoknyak-es-loveszkabatok","12":"first","13":"instock","14":"taxable","15":"shipping-taxable","16":"purchasable","17":"product-type-variable","18":"has-default-attributes","19":"wvs-archive-product-wrapper"},"acf":{"categorie_feed":""},"aioseo_notices":[],"_links":{"self":[{"href":"https:\/\/aavesa.com\/hu\/wp-json\/wp\/v2\/product\/94553","targetHints":{"allow":["GET"]}}],"collection":[{"href":"https:\/\/aavesa.com\/hu\/wp-json\/wp\/v2\/product"}],"about":[{"href":"https:\/\/aavesa.com\/hu\/wp-json\/wp\/v2\/types\/product"}],"replies":[{"embeddable":true,"href":"https:\/\/aavesa.com\/hu\/wp-json\/wp\/v2\/comments?post=94553"}],"wp:featuredmedia":[{"embeddable":true,"href":"https:\/\/aavesa.com\/hu\/wp-json\/wp\/v2\/media\/94236"}],"wp:attachment":[{"href":"https:\/\/aavesa.com\/hu\/wp-json\/wp\/v2\/media?parent=94553"}],"wp:term":[{"taxonomy":"product_brand","embeddable":true,"href":"https:\/\/aavesa.com\/hu\/wp-json\/wp\/v2\/product_brand?post=94553"},{"taxonomy":"product_cat","embeddable":true,"href":"https:\/\/aavesa.com\/hu\/wp-json\/wp\/v2\/product_cat?post=94553"},{"taxonomy":"product_tag","embeddable":true,"href":"https:\/\/aavesa.com\/hu\/wp-json\/wp\/v2\/product_tag?post=94553"}],"curies":[{"name":"wp","href":"https:\/\/api.w.org\/{rel}","templated":true}]}}