

{"id":94555,"date":"2024-09-10T19:22:22","date_gmt":"2024-09-10T19:22:22","guid":{"rendered":"https:\/\/new.aavesa.com\/produs\/sarkvideki-roka-szormekabat-2093\/"},"modified":"2024-09-27T13:09:55","modified_gmt":"2024-09-27T13:09:55","slug":"sarkvideki-roka-szormekabat-2093","status":"publish","type":"product","link":"https:\/\/aavesa.com\/hu\/product\/sarkvideki-roka-szormekabat-2093\/","title":{"rendered":"Sarkvid\u00e9ki r\u00f3ka sz\u0151rmekab\u00e1t 2093"},"content":{"rendered":"<p>Ez a r\u00f6vid, magas gall\u00e9rral rendelkez\u0151 sarki r\u00f3ka pr\u00e9mes kab\u00e1t egy jellegzetes darab, amely luxust \u00e9s st\u00edlust k\u00f6lcs\u00f6n\u00f6z ruhat\u00e1r\u00e1nak. A legjobb min\u0151s\u00e9g\u0171 r\u00f3kapr\u00e9mb\u0151l k\u00e9sz\u00fclt kab\u00e1t puha text\u00far\u00e1j\u00e1val \u00e9s kifinomult megjelen\u00e9s\u00e9vel t\u0171nik ki. Eleg\u00e1ns \u00e9s modern diz\u00e1jnj\u00e1val minden alkalomra ide\u00e1lis. A klipszes z\u00e1r k\u00f6nny\u0171 \u00e9s k\u00e9nyelmes viseletet biztos\u00edt. A sz\u00fcrke, fekete \u00e9s piros sz\u00ednben kaphat\u00f3 sokoldal\u00fa kab\u00e1t t\u00f6k\u00e9letes az elegancia \u00e9s a kifinomults\u00e1g kifejez\u00e9s\u00e9re minden nap. Modell\u00fcnk 174 cm magas, 36-os m\u00e9retet hord, a term\u00e9k hossza 48 cm.     <\/p>\n","protected":false},"excerpt":{"rendered":"<p>Ez a r\u00f6vid, magas gall\u00e9rral rendelkez\u0151 sarki r\u00f3ka pr\u00e9mes kab\u00e1t egy jellegzetes darab, amely luxust \u00e9s st\u00edlust k\u00f6lcs\u00f6n\u00f6z ruhat\u00e1r\u00e1nak. A legjobb min\u0151s\u00e9g\u0171 r\u00f3kapr\u00e9mb\u0151l k\u00e9sz\u00fclt kab\u00e1t puha text\u00far\u00e1j\u00e1val \u00e9s kifinomult megjelen\u00e9s\u00e9vel t\u0171nik ki. Eleg\u00e1ns \u00e9s modern diz\u00e1jnj\u00e1val minden alkalomra ide\u00e1lis. A klipszes z\u00e1r k\u00f6nny\u0171 \u00e9s k\u00e9nyelmes viseletet biztos\u00edt. A sz\u00fcrke, fekete \u00e9s piros sz\u00ednben kaphat\u00f3 sokoldal\u00fa [&hellip;]<\/p>\n","protected":false},"featured_media":94226,"comment_status":"closed","ping_status":"closed","template":"","meta":{"_acf_changed":false,"om_disable_all_campaigns":false,"inline_featured_image":false,"_monsterinsights_skip_tracking":false,"_monsterinsights_sitenote_active":false,"_monsterinsights_sitenote_note":"","_monsterinsights_sitenote_category":0},"product_brand":[],"product_cat":[880,766,741],"product_tag":[],"class_list":{"0":"post-94555","1":"product","2":"type-product","3":"status-publish","4":"has-post-thumbnail","6":"product_cat-2024-2025-kollekcio","7":"product_cat-bundas-kabatok-es-bundas-dzsekik-noknek","8":"product_cat-nok","10":"first","11":"instock","12":"taxable","13":"shipping-taxable","14":"purchasable","15":"product-type-variable","16":"has-default-attributes","17":"wvs-archive-product-wrapper"},"acf":{"categorie_feed":""},"aioseo_notices":[],"_links":{"self":[{"href":"https:\/\/aavesa.com\/hu\/wp-json\/wp\/v2\/product\/94555","targetHints":{"allow":["GET"]}}],"collection":[{"href":"https:\/\/aavesa.com\/hu\/wp-json\/wp\/v2\/product"}],"about":[{"href":"https:\/\/aavesa.com\/hu\/wp-json\/wp\/v2\/types\/product"}],"replies":[{"embeddable":true,"href":"https:\/\/aavesa.com\/hu\/wp-json\/wp\/v2\/comments?post=94555"}],"wp:featuredmedia":[{"embeddable":true,"href":"https:\/\/aavesa.com\/hu\/wp-json\/wp\/v2\/media\/94226"}],"wp:attachment":[{"href":"https:\/\/aavesa.com\/hu\/wp-json\/wp\/v2\/media?parent=94555"}],"wp:term":[{"taxonomy":"product_brand","embeddable":true,"href":"https:\/\/aavesa.com\/hu\/wp-json\/wp\/v2\/product_brand?post=94555"},{"taxonomy":"product_cat","embeddable":true,"href":"https:\/\/aavesa.com\/hu\/wp-json\/wp\/v2\/product_cat?post=94555"},{"taxonomy":"product_tag","embeddable":true,"href":"https:\/\/aavesa.com\/hu\/wp-json\/wp\/v2\/product_tag?post=94555"}],"curies":[{"name":"wp","href":"https:\/\/api.w.org\/{rel}","templated":true}]}}