

{"id":94559,"date":"2024-09-10T19:14:30","date_gmt":"2024-09-10T19:14:30","guid":{"rendered":"https:\/\/new.aavesa.com\/produs\/baranygyapju-dzseki-3404\/"},"modified":"2026-04-10T15:08:01","modified_gmt":"2026-04-10T17:08:01","slug":"baranygyapju-dzseki-3404","status":"publish","type":"product","link":"https:\/\/aavesa.com\/hu\/product\/baranygyapju-dzseki-3404\/","title":{"rendered":"B\u00e1r\u00e1nygyapj\u00fa dzseki 3404"},"content":{"rendered":"<p>Ez a ny\u00edrbund\u00e1s kab\u00e1t modern diz\u00e1jnj\u00e1val \u00e9s egyedi r\u00e9szleteivel ny\u0171g\u00f6z le. Az eleg\u00e1ns gall\u00e9rral \u00e9s k\u00e9t stiliz\u00e1lt csattal ell\u00e1tott dzseki minden \u00f6lt\u00f6z\u00e9khez extra kifinomults\u00e1got k\u00f6lcs\u00f6n\u00f6z. A d\u00edsz\u00edt\u0151 r\u00e9szletekkel ell\u00e1tott modern zsebek korszer\u0171 megjelen\u00e9st biztos\u00edtanak, m\u00edg az alj\u00e1n \u00e9s a mandzsett\u00e1kon tal\u00e1lhat\u00f3 k\u00f6t\u00f6tt gumiszalag k\u00e9nyelmes \u00e9s rugalmas illeszked\u00e9st biztos\u00edt. Cipz\u00e1rral z\u00e1r\u00f3dik. Ez a b\u00e1r\u00e1nyb\u0151r kab\u00e1t t\u00f6k\u00e9letesen kieg\u00e9sz\u00edti szezon\u00e1lis ruhat\u00e1r\u00e1t, t\u00f6k\u00e9letesen \u00f6tv\u00f6zi a meleget, a k\u00e9nyelmet \u00e9s az innovat\u00edv st\u00edlust, \u00edgy inspir\u00e1l\u00f3 v\u00e1laszt\u00e1s a hideg napokra.     A dzseki barna sz\u00ednben kaphat\u00f3. Modell\u00fcnk 188 cm magas, 48-as m\u00e9retet hord, a term\u00e9k hossza 64 cm.<\/p>\n","protected":false},"excerpt":{"rendered":"<p>Ez a ny\u00edrbund\u00e1s kab\u00e1t modern diz\u00e1jnj\u00e1val \u00e9s egyedi r\u00e9szleteivel ny\u0171g\u00f6z le. Az eleg\u00e1ns gall\u00e9rral \u00e9s k\u00e9t stiliz\u00e1lt csattal ell\u00e1tott dzseki minden \u00f6lt\u00f6z\u00e9khez extra kifinomults\u00e1got k\u00f6lcs\u00f6n\u00f6z. A d\u00edsz\u00edt\u0151 r\u00e9szletekkel ell\u00e1tott modern zsebek korszer\u0171 megjelen\u00e9st biztos\u00edtanak, m\u00edg az alj\u00e1n \u00e9s a mandzsett\u00e1kon tal\u00e1lhat\u00f3 k\u00f6t\u00f6tt gumiszalag k\u00e9nyelmes \u00e9s rugalmas illeszked\u00e9st biztos\u00edt. Cipz\u00e1rral z\u00e1r\u00f3dik. Ez a b\u00e1r\u00e1nyb\u0151r kab\u00e1t t\u00f6k\u00e9letesen [&hellip;]<\/p>\n","protected":false},"featured_media":94204,"comment_status":"closed","ping_status":"closed","template":"","meta":{"_acf_changed":false,"om_disable_all_campaigns":false,"inline_featured_image":false,"_monsterinsights_skip_tracking":false,"_monsterinsights_sitenote_active":false,"_monsterinsights_sitenote_note":"","_monsterinsights_sitenote_category":0},"product_brand":[],"product_cat":[880,952,725,772],"product_tag":[],"class_list":{"0":"post-94559","1":"product","2":"type-product","3":"status-publish","4":"has-post-thumbnail","6":"product_cat-2024-2025-kollekcio","7":"product_cat-ferfi-es-noi-pehelypaplan-dzsekik-a-luxus-es-a-melegseg-vegso-kevereke","8":"product_cat-ferfiak","9":"product_cat-shearling-kabatok-ferfiaknak","11":"first","12":"instock","13":"taxable","14":"shipping-taxable","15":"purchasable","16":"product-type-variable","17":"has-default-attributes","18":"wvs-archive-product-wrapper"},"acf":{"categorie_feed":""},"aioseo_notices":[],"_links":{"self":[{"href":"https:\/\/aavesa.com\/hu\/wp-json\/wp\/v2\/product\/94559","targetHints":{"allow":["GET"]}}],"collection":[{"href":"https:\/\/aavesa.com\/hu\/wp-json\/wp\/v2\/product"}],"about":[{"href":"https:\/\/aavesa.com\/hu\/wp-json\/wp\/v2\/types\/product"}],"replies":[{"embeddable":true,"href":"https:\/\/aavesa.com\/hu\/wp-json\/wp\/v2\/comments?post=94559"}],"wp:featuredmedia":[{"embeddable":true,"href":"https:\/\/aavesa.com\/hu\/wp-json\/wp\/v2\/media\/94204"}],"wp:attachment":[{"href":"https:\/\/aavesa.com\/hu\/wp-json\/wp\/v2\/media?parent=94559"}],"wp:term":[{"taxonomy":"product_brand","embeddable":true,"href":"https:\/\/aavesa.com\/hu\/wp-json\/wp\/v2\/product_brand?post=94559"},{"taxonomy":"product_cat","embeddable":true,"href":"https:\/\/aavesa.com\/hu\/wp-json\/wp\/v2\/product_cat?post=94559"},{"taxonomy":"product_tag","embeddable":true,"href":"https:\/\/aavesa.com\/hu\/wp-json\/wp\/v2\/product_tag?post=94559"}],"curies":[{"name":"wp","href":"https:\/\/api.w.org\/{rel}","templated":true}]}}