

{"id":94561,"date":"2024-09-10T19:07:35","date_gmt":"2024-09-10T19:07:35","guid":{"rendered":"https:\/\/new.aavesa.com\/produs\/nyerc-bunda-kapucnival-hv024\/"},"modified":"2026-03-22T09:32:29","modified_gmt":"2026-03-22T07:32:29","slug":"nyerc-bunda-kapucnival-hv024","status":"publish","type":"product","link":"https:\/\/aavesa.com\/hu\/product\/nyerc-bunda-kapucnival-hv024\/","title":{"rendered":"Mink Sz\u0151rme Kab\u00e1t Kapucnival HV024"},"content":{"rendered":"<p>Ez a nercbunda eleg\u00e1ns \u00e9s sokoldal\u00fa modell, amely minden koroszt\u00e1ly sz\u00e1m\u00e1ra alkalmas, kiv\u00e9teles k\u00e9nyelmet \u00e9s id\u0151tlen st\u00edlust k\u00edn\u00e1l. A laz\u00e1bb szab\u00e1s\u00fa \u00e9s praktikus kapucnival ell\u00e1tott kab\u00e1t ide\u00e1lis a hideg napokon a hideg elleni v\u00e9delemhez. Alul \u00e1ll\u00edthat\u00f3 h\u00faz\u00f3zsin\u00f3rral rendelkezik a szem\u00e9lyre szabott illeszked\u00e9s \u00e9s az extra melegs\u00e9g \u00e9rdek\u00e9ben. A k\u00e9t zseb n\u00f6veli a funkcionalit\u00e1st, a klipszes z\u00e1r\u00f3d\u00e1s pedig k\u00f6nny\u0171 viseletet biztos\u00edt. A klasszikus fekete sz\u00ednben kaphat\u00f3 kab\u00e1t t\u00f6k\u00e9letes v\u00e1laszt\u00e1s a kifinomult \u00e9s k\u00e9nyelmes megjelen\u00e9shez. Modell\u00fcnk 174 cm magas, 36-os m\u00e9retet visel, a term\u00e9k hossza pedig 73 cm.     <\/p>\n","protected":false},"excerpt":{"rendered":"<p>Ez a nercbunda eleg\u00e1ns \u00e9s sokoldal\u00fa modell, amely minden koroszt\u00e1ly sz\u00e1m\u00e1ra alkalmas, kiv\u00e9teles k\u00e9nyelmet \u00e9s id\u0151tlen st\u00edlust k\u00edn\u00e1l. A laz\u00e1bb szab\u00e1s\u00fa \u00e9s praktikus kapucnival ell\u00e1tott kab\u00e1t ide\u00e1lis a hideg napokon a hideg elleni v\u00e9delemhez. Alul \u00e1ll\u00edthat\u00f3 h\u00faz\u00f3zsin\u00f3rral rendelkezik a szem\u00e9lyre szabott illeszked\u00e9s \u00e9s az extra melegs\u00e9g \u00e9rdek\u00e9ben. A k\u00e9t zseb n\u00f6veli a funkcionalit\u00e1st, a klipszes [&hellip;]<\/p>\n","protected":false},"featured_media":94196,"comment_status":"closed","ping_status":"closed","template":"","meta":{"_acf_changed":false,"om_disable_all_campaigns":false,"inline_featured_image":false,"_monsterinsights_skip_tracking":false,"_monsterinsights_sitenote_active":false,"_monsterinsights_sitenote_note":"","_monsterinsights_sitenote_category":0},"product_brand":[],"product_cat":[880,766,769,770],"product_tag":[],"class_list":{"0":"post-94561","1":"product","2":"type-product","3":"status-publish","4":"has-post-thumbnail","6":"product_cat-2024-2025-kollekcio","7":"product_cat-bundas-kabatok-es-bundas-dzsekik-noknek","8":"product_cat-nerc-szorme","9":"product_cat-vidra-bundak-vidra-zsekik","11":"first","12":"instock","13":"taxable","14":"shipping-taxable","15":"purchasable","16":"product-type-variable","17":"has-default-attributes","18":"wvs-archive-product-wrapper"},"acf":{"categorie_feed":""},"aioseo_notices":[],"_links":{"self":[{"href":"https:\/\/aavesa.com\/hu\/wp-json\/wp\/v2\/product\/94561","targetHints":{"allow":["GET"]}}],"collection":[{"href":"https:\/\/aavesa.com\/hu\/wp-json\/wp\/v2\/product"}],"about":[{"href":"https:\/\/aavesa.com\/hu\/wp-json\/wp\/v2\/types\/product"}],"replies":[{"embeddable":true,"href":"https:\/\/aavesa.com\/hu\/wp-json\/wp\/v2\/comments?post=94561"}],"wp:featuredmedia":[{"embeddable":true,"href":"https:\/\/aavesa.com\/hu\/wp-json\/wp\/v2\/media\/94196"}],"wp:attachment":[{"href":"https:\/\/aavesa.com\/hu\/wp-json\/wp\/v2\/media?parent=94561"}],"wp:term":[{"taxonomy":"product_brand","embeddable":true,"href":"https:\/\/aavesa.com\/hu\/wp-json\/wp\/v2\/product_brand?post=94561"},{"taxonomy":"product_cat","embeddable":true,"href":"https:\/\/aavesa.com\/hu\/wp-json\/wp\/v2\/product_cat?post=94561"},{"taxonomy":"product_tag","embeddable":true,"href":"https:\/\/aavesa.com\/hu\/wp-json\/wp\/v2\/product_tag?post=94561"}],"curies":[{"name":"wp","href":"https:\/\/api.w.org\/{rel}","templated":true}]}}