

{"id":94563,"date":"2024-09-10T19:00:01","date_gmt":"2024-09-10T19:00:01","guid":{"rendered":"https:\/\/new.aavesa.com\/produs\/hosszu-borkabat-1053\/"},"modified":"2024-09-27T18:27:37","modified_gmt":"2024-09-27T18:27:37","slug":"hosszu-borkabat-1053","status":"publish","type":"product","link":"https:\/\/aavesa.com\/hu\/product\/hosszu-borkabat-1053\/","title":{"rendered":"<br>Hossz\u00fa B\u0151r Kab\u00e1t 1053"},"content":{"rendered":"<p>Ez a hossz\u00fa b\u0151r kab\u00e1t egy kifinomult \u00e9s modern v\u00e1laszt\u00e1s, amely ide\u00e1lis a st\u00edlus hozz\u00e1ad\u00e1s\u00e1ra a ruhat\u00e1radhoz. Egyedi tervez\u00e9s\u00e9vel a kab\u00e1t v\u00e1llapokkal, csukl\u00f3csatokkal \u00e9s eleg\u00e1ns hajt\u00f3k\u00e1val rendelkezik. A der\u00e9ksz\u00edj kiemeli a sziluettet, t\u00f6k\u00e9letes illeszked\u00e9st biztos\u00edtva. A k\u00e9t zseb funkcion\u00e1lis kieg\u00e9sz\u00edt\u0151, m\u00edg a gombos z\u00e1r\u00f3d\u00e1s klasszikus megjelen\u00e9st k\u00f6lcs\u00f6n\u00f6z. A d\u00edszes yoke el\u00f6l \u00e9s h\u00e1tul teljes\u00edti ki a kifinomult megjelen\u00e9st. S\u00f6t\u00e9tz\u00f6ld \u00e9s fekete sz\u00ednben el\u00e9rhet\u0151, ez a sokoldal\u00fa kab\u00e1t t\u00f6k\u00e9letes b\u00e1rmely alkalomra, eleganci\u00e1t \u00e9s eredetis\u00e9get adva b\u00e1rmely \u00f6lt\u00f6z\u00e9khez. Modell\u00fcnk 174 cm magas, 36-os m\u00e9retet hord, \u00e9s a term\u00e9k hossza 113 cm.      <\/p>\n","protected":false},"excerpt":{"rendered":"<p>Ez a hossz\u00fa b\u0151r kab\u00e1t egy kifinomult \u00e9s modern v\u00e1laszt\u00e1s, amely ide\u00e1lis a st\u00edlus hozz\u00e1ad\u00e1s\u00e1ra a ruhat\u00e1radhoz. Egyedi tervez\u00e9s\u00e9vel a kab\u00e1t v\u00e1llapokkal, csukl\u00f3csatokkal \u00e9s eleg\u00e1ns hajt\u00f3k\u00e1val rendelkezik. A der\u00e9ksz\u00edj kiemeli a sziluettet, t\u00f6k\u00e9letes illeszked\u00e9st biztos\u00edtva. A k\u00e9t zseb funkcion\u00e1lis kieg\u00e9sz\u00edt\u0151, m\u00edg a gombos z\u00e1r\u00f3d\u00e1s klasszikus megjelen\u00e9st k\u00f6lcs\u00f6n\u00f6z. A d\u00edszes yoke el\u00f6l \u00e9s h\u00e1tul teljes\u00edti ki [&hellip;]<\/p>\n","protected":false},"featured_media":94181,"comment_status":"closed","ping_status":"closed","template":"","meta":{"_acf_changed":false,"om_disable_all_campaigns":false,"inline_featured_image":false,"_monsterinsights_skip_tracking":false,"_monsterinsights_sitenote_active":false,"_monsterinsights_sitenote_note":"","_monsterinsights_sitenote_category":0},"product_brand":[],"product_cat":[880,821,883,741,916],"product_tag":[],"class_list":{"0":"post-94563","1":"product","2":"type-product","3":"status-publish","4":"has-post-thumbnail","6":"product_cat-2024-2025-kollekcio","7":"product_cat-bor-ruhak-noknek","8":"product_cat-borkabatok-es-borkabatok","9":"product_cat-nok","10":"product_cat-valodi-bor-termekek-tavaszra-es-oszre-kabatok-nadragok-kabatok-szoknyak-es-loveszkabatok-kabatok-nadragok-kabatok-szoknyak-es-loveszkabatok","12":"first","13":"instock","14":"taxable","15":"shipping-taxable","16":"purchasable","17":"product-type-variable","18":"has-default-attributes","19":"wvs-archive-product-wrapper"},"acf":{"categorie_feed":""},"aioseo_notices":[],"_links":{"self":[{"href":"https:\/\/aavesa.com\/hu\/wp-json\/wp\/v2\/product\/94563","targetHints":{"allow":["GET"]}}],"collection":[{"href":"https:\/\/aavesa.com\/hu\/wp-json\/wp\/v2\/product"}],"about":[{"href":"https:\/\/aavesa.com\/hu\/wp-json\/wp\/v2\/types\/product"}],"replies":[{"embeddable":true,"href":"https:\/\/aavesa.com\/hu\/wp-json\/wp\/v2\/comments?post=94563"}],"wp:featuredmedia":[{"embeddable":true,"href":"https:\/\/aavesa.com\/hu\/wp-json\/wp\/v2\/media\/94181"}],"wp:attachment":[{"href":"https:\/\/aavesa.com\/hu\/wp-json\/wp\/v2\/media?parent=94563"}],"wp:term":[{"taxonomy":"product_brand","embeddable":true,"href":"https:\/\/aavesa.com\/hu\/wp-json\/wp\/v2\/product_brand?post=94563"},{"taxonomy":"product_cat","embeddable":true,"href":"https:\/\/aavesa.com\/hu\/wp-json\/wp\/v2\/product_cat?post=94563"},{"taxonomy":"product_tag","embeddable":true,"href":"https:\/\/aavesa.com\/hu\/wp-json\/wp\/v2\/product_tag?post=94563"}],"curies":[{"name":"wp","href":"https:\/\/api.w.org\/{rel}","templated":true}]}}