

{"id":94566,"date":"2024-09-10T18:47:19","date_gmt":"2024-09-10T18:47:19","guid":{"rendered":"https:\/\/new.aavesa.com\/produs\/baranygyapju-dzseki-2087\/"},"modified":"2026-04-10T15:03:01","modified_gmt":"2026-04-10T17:03:01","slug":"baranygyapju-dzseki-2087","status":"publish","type":"product","link":"https:\/\/aavesa.com\/hu\/product\/baranygyapju-dzseki-2087\/","title":{"rendered":"Shearling Kab\u00e1t 2087"},"content":{"rendered":"<p>Ez a gy\u00f6ny\u00f6r\u0171, konyakos \u00e1rnyalat\u00fa, feh\u00e9r sz\u0151rm\u00e9vel d\u00edsz\u00edtett ny\u00edrbund\u00e1s kab\u00e1t t\u00f6k\u00e9letesen v\u00e9d a hideg ellen a h\u0171v\u00f6s napokon. A modell ide\u00e1lis szab\u00e1sa t\u00f6k\u00e9letesen illeszkedik a sziluetthez, magas gall\u00e9rja pedig extra meleget \u00e9s v\u00e9delmet biztos\u00edt. A rejtett cipz\u00e1r kifinomult megjelen\u00e9st k\u00f6lcs\u00f6n\u00f6z, a k\u00e9t praktikus zseb pedig t\u00f6k\u00e9letesen alkalmas arra, hogy k\u00e9zn\u00e9l tartsa a legsz\u00fcks\u00e9gesebb dolgokat. Sokoldal\u00fa \u00e9s eleg\u00e1ns, ez a kab\u00e1t gyorsan a t\u00e9li ruhat\u00e1r kedvenc darabj\u00e1v\u00e1 v\u00e1lik, minden viseletn\u00e9l k\u00e9nyelmet \u00e9s st\u00edlust biztos\u00edtva. Kognac sz\u00ednben kaphat\u00f3. Modell\u00fcnk 174 cm magas, 36-os m\u00e9retet visel, a term\u00e9k hossza 50 cm.     <\/p>\n","protected":false},"excerpt":{"rendered":"<p>Ez a gy\u00f6ny\u00f6r\u0171, konyakos \u00e1rnyalat\u00fa, feh\u00e9r sz\u0151rm\u00e9vel d\u00edsz\u00edtett ny\u00edrbund\u00e1s kab\u00e1t t\u00f6k\u00e9letesen v\u00e9d a hideg ellen a h\u0171v\u00f6s napokon. A modell ide\u00e1lis szab\u00e1sa t\u00f6k\u00e9letesen illeszkedik a sziluetthez, magas gall\u00e9rja pedig extra meleget \u00e9s v\u00e9delmet biztos\u00edt. A rejtett cipz\u00e1r kifinomult megjelen\u00e9st k\u00f6lcs\u00f6n\u00f6z, a k\u00e9t praktikus zseb pedig t\u00f6k\u00e9letesen alkalmas arra, hogy k\u00e9zn\u00e9l tartsa a legsz\u00fcks\u00e9gesebb dolgokat. Sokoldal\u00fa [&hellip;]<\/p>\n","protected":false},"featured_media":94171,"comment_status":"closed","ping_status":"closed","template":"","meta":{"_acf_changed":false,"om_disable_all_campaigns":false,"inline_featured_image":false,"_monsterinsights_skip_tracking":false,"_monsterinsights_sitenote_active":false,"_monsterinsights_sitenote_note":"","_monsterinsights_sitenote_category":0},"product_brand":[],"product_cat":[880,952,773,741],"product_tag":[],"class_list":{"0":"post-94566","1":"product","2":"type-product","3":"status-publish","4":"has-post-thumbnail","6":"product_cat-2024-2025-kollekcio","7":"product_cat-ferfi-es-noi-pehelypaplan-dzsekik-a-luxus-es-a-melegseg-vegso-kevereke","8":"product_cat-noi-shearling-dzsekik","9":"product_cat-nok","11":"first","12":"instock","13":"taxable","14":"shipping-taxable","15":"purchasable","16":"product-type-variable","17":"has-default-attributes","18":"wvs-archive-product-wrapper"},"acf":{"categorie_feed":""},"aioseo_notices":[],"_links":{"self":[{"href":"https:\/\/aavesa.com\/hu\/wp-json\/wp\/v2\/product\/94566","targetHints":{"allow":["GET"]}}],"collection":[{"href":"https:\/\/aavesa.com\/hu\/wp-json\/wp\/v2\/product"}],"about":[{"href":"https:\/\/aavesa.com\/hu\/wp-json\/wp\/v2\/types\/product"}],"replies":[{"embeddable":true,"href":"https:\/\/aavesa.com\/hu\/wp-json\/wp\/v2\/comments?post=94566"}],"wp:featuredmedia":[{"embeddable":true,"href":"https:\/\/aavesa.com\/hu\/wp-json\/wp\/v2\/media\/94171"}],"wp:attachment":[{"href":"https:\/\/aavesa.com\/hu\/wp-json\/wp\/v2\/media?parent=94566"}],"wp:term":[{"taxonomy":"product_brand","embeddable":true,"href":"https:\/\/aavesa.com\/hu\/wp-json\/wp\/v2\/product_brand?post=94566"},{"taxonomy":"product_cat","embeddable":true,"href":"https:\/\/aavesa.com\/hu\/wp-json\/wp\/v2\/product_cat?post=94566"},{"taxonomy":"product_tag","embeddable":true,"href":"https:\/\/aavesa.com\/hu\/wp-json\/wp\/v2\/product_tag?post=94566"}],"curies":[{"name":"wp","href":"https:\/\/api.w.org\/{rel}","templated":true}]}}