

{"id":94569,"date":"2024-09-10T18:42:43","date_gmt":"2024-09-10T18:42:43","guid":{"rendered":"https:\/\/new.aavesa.com\/produs\/bor-szoknya-657\/"},"modified":"2026-01-09T06:06:55","modified_gmt":"2026-01-09T06:06:55","slug":"bor-szoknya-657","status":"publish","type":"product","link":"https:\/\/aavesa.com\/hu\/product\/bor-szoknya-657\/","title":{"rendered":"B\u0151r Szoknya 657"},"content":{"rendered":"<p>Ez a term\u00e9szetes b\u0151rszoknya modern \u00e9s kifinomult k\u00fcls\u0151t k\u00f6lcs\u00f6n\u00f6z a ruhat\u00e1radnak. A szoknya midi hossz\u00fas\u00e1g\u00fa \u00e9s eleg\u00e1ns oldals\u00f3 r\u00e9sszel ell\u00e1tott, modern \u00e9s n\u0151ies megjelen\u00e9st biztos\u00edt, amely b\u00e1rmilyen alkalomra t\u00f6k\u00e9letes. A z\u00e1r\u00e1s diszkr\u00e9t oldals\u00f3 cipz\u00e1rral t\u00f6rt\u00e9nik, amely k\u00e9nyelmes \u00e9s praktikus illeszked\u00e9st biztos\u00edt. Barna \u00e9s fekete sz\u00ednben kaphat\u00f3, ez a szoknya k\u00f6nnyen p\u00e1ros\u00edthat\u00f3, extra eleganci\u00e1t k\u00f6lcs\u00f6n\u00f6zve b\u00e1rmilyen \u00f6lt\u00f6z\u00e9knek. Ide\u00e1lis az eleg\u00e1ns megjelen\u00e9shez, ak\u00e1r az irod\u00e1ban, ak\u00e1r egy k\u00fcl\u00f6nleges esem\u00e9nyen. Modell\u00fcnk 174 cm magas, 36-os m\u00e9retet visel, a term\u00e9k hossza 73 cm.     <\/p>\n","protected":false},"excerpt":{"rendered":"<p>Ez a term\u00e9szetes b\u0151rszoknya modern \u00e9s kifinomult k\u00fcls\u0151t k\u00f6lcs\u00f6n\u00f6z a ruhat\u00e1radnak. A szoknya midi hossz\u00fas\u00e1g\u00fa \u00e9s eleg\u00e1ns oldals\u00f3 r\u00e9sszel ell\u00e1tott, modern \u00e9s n\u0151ies megjelen\u00e9st biztos\u00edt, amely b\u00e1rmilyen alkalomra t\u00f6k\u00e9letes. A z\u00e1r\u00e1s diszkr\u00e9t oldals\u00f3 cipz\u00e1rral t\u00f6rt\u00e9nik, amely k\u00e9nyelmes \u00e9s praktikus illeszked\u00e9st biztos\u00edt. Barna \u00e9s fekete sz\u00ednben kaphat\u00f3, ez a szoknya k\u00f6nnyen p\u00e1ros\u00edthat\u00f3, extra eleganci\u00e1t k\u00f6lcs\u00f6n\u00f6zve b\u00e1rmilyen [&hellip;]<\/p>\n","protected":false},"featured_media":97192,"comment_status":"closed","ping_status":"closed","template":"","meta":{"_acf_changed":false,"om_disable_all_campaigns":false,"inline_featured_image":false,"_monsterinsights_skip_tracking":false,"_monsterinsights_sitenote_active":false,"_monsterinsights_sitenote_note":"","_monsterinsights_sitenote_category":0},"product_brand":[],"product_cat":[880,918,821,881,741,916],"product_tag":[],"class_list":{"0":"post-94569","1":"product","2":"type-product","3":"status-publish","4":"has-post-thumbnail","6":"product_cat-2024-2025-kollekcio","7":"product_cat-2025-2026-kollekcio-autentikus-elegancia-szormeben-es-termeszetes-borben","8":"product_cat-bor-ruhak-noknek","9":"product_cat-bor-szoknyak-noknek","10":"product_cat-nok","11":"product_cat-valodi-bor-termekek-tavaszra-es-oszre-kabatok-nadragok-kabatok-szoknyak-es-loveszkabatok-kabatok-nadragok-kabatok-szoknyak-es-loveszkabatok","13":"first","14":"instock","15":"taxable","16":"shipping-taxable","17":"purchasable","18":"product-type-variable","19":"wvs-archive-product-wrapper"},"acf":{"categorie_feed":""},"aioseo_notices":[],"_links":{"self":[{"href":"https:\/\/aavesa.com\/hu\/wp-json\/wp\/v2\/product\/94569","targetHints":{"allow":["GET"]}}],"collection":[{"href":"https:\/\/aavesa.com\/hu\/wp-json\/wp\/v2\/product"}],"about":[{"href":"https:\/\/aavesa.com\/hu\/wp-json\/wp\/v2\/types\/product"}],"replies":[{"embeddable":true,"href":"https:\/\/aavesa.com\/hu\/wp-json\/wp\/v2\/comments?post=94569"}],"wp:featuredmedia":[{"embeddable":true,"href":"https:\/\/aavesa.com\/hu\/wp-json\/wp\/v2\/media\/97192"}],"wp:attachment":[{"href":"https:\/\/aavesa.com\/hu\/wp-json\/wp\/v2\/media?parent=94569"}],"wp:term":[{"taxonomy":"product_brand","embeddable":true,"href":"https:\/\/aavesa.com\/hu\/wp-json\/wp\/v2\/product_brand?post=94569"},{"taxonomy":"product_cat","embeddable":true,"href":"https:\/\/aavesa.com\/hu\/wp-json\/wp\/v2\/product_cat?post=94569"},{"taxonomy":"product_tag","embeddable":true,"href":"https:\/\/aavesa.com\/hu\/wp-json\/wp\/v2\/product_tag?post=94569"}],"curies":[{"name":"wp","href":"https:\/\/api.w.org\/{rel}","templated":true}]}}