

{"id":94572,"date":"2024-09-10T18:38:18","date_gmt":"2024-09-10T18:38:18","guid":{"rendered":"https:\/\/new.aavesa.com\/produs\/rovid-mink-fur-cape-hm037\/"},"modified":"2024-09-27T18:44:09","modified_gmt":"2024-09-27T18:44:09","slug":"rovid-mink-fur-cape-hm037","status":"publish","type":"product","link":"https:\/\/aavesa.com\/hu\/product\/rovid-mink-fur-cape-hm037\/","title":{"rendered":"R\u00f6vid Mink Sz\u0151rme K\u00f6peny HM037"},"content":{"rendered":"<p>Ez a r\u00f6vid mink sz\u0151rme k\u00f6peny t\u00f6k\u00e9letes kieg\u00e9sz\u00edt\u0151je b\u00e1rmely esem\u00e9ny \u00f6lt\u00f6zet\u00e9nek, luxust csemp\u00e9szve a megjelen\u00e9sbe. Kifinomult diz\u00e1jnja eleg\u00e1nsan takarja a v\u00e1llakat, eml\u00e9kezetes \u00e9s finom megjelen\u00e9st teremt. K\u00fcl\u00f6nleges alkalmakra ide\u00e1lis, a k\u00f6peny megjelen\u00e9se kiemelked\u0151, \u00edgy biztosan felt\u0171nsz benne. A patent z\u00e1r\u00f3d\u00e1s k\u00e9nyelmes \u00e9s egyszer\u0171 viseletet biztos\u00edt. Klasszikus fekete sz\u00ednben el\u00e9rhet\u0151, ez a k\u00f6peny extra st\u00edlust ad b\u00e1rmely est\u00e9lyi ruh\u00e1hoz, t\u00f6k\u00e9letesen kieg\u00e9sz\u00edtve esem\u00e9ny ruhat\u00e1radat. Modell\u00fcnk 174 cm magas, 36-os m\u00e9retet hord, \u00e9s a term\u00e9k hossza 29 cm.     <\/p>\n","protected":false},"excerpt":{"rendered":"<p>Ez a r\u00f6vid mink sz\u0151rme k\u00f6peny t\u00f6k\u00e9letes kieg\u00e9sz\u00edt\u0151je b\u00e1rmely esem\u00e9ny \u00f6lt\u00f6zet\u00e9nek, luxust csemp\u00e9szve a megjelen\u00e9sbe. Kifinomult diz\u00e1jnja eleg\u00e1nsan takarja a v\u00e1llakat, eml\u00e9kezetes \u00e9s finom megjelen\u00e9st teremt. K\u00fcl\u00f6nleges alkalmakra ide\u00e1lis, a k\u00f6peny megjelen\u00e9se kiemelked\u0151, \u00edgy biztosan felt\u0171nsz benne. A patent z\u00e1r\u00f3d\u00e1s k\u00e9nyelmes \u00e9s egyszer\u0171 viseletet biztos\u00edt. Klasszikus fekete sz\u00ednben el\u00e9rhet\u0151, ez a k\u00f6peny extra st\u00edlust ad [&hellip;]<\/p>\n","protected":false},"featured_media":94148,"comment_status":"closed","ping_status":"closed","template":"","meta":{"_acf_changed":false,"om_disable_all_campaigns":false,"inline_featured_image":false,"_monsterinsights_skip_tracking":false,"_monsterinsights_sitenote_active":false,"_monsterinsights_sitenote_note":"","_monsterinsights_sitenote_category":0},"product_brand":[],"product_cat":[880,792,769,741],"product_tag":[],"class_list":{"0":"post-94572","1":"product","2":"type-product","3":"status-publish","4":"has-post-thumbnail","6":"product_cat-2024-2025-kollekcio","7":"product_cat-bundas-salak-es-bundas-kopenyek","8":"product_cat-nerc-szorme","9":"product_cat-nok","11":"first","12":"instock","13":"taxable","14":"shipping-taxable","15":"purchasable","16":"product-type-variable","17":"has-default-attributes","18":"wvs-archive-product-wrapper"},"acf":{"categorie_feed":""},"aioseo_notices":[],"_links":{"self":[{"href":"https:\/\/aavesa.com\/hu\/wp-json\/wp\/v2\/product\/94572","targetHints":{"allow":["GET"]}}],"collection":[{"href":"https:\/\/aavesa.com\/hu\/wp-json\/wp\/v2\/product"}],"about":[{"href":"https:\/\/aavesa.com\/hu\/wp-json\/wp\/v2\/types\/product"}],"replies":[{"embeddable":true,"href":"https:\/\/aavesa.com\/hu\/wp-json\/wp\/v2\/comments?post=94572"}],"wp:featuredmedia":[{"embeddable":true,"href":"https:\/\/aavesa.com\/hu\/wp-json\/wp\/v2\/media\/94148"}],"wp:attachment":[{"href":"https:\/\/aavesa.com\/hu\/wp-json\/wp\/v2\/media?parent=94572"}],"wp:term":[{"taxonomy":"product_brand","embeddable":true,"href":"https:\/\/aavesa.com\/hu\/wp-json\/wp\/v2\/product_brand?post=94572"},{"taxonomy":"product_cat","embeddable":true,"href":"https:\/\/aavesa.com\/hu\/wp-json\/wp\/v2\/product_cat?post=94572"},{"taxonomy":"product_tag","embeddable":true,"href":"https:\/\/aavesa.com\/hu\/wp-json\/wp\/v2\/product_tag?post=94572"}],"curies":[{"name":"wp","href":"https:\/\/api.w.org\/{rel}","templated":true}]}}