

{"id":94574,"date":"2024-09-10T18:34:15","date_gmt":"2024-09-10T20:34:15","guid":{"rendered":"https:\/\/new.aavesa.com\/produs\/borkabat-3033\/"},"modified":"2026-03-22T09:34:48","modified_gmt":"2026-03-22T07:34:48","slug":"borkabat-3033","status":"publish","type":"product","link":"https:\/\/aavesa.com\/hu\/product\/borkabat-3033\/","title":{"rendered":"B\u0151r Kab\u00e1t 3033"},"content":{"rendered":"<p>Ez a term\u00e9szetes b\u0151rdzseki modern diz\u00e1jnnal \u00e9s jellegzetes vintage sz\u00ednnel t\u00f6k\u00e9letesen alkalmas arra, hogy st\u00edlusoss\u00e1 tegye ruhat\u00e1r\u00e1t. A k\u00e9nyelem \u00e9s a funkcionalit\u00e1s jegy\u00e9ben tervezett kab\u00e1t patentokkal z\u00e1r\u00f3dik, \u00e9s k\u00e9t patentos zsebbel \u00e9s k\u00e9t norm\u00e1l zsebbel rendelkezik, amelyek ide\u00e1lisak az alapvet\u0151 dolgok t\u00e1rol\u00e1s\u00e1ra. A modell sokoldal\u00fa \u00e9s k\u00f6nnyen \u00f6sszeilleszthet\u0151. A vintage \u00e9s fekete sz\u00ednben kaphat\u00f3 kab\u00e1t kit\u0171nik pr\u00e9mium min\u0151s\u00e9g\u0171 anyagokkal \u00e9s a r\u00e9szletekre val\u00f3 odafigyel\u00e9ssel. Ide\u00e1lis b\u00e1rmilyen \u00f6lt\u00f6z\u00e9k kieg\u00e9sz\u00edt\u00e9s\u00e9re, sokoldal\u00fa \u00e9s n\u00e9lk\u00fcl\u00f6zhetetlen darabja a ruhat\u00e1r\u00e1nak. Modell\u00fcnk 188 cm magas, 48-as m\u00e9retet visel, a term\u00e9k hossza pedig 68 cm.     <\/p>\n","protected":false},"excerpt":{"rendered":"<p>Ez a term\u00e9szetes b\u0151rdzseki modern diz\u00e1jnnal \u00e9s jellegzetes vintage sz\u00ednnel t\u00f6k\u00e9letesen alkalmas arra, hogy st\u00edlusoss\u00e1 tegye ruhat\u00e1r\u00e1t. A k\u00e9nyelem \u00e9s a funkcionalit\u00e1s jegy\u00e9ben tervezett kab\u00e1t patentokkal z\u00e1r\u00f3dik, \u00e9s k\u00e9t patentos zsebbel \u00e9s k\u00e9t norm\u00e1l zsebbel rendelkezik, amelyek ide\u00e1lisak az alapvet\u0151 dolgok t\u00e1rol\u00e1s\u00e1ra. A modell sokoldal\u00fa \u00e9s k\u00f6nnyen \u00f6sszeilleszthet\u0151. A vintage \u00e9s fekete sz\u00ednben kaphat\u00f3 kab\u00e1t [&hellip;]<\/p>\n","protected":false},"featured_media":94133,"comment_status":"closed","ping_status":"closed","template":"","meta":{"_acf_changed":false,"om_disable_all_campaigns":false,"inline_featured_image":false,"_monsterinsights_skip_tracking":false,"_monsterinsights_sitenote_active":false,"_monsterinsights_sitenote_note":"","_monsterinsights_sitenote_category":0},"product_brand":[],"product_cat":[880,823,762,725,916],"product_tag":[],"class_list":{"0":"post-94574","1":"product","2":"type-product","3":"status-publish","4":"has-post-thumbnail","6":"product_cat-2024-2025-kollekcio","7":"product_cat-bor-ruhak-ferfiaknak","8":"product_cat-borkabatok-ferfiaknak","9":"product_cat-ferfiak","10":"product_cat-valodi-bor-termekek-tavaszra-es-oszre-kabatok-nadragok-kabatok-szoknyak-es-loveszkabatok-kabatok-nadragok-kabatok-szoknyak-es-loveszkabatok","12":"first","13":"instock","14":"taxable","15":"shipping-taxable","16":"purchasable","17":"product-type-variable","18":"has-default-attributes","19":"wvs-archive-product-wrapper"},"acf":{"categorie_feed":""},"aioseo_notices":[],"_links":{"self":[{"href":"https:\/\/aavesa.com\/hu\/wp-json\/wp\/v2\/product\/94574","targetHints":{"allow":["GET"]}}],"collection":[{"href":"https:\/\/aavesa.com\/hu\/wp-json\/wp\/v2\/product"}],"about":[{"href":"https:\/\/aavesa.com\/hu\/wp-json\/wp\/v2\/types\/product"}],"replies":[{"embeddable":true,"href":"https:\/\/aavesa.com\/hu\/wp-json\/wp\/v2\/comments?post=94574"}],"wp:featuredmedia":[{"embeddable":true,"href":"https:\/\/aavesa.com\/hu\/wp-json\/wp\/v2\/media\/94133"}],"wp:attachment":[{"href":"https:\/\/aavesa.com\/hu\/wp-json\/wp\/v2\/media?parent=94574"}],"wp:term":[{"taxonomy":"product_brand","embeddable":true,"href":"https:\/\/aavesa.com\/hu\/wp-json\/wp\/v2\/product_brand?post=94574"},{"taxonomy":"product_cat","embeddable":true,"href":"https:\/\/aavesa.com\/hu\/wp-json\/wp\/v2\/product_cat?post=94574"},{"taxonomy":"product_tag","embeddable":true,"href":"https:\/\/aavesa.com\/hu\/wp-json\/wp\/v2\/product_tag?post=94574"}],"curies":[{"name":"wp","href":"https:\/\/api.w.org\/{rel}","templated":true}]}}