

{"id":94577,"date":"2024-09-10T18:29:38","date_gmt":"2024-09-10T18:29:38","guid":{"rendered":"https:\/\/new.aavesa.com\/produs\/nyerc-szor-dzseki-hm038\/"},"modified":"2026-03-22T09:34:47","modified_gmt":"2026-03-22T07:34:47","slug":"nyerc-szor-dzseki-hm038","status":"publish","type":"product","link":"https:\/\/aavesa.com\/hu\/product\/nyerc-szor-dzseki-hm038\/","title":{"rendered":"Mink Sz\u0151rme Kab\u00e1t HM038"},"content":{"rendered":"<p>Ez a nercbunda kab\u00e1t modern diz\u00e1jnj\u00e1val \u00e9s gy\u00f6ny\u00f6r\u0171en kifinomult gall\u00e9rj\u00e1val t\u0171nik ki, extra eleganci\u00e1t \u00e9s st\u00edlust k\u00f6lcs\u00f6n\u00f6z b\u00e1rmelyik \u00f6lt\u00f6z\u00e9knek. A kifog\u00e1stalan szab\u00e1ssal \u00e9s gondosan kidolgozott r\u00e9szletekkel rendelkez\u0151 kab\u00e1t ide\u00e1lis k\u00fcl\u00f6nleges alkalmakra vagy a mindennapok luxus\u00e1nak megkoron\u00e1z\u00e1s\u00e1ra. A z\u00e1r\u00f3d\u00e1s eleg\u00e1ns gombbal \u00e9s klipszekkel k\u00e9sz\u00fclt, ami k\u00e9nyelmes \u00e9s biztons\u00e1gos viseletet biztos\u00edt.   K\u00e9t praktikus zsebbel rendelkezik. Ez a bord\u00f3 sz\u00ednben kaphat\u00f3 nercbunda kab\u00e1t a ruhat\u00e1r elengedhetetlen darabja, amely kifinomults\u00e1got \u00e9s min\u0151s\u00e9get k\u00f6lcs\u00f6n\u00f6z minden megjelen\u00e9snek. Modell\u00fcnk 174 cm magas, 36-os m\u00e9retet visel, a term\u00e9k hossza 60 cm. <\/p>\n","protected":false},"excerpt":{"rendered":"<p>Ez a nercbunda kab\u00e1t modern diz\u00e1jnj\u00e1val \u00e9s gy\u00f6ny\u00f6r\u0171en kifinomult gall\u00e9rj\u00e1val t\u0171nik ki, extra eleganci\u00e1t \u00e9s st\u00edlust k\u00f6lcs\u00f6n\u00f6z b\u00e1rmelyik \u00f6lt\u00f6z\u00e9knek. A kifog\u00e1stalan szab\u00e1ssal \u00e9s gondosan kidolgozott r\u00e9szletekkel rendelkez\u0151 kab\u00e1t ide\u00e1lis k\u00fcl\u00f6nleges alkalmakra vagy a mindennapok luxus\u00e1nak megkoron\u00e1z\u00e1s\u00e1ra. A z\u00e1r\u00f3d\u00e1s eleg\u00e1ns gombbal \u00e9s klipszekkel k\u00e9sz\u00fclt, ami k\u00e9nyelmes \u00e9s biztons\u00e1gos viseletet biztos\u00edt. K\u00e9t praktikus zsebbel rendelkezik. Ez a [&hellip;]<\/p>\n","protected":false},"featured_media":94125,"comment_status":"closed","ping_status":"closed","template":"","meta":{"_acf_changed":false,"om_disable_all_campaigns":false,"inline_featured_image":false,"_monsterinsights_skip_tracking":false,"_monsterinsights_sitenote_active":false,"_monsterinsights_sitenote_note":"","_monsterinsights_sitenote_category":0},"product_brand":[],"product_cat":[880,766,769,741,770],"product_tag":[],"class_list":{"0":"post-94577","1":"product","2":"type-product","3":"status-publish","4":"has-post-thumbnail","6":"product_cat-2024-2025-kollekcio","7":"product_cat-bundas-kabatok-es-bundas-dzsekik-noknek","8":"product_cat-nerc-szorme","9":"product_cat-nok","10":"product_cat-vidra-bundak-vidra-zsekik","12":"first","13":"instock","14":"taxable","15":"shipping-taxable","16":"purchasable","17":"product-type-variable","18":"has-default-attributes","19":"wvs-archive-product-wrapper"},"acf":{"categorie_feed":""},"aioseo_notices":[],"_links":{"self":[{"href":"https:\/\/aavesa.com\/hu\/wp-json\/wp\/v2\/product\/94577","targetHints":{"allow":["GET"]}}],"collection":[{"href":"https:\/\/aavesa.com\/hu\/wp-json\/wp\/v2\/product"}],"about":[{"href":"https:\/\/aavesa.com\/hu\/wp-json\/wp\/v2\/types\/product"}],"replies":[{"embeddable":true,"href":"https:\/\/aavesa.com\/hu\/wp-json\/wp\/v2\/comments?post=94577"}],"wp:featuredmedia":[{"embeddable":true,"href":"https:\/\/aavesa.com\/hu\/wp-json\/wp\/v2\/media\/94125"}],"wp:attachment":[{"href":"https:\/\/aavesa.com\/hu\/wp-json\/wp\/v2\/media?parent=94577"}],"wp:term":[{"taxonomy":"product_brand","embeddable":true,"href":"https:\/\/aavesa.com\/hu\/wp-json\/wp\/v2\/product_brand?post=94577"},{"taxonomy":"product_cat","embeddable":true,"href":"https:\/\/aavesa.com\/hu\/wp-json\/wp\/v2\/product_cat?post=94577"},{"taxonomy":"product_tag","embeddable":true,"href":"https:\/\/aavesa.com\/hu\/wp-json\/wp\/v2\/product_tag?post=94577"}],"curies":[{"name":"wp","href":"https:\/\/api.w.org\/{rel}","templated":true}]}}