

{"id":94579,"date":"2024-09-10T18:08:05","date_gmt":"2024-09-10T18:08:05","guid":{"rendered":"https:\/\/new.aavesa.com\/produs\/baranygyapju-es-mongol-bunda-2091\/"},"modified":"2026-04-13T09:16:37","modified_gmt":"2026-04-13T11:16:37","slug":"baranygyapju-es-mongol-bunda-2091","status":"publish","type":"product","link":"https:\/\/aavesa.com\/hu\/product\/baranygyapju-es-mongol-bunda-2091\/","title":{"rendered":"Juhb\u0151r \u00e9s Mongol Sz\u0151rme Kab\u00e1t 2091"},"content":{"rendered":"<p>Ez a gazdag gall\u00e9rral \u00e9s mongol sz\u0151rme mandzsett\u00e1val ell\u00e1tott b\u00e1r\u00e1nyb\u0151r kab\u00e1t egy k\u00fcl\u00f6nleges darab, amely kifinomults\u00e1got k\u00f6lcs\u00f6n\u00f6z b\u00e1rmely \u00f6lt\u00f6z\u00e9knek. Egyed\u00fcl\u00e1ll\u00f3 \u00e9s kifinomult kialak\u00edt\u00e1s\u00e1nak k\u00f6sz\u00f6nhet\u0151en b\u00e1rmilyen alkalomra t\u00f6k\u00e9letes v\u00e1laszt\u00e1s. A diszkr\u00e9t patentz\u00e1r fenntartja az eleg\u00e1ns megjelen\u00e9st, a k\u00e9t zseb pedig funkcionalit\u00e1st biztos\u00edt. A klasszikus fekete sz\u00ednben kaphat\u00f3 kab\u00e1t a luxust \u00e9s a meleget \u00f6tv\u00f6zi, \u00edgy gyorsan a t\u00e9li ruhat\u00e1r elengedhetetlen elem\u00e9v\u00e9 v\u00e1lik. Kiv\u00e1l\u00f3 term\u00e9k, amely kompromisszumok n\u00e9lk\u00fcl ny\u00fajt k\u00e9nyelmet \u00e9s st\u00edlust. Modell\u00fcnk 174 cm magas, 36-os m\u00e9retet visel, a term\u00e9k hossza 71 cm.     <\/p>\n","protected":false},"excerpt":{"rendered":"<p>Ez a gazdag gall\u00e9rral \u00e9s mongol sz\u0151rme mandzsett\u00e1val ell\u00e1tott b\u00e1r\u00e1nyb\u0151r kab\u00e1t egy k\u00fcl\u00f6nleges darab, amely kifinomults\u00e1got k\u00f6lcs\u00f6n\u00f6z b\u00e1rmely \u00f6lt\u00f6z\u00e9knek. Egyed\u00fcl\u00e1ll\u00f3 \u00e9s kifinomult kialak\u00edt\u00e1s\u00e1nak k\u00f6sz\u00f6nhet\u0151en b\u00e1rmilyen alkalomra t\u00f6k\u00e9letes v\u00e1laszt\u00e1s. A diszkr\u00e9t patentz\u00e1r fenntartja az eleg\u00e1ns megjelen\u00e9st, a k\u00e9t zseb pedig funkcionalit\u00e1st biztos\u00edt. A klasszikus fekete sz\u00ednben kaphat\u00f3 kab\u00e1t a luxust \u00e9s a meleget \u00f6tv\u00f6zi, \u00edgy gyorsan [&hellip;]<\/p>\n","protected":false},"featured_media":94111,"comment_status":"closed","ping_status":"closed","template":"","meta":{"_acf_changed":false,"om_disable_all_campaigns":false,"inline_featured_image":false,"_monsterinsights_skip_tracking":false,"_monsterinsights_sitenote_active":false,"_monsterinsights_sitenote_note":"","_monsterinsights_sitenote_category":0},"product_brand":[],"product_cat":[880,778,779],"product_tag":[],"class_list":{"0":"post-94579","1":"product","2":"type-product","3":"status-publish","4":"has-post-thumbnail","6":"product_cat-2024-2025-kollekcio","7":"product_cat-baranybor-kabatok-hu","8":"product_cat-noi-shearling-kabatok","10":"first","11":"instock","12":"taxable","13":"shipping-taxable","14":"purchasable","15":"product-type-variable","16":"has-default-attributes","17":"wvs-archive-product-wrapper"},"acf":{"categorie_feed":""},"aioseo_notices":[],"_links":{"self":[{"href":"https:\/\/aavesa.com\/hu\/wp-json\/wp\/v2\/product\/94579","targetHints":{"allow":["GET"]}}],"collection":[{"href":"https:\/\/aavesa.com\/hu\/wp-json\/wp\/v2\/product"}],"about":[{"href":"https:\/\/aavesa.com\/hu\/wp-json\/wp\/v2\/types\/product"}],"replies":[{"embeddable":true,"href":"https:\/\/aavesa.com\/hu\/wp-json\/wp\/v2\/comments?post=94579"}],"wp:featuredmedia":[{"embeddable":true,"href":"https:\/\/aavesa.com\/hu\/wp-json\/wp\/v2\/media\/94111"}],"wp:attachment":[{"href":"https:\/\/aavesa.com\/hu\/wp-json\/wp\/v2\/media?parent=94579"}],"wp:term":[{"taxonomy":"product_brand","embeddable":true,"href":"https:\/\/aavesa.com\/hu\/wp-json\/wp\/v2\/product_brand?post=94579"},{"taxonomy":"product_cat","embeddable":true,"href":"https:\/\/aavesa.com\/hu\/wp-json\/wp\/v2\/product_cat?post=94579"},{"taxonomy":"product_tag","embeddable":true,"href":"https:\/\/aavesa.com\/hu\/wp-json\/wp\/v2\/product_tag?post=94579"}],"curies":[{"name":"wp","href":"https:\/\/api.w.org\/{rel}","templated":true}]}}