

{"id":94581,"date":"2024-09-10T17:59:13","date_gmt":"2024-09-10T17:59:13","guid":{"rendered":"https:\/\/new.aavesa.com\/produs\/borkabat-3032\/"},"modified":"2026-03-22T09:36:34","modified_gmt":"2026-03-22T07:36:34","slug":"borkabat-3032","status":"publish","type":"product","link":"https:\/\/aavesa.com\/hu\/product\/borkabat-3032\/","title":{"rendered":"B\u0151rkab\u00e1t 3032"},"content":{"rendered":"<p>Ez a modern \u00e9s klasszikus elemeket \u00f6tv\u00f6z\u0151 kialak\u00edt\u00e1s\u00fa b\u0151rdzseki ide\u00e1lis a mindennapos viselethez, st\u00edlusoss\u00e1 t\u00e9ve b\u00e1rmilyen \u00f6lt\u00f6z\u00e9ket. K\u00e9t cipz\u00e1ras zsebbel rendelkezik, amelyek funkcionalit\u00e1st \u00e9s biztons\u00e1got ny\u00fajtanak a szem\u00e9lyes t\u00e1rgyak sz\u00e1m\u00e1ra. A z\u00e1r\u00e1s a fels\u0151 r\u00e9szen tal\u00e1lhat\u00f3 gombnyom\u00e1ssal \u00e9s dupla cs\u00fasz\u00f3 cipz\u00e1rral t\u00f6rt\u00e9nik, biztos\u00edtva a k\u00e9nyelmet \u00e9s a sokoldal\u00fas\u00e1got. Ez az eleg\u00e1ns tenger\u00e9szk\u00e9k \u00e1rnyalatban kaphat\u00f3 kab\u00e1t t\u00f6k\u00e9letesen alkalmas arra, hogy kifinomult \u00e9s id\u0151tlen megjelen\u00e9ssel eg\u00e9sz\u00edtse ki a mindennapi ruhat\u00e1rat. Modell\u00fcnk 188 cm magas, 48-as m\u00e9retet visel, a term\u00e9k hossza pedig 65 cm.    <\/p>\n","protected":false},"excerpt":{"rendered":"<p>Ez a modern \u00e9s klasszikus elemeket \u00f6tv\u00f6z\u0151 kialak\u00edt\u00e1s\u00fa b\u0151rdzseki ide\u00e1lis a mindennapos viselethez, st\u00edlusoss\u00e1 t\u00e9ve b\u00e1rmilyen \u00f6lt\u00f6z\u00e9ket. K\u00e9t cipz\u00e1ras zsebbel rendelkezik, amelyek funkcionalit\u00e1st \u00e9s biztons\u00e1got ny\u00fajtanak a szem\u00e9lyes t\u00e1rgyak sz\u00e1m\u00e1ra. A z\u00e1r\u00e1s a fels\u0151 r\u00e9szen tal\u00e1lhat\u00f3 gombnyom\u00e1ssal \u00e9s dupla cs\u00fasz\u00f3 cipz\u00e1rral t\u00f6rt\u00e9nik, biztos\u00edtva a k\u00e9nyelmet \u00e9s a sokoldal\u00fas\u00e1got. Ez az eleg\u00e1ns tenger\u00e9szk\u00e9k \u00e1rnyalatban kaphat\u00f3 kab\u00e1t [&hellip;]<\/p>\n","protected":false},"featured_media":94105,"comment_status":"closed","ping_status":"closed","template":"","meta":{"_acf_changed":false,"om_disable_all_campaigns":false,"inline_featured_image":false,"_monsterinsights_skip_tracking":false,"_monsterinsights_sitenote_active":false,"_monsterinsights_sitenote_note":"","_monsterinsights_sitenote_category":0},"product_brand":[],"product_cat":[880,762,916],"product_tag":[],"class_list":{"0":"post-94581","1":"product","2":"type-product","3":"status-publish","4":"has-post-thumbnail","6":"product_cat-2024-2025-kollekcio","7":"product_cat-borkabatok-ferfiaknak","8":"product_cat-valodi-bor-termekek-tavaszra-es-oszre-kabatok-nadragok-kabatok-szoknyak-es-loveszkabatok-kabatok-nadragok-kabatok-szoknyak-es-loveszkabatok","10":"first","11":"instock","12":"taxable","13":"shipping-taxable","14":"purchasable","15":"product-type-variable","16":"has-default-attributes","17":"wvs-archive-product-wrapper"},"acf":{"categorie_feed":""},"aioseo_notices":[],"_links":{"self":[{"href":"https:\/\/aavesa.com\/hu\/wp-json\/wp\/v2\/product\/94581","targetHints":{"allow":["GET"]}}],"collection":[{"href":"https:\/\/aavesa.com\/hu\/wp-json\/wp\/v2\/product"}],"about":[{"href":"https:\/\/aavesa.com\/hu\/wp-json\/wp\/v2\/types\/product"}],"replies":[{"embeddable":true,"href":"https:\/\/aavesa.com\/hu\/wp-json\/wp\/v2\/comments?post=94581"}],"wp:featuredmedia":[{"embeddable":true,"href":"https:\/\/aavesa.com\/hu\/wp-json\/wp\/v2\/media\/94105"}],"wp:attachment":[{"href":"https:\/\/aavesa.com\/hu\/wp-json\/wp\/v2\/media?parent=94581"}],"wp:term":[{"taxonomy":"product_brand","embeddable":true,"href":"https:\/\/aavesa.com\/hu\/wp-json\/wp\/v2\/product_brand?post=94581"},{"taxonomy":"product_cat","embeddable":true,"href":"https:\/\/aavesa.com\/hu\/wp-json\/wp\/v2\/product_cat?post=94581"},{"taxonomy":"product_tag","embeddable":true,"href":"https:\/\/aavesa.com\/hu\/wp-json\/wp\/v2\/product_tag?post=94581"}],"curies":[{"name":"wp","href":"https:\/\/api.w.org\/{rel}","templated":true}]}}