

{"id":94583,"date":"2024-09-10T17:55:15","date_gmt":"2024-09-10T17:55:15","guid":{"rendered":"https:\/\/new.aavesa.com\/produs\/baranygyapju-es-textilkabat-2089\/"},"modified":"2026-04-10T15:03:04","modified_gmt":"2026-04-10T17:03:04","slug":"baranygyapju-es-textilkabat-2089","status":"publish","type":"product","link":"https:\/\/aavesa.com\/hu\/product\/baranygyapju-es-textilkabat-2089\/","title":{"rendered":"Shearling \u00e9s Textil Kab\u00e1t 2089"},"content":{"rendered":"<p>Ez a textilanyaggal kombin\u00e1lt ny\u00edrbund\u00e1s kab\u00e1t modern \u00e9s kifinomult k\u00fcls\u0151t k\u00f6lcs\u00f6n\u00f6z b\u00e1rmilyen \u00f6lt\u00f6z\u00e9knek, trendi \u00e9s t\u00f6k\u00e9letes b\u00e1rmilyen alkalomra. A modern kialak\u00edt\u00e1s\u00fa kab\u00e1t eleg\u00e1ns gall\u00e9rral \u00e9s k\u00e9t cipz\u00e1ras zsebbel rendelkezik, \u00edgy egyszerre biztos\u00edtja a funkcionalit\u00e1st \u00e9s a st\u00edlust. A z\u00e1r\u00e1s f\u00fcgg\u0151leges cipz\u00e1rral t\u00f6rt\u00e9nik, ami dinamizmust \u00e9s eredetis\u00e9get k\u00f6lcs\u00f6n\u00f6z a kab\u00e1tnak. A shearling \u00e9s a textil kombin\u00e1ci\u00f3ja kiv\u00e1l\u00f3 \u00e9s egyedi vizu\u00e1lis hat\u00e1st kelt. A konyak \u00e9s fekete sz\u00ednben kaphat\u00f3 kab\u00e1t ide\u00e1lis v\u00e1laszt\u00e1s azok sz\u00e1m\u00e1ra, akik a k\u00e9nyelmet \u00e9s a kifinomults\u00e1got szeretn\u00e9k \u00f6tv\u00f6zni. Modell\u00fcnk 174 cm magas, 36-os m\u00e9retet visel, a term\u00e9k hossza 60 cm.     <\/p>\n","protected":false},"excerpt":{"rendered":"<p>Ez a textilanyaggal kombin\u00e1lt ny\u00edrbund\u00e1s kab\u00e1t modern \u00e9s kifinomult k\u00fcls\u0151t k\u00f6lcs\u00f6n\u00f6z b\u00e1rmilyen \u00f6lt\u00f6z\u00e9knek, trendi \u00e9s t\u00f6k\u00e9letes b\u00e1rmilyen alkalomra. A modern kialak\u00edt\u00e1s\u00fa kab\u00e1t eleg\u00e1ns gall\u00e9rral \u00e9s k\u00e9t cipz\u00e1ras zsebbel rendelkezik, \u00edgy egyszerre biztos\u00edtja a funkcionalit\u00e1st \u00e9s a st\u00edlust. A z\u00e1r\u00e1s f\u00fcgg\u0151leges cipz\u00e1rral t\u00f6rt\u00e9nik, ami dinamizmust \u00e9s eredetis\u00e9get k\u00f6lcs\u00f6n\u00f6z a kab\u00e1tnak. A shearling \u00e9s a textil kombin\u00e1ci\u00f3ja [&hellip;]<\/p>\n","protected":false},"featured_media":94097,"comment_status":"closed","ping_status":"closed","template":"","meta":{"_acf_changed":false,"om_disable_all_campaigns":false,"inline_featured_image":false,"_monsterinsights_skip_tracking":false,"_monsterinsights_sitenote_active":false,"_monsterinsights_sitenote_note":"","_monsterinsights_sitenote_category":0},"product_brand":[],"product_cat":[880,952,773],"product_tag":[],"class_list":{"0":"post-94583","1":"product","2":"type-product","3":"status-publish","4":"has-post-thumbnail","6":"product_cat-2024-2025-kollekcio","7":"product_cat-ferfi-es-noi-pehelypaplan-dzsekik-a-luxus-es-a-melegseg-vegso-kevereke","8":"product_cat-noi-shearling-dzsekik","10":"first","11":"instock","12":"taxable","13":"shipping-taxable","14":"purchasable","15":"product-type-variable","16":"has-default-attributes","17":"wvs-archive-product-wrapper"},"acf":{"categorie_feed":""},"aioseo_notices":[],"_links":{"self":[{"href":"https:\/\/aavesa.com\/hu\/wp-json\/wp\/v2\/product\/94583","targetHints":{"allow":["GET"]}}],"collection":[{"href":"https:\/\/aavesa.com\/hu\/wp-json\/wp\/v2\/product"}],"about":[{"href":"https:\/\/aavesa.com\/hu\/wp-json\/wp\/v2\/types\/product"}],"replies":[{"embeddable":true,"href":"https:\/\/aavesa.com\/hu\/wp-json\/wp\/v2\/comments?post=94583"}],"wp:featuredmedia":[{"embeddable":true,"href":"https:\/\/aavesa.com\/hu\/wp-json\/wp\/v2\/media\/94097"}],"wp:attachment":[{"href":"https:\/\/aavesa.com\/hu\/wp-json\/wp\/v2\/media?parent=94583"}],"wp:term":[{"taxonomy":"product_brand","embeddable":true,"href":"https:\/\/aavesa.com\/hu\/wp-json\/wp\/v2\/product_brand?post=94583"},{"taxonomy":"product_cat","embeddable":true,"href":"https:\/\/aavesa.com\/hu\/wp-json\/wp\/v2\/product_cat?post=94583"},{"taxonomy":"product_tag","embeddable":true,"href":"https:\/\/aavesa.com\/hu\/wp-json\/wp\/v2\/product_tag?post=94583"}],"curies":[{"name":"wp","href":"https:\/\/api.w.org\/{rel}","templated":true}]}}