

{"id":94590,"date":"2024-09-10T17:16:37","date_gmt":"2024-09-10T17:16:37","guid":{"rendered":"https:\/\/new.aavesa.com\/produs\/borkabat-1050\/"},"modified":"2024-10-01T15:58:55","modified_gmt":"2024-10-01T15:58:55","slug":"borkabat-1050","status":"publish","type":"product","link":"https:\/\/aavesa.com\/hu\/product\/borkabat-1050\/","title":{"rendered":"B\u0151rkab\u00e1t 1050"},"content":{"rendered":"<p>Ez a vintage \u00e1rnyalat\u00fa juhb\u0151r kab\u00e1t st\u00edlust \u00e9s eleganci\u00e1t ad a ruhat\u00e1radhoz. Modern diz\u00e1jnj\u00e1val \u00e9s gondosan kidolgozott r\u00e9szleteivel a kab\u00e1t t\u00f6k\u00e9letes mindennapi viselethez, mind k\u00fcl\u00f6nleges alkalmakra. Zipperes z\u00e1r\u00e1sa, k\u00e9t cipz\u00e1ras zsebe \u00e9s k\u00e9t felvarrt zsebe funkcion\u00e1liss\u00e1 \u00e9s k\u00e9nyelmess\u00e9 teszi. A cipz\u00e1rok a ujjakon \u00e9s a v\u00e1llapok eleg\u00e1ns, megk\u00fcl\u00f6nb\u00f6ztet\u0151 \u00e9rint\u00e9st adnak. Ez a sokoldal\u00fa b\u0151rkab\u00e1t ide\u00e1lis v\u00e1laszt\u00e1s azok sz\u00e1m\u00e1ra, akik \u00e9rt\u00e9kelik a min\u0151s\u00e9get \u00e9s a kifinomult st\u00edlust. A kab\u00e1t vintage sz\u00ednben kaphat\u00f3. A modell 174 cm magas, 36-os m\u00e9retet visel, a term\u00e9k hossza 49 cm.      <\/p>\n","protected":false},"excerpt":{"rendered":"<p>Ez a vintage \u00e1rnyalat\u00fa juhb\u0151r kab\u00e1t st\u00edlust \u00e9s eleganci\u00e1t ad a ruhat\u00e1radhoz. Modern diz\u00e1jnj\u00e1val \u00e9s gondosan kidolgozott r\u00e9szleteivel a kab\u00e1t t\u00f6k\u00e9letes mindennapi viselethez, mind k\u00fcl\u00f6nleges alkalmakra. Zipperes z\u00e1r\u00e1sa, k\u00e9t cipz\u00e1ras zsebe \u00e9s k\u00e9t felvarrt zsebe funkcion\u00e1liss\u00e1 \u00e9s k\u00e9nyelmess\u00e9 teszi. A cipz\u00e1rok a ujjakon \u00e9s a v\u00e1llapok eleg\u00e1ns, megk\u00fcl\u00f6nb\u00f6ztet\u0151 \u00e9rint\u00e9st adnak. Ez a sokoldal\u00fa b\u0151rkab\u00e1t ide\u00e1lis [&hellip;]<\/p>\n","protected":false},"featured_media":94063,"comment_status":"closed","ping_status":"closed","template":"","meta":{"_acf_changed":false,"om_disable_all_campaigns":false,"inline_featured_image":false,"_monsterinsights_skip_tracking":false,"_monsterinsights_sitenote_active":false,"_monsterinsights_sitenote_note":"","_monsterinsights_sitenote_category":0},"product_brand":[],"product_cat":[880,821,767,741,916],"product_tag":[],"class_list":{"0":"post-94590","1":"product","2":"type-product","3":"status-publish","4":"has-post-thumbnail","6":"product_cat-2024-2025-kollekcio","7":"product_cat-bor-ruhak-noknek","8":"product_cat-borkabatok-noknek","9":"product_cat-nok","10":"product_cat-valodi-bor-termekek-tavaszra-es-oszre-kabatok-nadragok-kabatok-szoknyak-es-loveszkabatok-kabatok-nadragok-kabatok-szoknyak-es-loveszkabatok","12":"first","13":"instock","14":"taxable","15":"shipping-taxable","16":"purchasable","17":"product-type-variable","18":"has-default-attributes","19":"wvs-archive-product-wrapper"},"acf":{"categorie_feed":""},"aioseo_notices":[],"_links":{"self":[{"href":"https:\/\/aavesa.com\/hu\/wp-json\/wp\/v2\/product\/94590","targetHints":{"allow":["GET"]}}],"collection":[{"href":"https:\/\/aavesa.com\/hu\/wp-json\/wp\/v2\/product"}],"about":[{"href":"https:\/\/aavesa.com\/hu\/wp-json\/wp\/v2\/types\/product"}],"replies":[{"embeddable":true,"href":"https:\/\/aavesa.com\/hu\/wp-json\/wp\/v2\/comments?post=94590"}],"wp:featuredmedia":[{"embeddable":true,"href":"https:\/\/aavesa.com\/hu\/wp-json\/wp\/v2\/media\/94063"}],"wp:attachment":[{"href":"https:\/\/aavesa.com\/hu\/wp-json\/wp\/v2\/media?parent=94590"}],"wp:term":[{"taxonomy":"product_brand","embeddable":true,"href":"https:\/\/aavesa.com\/hu\/wp-json\/wp\/v2\/product_brand?post=94590"},{"taxonomy":"product_cat","embeddable":true,"href":"https:\/\/aavesa.com\/hu\/wp-json\/wp\/v2\/product_cat?post=94590"},{"taxonomy":"product_tag","embeddable":true,"href":"https:\/\/aavesa.com\/hu\/wp-json\/wp\/v2\/product_tag?post=94590"}],"curies":[{"name":"wp","href":"https:\/\/api.w.org\/{rel}","templated":true}]}}