

{"id":94595,"date":"2024-09-10T17:03:59","date_gmt":"2024-09-10T17:03:59","guid":{"rendered":"https:\/\/new.aavesa.com\/produs\/rovid-bornadrag-654\/"},"modified":"2026-01-10T13:29:52","modified_gmt":"2026-01-10T13:29:52","slug":"rovid-bornadrag-654","status":"publish","type":"product","link":"https:\/\/aavesa.com\/hu\/product\/rovid-bornadrag-654\/","title":{"rendered":"R\u00f6vid B\u0151r Nadr\u00e1g 654"},"content":{"rendered":"<p>Ez a r\u00f6vid b\u0151rnadr\u00e1g kifinomult \u00e9s sokoldal\u00fa v\u00e1laszt\u00e1s, amely minden \u00e9vszakban t\u00f6k\u00e9letes. Modern kialak\u00edt\u00e1s\u00e1val ide\u00e1lis ny\u00e1rra \u00e9s t\u00e9lre egyar\u00e1nt, \u00e9s k\u00f6nnyen viselhet\u0151 egy p\u00e1r hossz\u00fa csizm\u00e1val az eleg\u00e1ns \u00e9s kifinomult megjelen\u00e9s \u00e9rdek\u00e9ben. A r\u00f6vidnadr\u00e1g k\u00e9t praktikus zsebbel rendelkezik, \u00e9s cipz\u00e1rral z\u00e1r\u00f3dik, biztos\u00edtva a k\u00e9nyelmet \u00e9s a funkcionalit\u00e1st. Egy \u00f6vvel p\u00e1ros\u00edthat\u00f3 a st\u00edlus \u00e9s a szem\u00e9lyis\u00e9g fokoz\u00e1sa \u00e9rdek\u00e9ben. A fekete sz\u00ednben kaphat\u00f3 b\u0151rnadr\u00e1gok n\u00e9lk\u00fcl\u00f6zhetetlenek minden olyan n\u0151 ruhat\u00e1r\u00e1ban, aki \u00e9rt\u00e9keli a k\u00e9nyelem \u00e9s az elegancia t\u00f6k\u00e9letes kombin\u00e1ci\u00f3j\u00e1t. Modell\u00fcnk 174 cm magas, 36-os m\u00e9retet visel, a term\u00e9k hossza 58 cm.     <\/p>\n","protected":false},"excerpt":{"rendered":"<p>Ez a r\u00f6vid b\u0151rnadr\u00e1g kifinomult \u00e9s sokoldal\u00fa v\u00e1laszt\u00e1s, amely minden \u00e9vszakban t\u00f6k\u00e9letes. Modern kialak\u00edt\u00e1s\u00e1val ide\u00e1lis ny\u00e1rra \u00e9s t\u00e9lre egyar\u00e1nt, \u00e9s k\u00f6nnyen viselhet\u0151 egy p\u00e1r hossz\u00fa csizm\u00e1val az eleg\u00e1ns \u00e9s kifinomult megjelen\u00e9s \u00e9rdek\u00e9ben. A r\u00f6vidnadr\u00e1g k\u00e9t praktikus zsebbel rendelkezik, \u00e9s cipz\u00e1rral z\u00e1r\u00f3dik, biztos\u00edtva a k\u00e9nyelmet \u00e9s a funkcionalit\u00e1st. Egy \u00f6vvel p\u00e1ros\u00edthat\u00f3 a st\u00edlus \u00e9s a szem\u00e9lyis\u00e9g [&hellip;]<\/p>\n","protected":false},"featured_media":94040,"comment_status":"closed","ping_status":"closed","template":"","meta":{"_acf_changed":false,"om_disable_all_campaigns":false,"inline_featured_image":false,"_monsterinsights_skip_tracking":false,"_monsterinsights_sitenote_active":false,"_monsterinsights_sitenote_note":"","_monsterinsights_sitenote_category":0},"product_brand":[],"product_cat":[880,882,821,741,916],"product_tag":[],"class_list":{"0":"post-94595","1":"product","2":"type-product","3":"status-publish","4":"has-post-thumbnail","6":"product_cat-2024-2025-kollekcio","7":"product_cat-bor-nadragok-noknek","8":"product_cat-bor-ruhak-noknek","9":"product_cat-nok","10":"product_cat-valodi-bor-termekek-tavaszra-es-oszre-kabatok-nadragok-kabatok-szoknyak-es-loveszkabatok-kabatok-nadragok-kabatok-szoknyak-es-loveszkabatok","12":"first","13":"instock","14":"taxable","15":"shipping-taxable","16":"purchasable","17":"product-type-variable","18":"has-default-attributes","19":"wvs-archive-product-wrapper"},"acf":{"categorie_feed":""},"aioseo_notices":[],"_links":{"self":[{"href":"https:\/\/aavesa.com\/hu\/wp-json\/wp\/v2\/product\/94595","targetHints":{"allow":["GET"]}}],"collection":[{"href":"https:\/\/aavesa.com\/hu\/wp-json\/wp\/v2\/product"}],"about":[{"href":"https:\/\/aavesa.com\/hu\/wp-json\/wp\/v2\/types\/product"}],"replies":[{"embeddable":true,"href":"https:\/\/aavesa.com\/hu\/wp-json\/wp\/v2\/comments?post=94595"}],"wp:featuredmedia":[{"embeddable":true,"href":"https:\/\/aavesa.com\/hu\/wp-json\/wp\/v2\/media\/94040"}],"wp:attachment":[{"href":"https:\/\/aavesa.com\/hu\/wp-json\/wp\/v2\/media?parent=94595"}],"wp:term":[{"taxonomy":"product_brand","embeddable":true,"href":"https:\/\/aavesa.com\/hu\/wp-json\/wp\/v2\/product_brand?post=94595"},{"taxonomy":"product_cat","embeddable":true,"href":"https:\/\/aavesa.com\/hu\/wp-json\/wp\/v2\/product_cat?post=94595"},{"taxonomy":"product_tag","embeddable":true,"href":"https:\/\/aavesa.com\/hu\/wp-json\/wp\/v2\/product_tag?post=94595"}],"curies":[{"name":"wp","href":"https:\/\/api.w.org\/{rel}","templated":true}]}}