

{"id":94599,"date":"2024-09-10T16:31:41","date_gmt":"2024-09-10T16:31:41","guid":{"rendered":"https:\/\/new.aavesa.com\/produs\/3402-es-textil-kabat-nyiro-belessel-es-kapucnival\/"},"modified":"2026-04-10T15:07:59","modified_gmt":"2026-04-10T17:07:59","slug":"3402-es-textil-kabat-nyiro-belessel-es-kapucnival","status":"publish","type":"product","link":"https:\/\/aavesa.com\/hu\/product\/3402-es-textil-kabat-nyiro-belessel-es-kapucnival\/","title":{"rendered":"Textil Dzseki Birkagyapj\u00fa B\u00e9l\u00e9s\u00e9vel \u00e9s Kapucnival 3402"},"content":{"rendered":"<p>Ez a levehet\u0151 kapucnival \u00e9s meleg b\u00e1r\u00e1nyb\u0151r b\u00e9l\u00e9ssel ell\u00e1tott f\u00e9rfi textildzseki egy nagyon modern \u00e9s sokoldal\u00fa modell, amely t\u00f6k\u00e9letes a hideg \u00e9vszakra. A kab\u00e1t k\u00e9t praktikus zsebbel \u00e9s cipz\u00e1rral rendelkezik, \u00edgy egyszerre k\u00edn\u00e1l funkcionalit\u00e1st \u00e9s st\u00edlusos megjelen\u00e9st. Az alj\u00e1n \u00e9s a mandzsett\u00e1kn\u00e1l tal\u00e1lhat\u00f3 elasztikus anyag t\u00f6k\u00e9letes illeszked\u00e9st \u00e9s fokozott k\u00e9nyelmet biztos\u00edt. A fekete sz\u00ednben kaphat\u00f3 kab\u00e1t ide\u00e1lis azok sz\u00e1m\u00e1ra, akik a modern st\u00edlust a hideg id\u0151j\u00e1r\u00e1s elleni v\u00e9delemmel szeretn\u00e9k \u00f6tv\u00f6zni, \u00edgy minden helyzetben k\u00e9nyelmes \u00e9s eleg\u00e1ns marad. Modell\u00fcnk 188 cm magas, 48-as m\u00e9retet visel, a term\u00e9k hossza 68 cm.    <\/p>\n","protected":false},"excerpt":{"rendered":"<p>Ez a levehet\u0151 kapucnival \u00e9s meleg b\u00e1r\u00e1nyb\u0151r b\u00e9l\u00e9ssel ell\u00e1tott f\u00e9rfi textildzseki egy nagyon modern \u00e9s sokoldal\u00fa modell, amely t\u00f6k\u00e9letes a hideg \u00e9vszakra. A kab\u00e1t k\u00e9t praktikus zsebbel \u00e9s cipz\u00e1rral rendelkezik, \u00edgy egyszerre k\u00edn\u00e1l funkcionalit\u00e1st \u00e9s st\u00edlusos megjelen\u00e9st. Az alj\u00e1n \u00e9s a mandzsett\u00e1kn\u00e1l tal\u00e1lhat\u00f3 elasztikus anyag t\u00f6k\u00e9letes illeszked\u00e9st \u00e9s fokozott k\u00e9nyelmet biztos\u00edt. A fekete sz\u00ednben kaphat\u00f3 [&hellip;]<\/p>\n","protected":false},"featured_media":94024,"comment_status":"closed","ping_status":"closed","template":"","meta":{"_acf_changed":false,"om_disable_all_campaigns":false,"inline_featured_image":false,"_monsterinsights_skip_tracking":false,"_monsterinsights_sitenote_active":false,"_monsterinsights_sitenote_note":"","_monsterinsights_sitenote_category":0},"product_brand":[],"product_cat":[880,952,772],"product_tag":[],"class_list":{"0":"post-94599","1":"product","2":"type-product","3":"status-publish","4":"has-post-thumbnail","6":"product_cat-2024-2025-kollekcio","7":"product_cat-ferfi-es-noi-pehelypaplan-dzsekik-a-luxus-es-a-melegseg-vegso-kevereke","8":"product_cat-shearling-kabatok-ferfiaknak","10":"first","11":"instock","12":"taxable","13":"shipping-taxable","14":"purchasable","15":"product-type-variable","16":"has-default-attributes","17":"wvs-archive-product-wrapper"},"acf":{"categorie_feed":""},"aioseo_notices":[],"_links":{"self":[{"href":"https:\/\/aavesa.com\/hu\/wp-json\/wp\/v2\/product\/94599","targetHints":{"allow":["GET"]}}],"collection":[{"href":"https:\/\/aavesa.com\/hu\/wp-json\/wp\/v2\/product"}],"about":[{"href":"https:\/\/aavesa.com\/hu\/wp-json\/wp\/v2\/types\/product"}],"replies":[{"embeddable":true,"href":"https:\/\/aavesa.com\/hu\/wp-json\/wp\/v2\/comments?post=94599"}],"wp:featuredmedia":[{"embeddable":true,"href":"https:\/\/aavesa.com\/hu\/wp-json\/wp\/v2\/media\/94024"}],"wp:attachment":[{"href":"https:\/\/aavesa.com\/hu\/wp-json\/wp\/v2\/media?parent=94599"}],"wp:term":[{"taxonomy":"product_brand","embeddable":true,"href":"https:\/\/aavesa.com\/hu\/wp-json\/wp\/v2\/product_brand?post=94599"},{"taxonomy":"product_cat","embeddable":true,"href":"https:\/\/aavesa.com\/hu\/wp-json\/wp\/v2\/product_cat?post=94599"},{"taxonomy":"product_tag","embeddable":true,"href":"https:\/\/aavesa.com\/hu\/wp-json\/wp\/v2\/product_tag?post=94599"}],"curies":[{"name":"wp","href":"https:\/\/api.w.org\/{rel}","templated":true}]}}