

{"id":94605,"date":"2024-09-10T16:04:00","date_gmt":"2024-09-10T16:04:00","guid":{"rendered":"https:\/\/new.aavesa.com\/produs\/baranygyapju-mongol-dzseki-2083\/"},"modified":"2026-04-10T15:02:27","modified_gmt":"2026-04-10T17:02:27","slug":"baranygyapju-mongol-dzseki-2083","status":"publish","type":"product","link":"https:\/\/aavesa.com\/hu\/product\/baranygyapju-mongol-dzseki-2083\/","title":{"rendered":"Mongol Bunda Kab\u00e1t 2083"},"content":{"rendered":"<p>Tapasztalja meg a kiv\u00e9teles eleganci\u00e1t \u00e9s meleget ezzel a mongol sz\u0151rmekab\u00e1ttal, amely ide\u00e1lis az alacsony h\u0151m\u00e9rs\u00e9kletekkel val\u00f3 st\u00edlusos szemben\u00e9z\u00e9shez. A mongol sz\u0151rme egyedi, puha \u00e9s terjedelmes text\u00far\u00e1j\u00e1r\u00f3l h\u00edres, amely kifinomult megjelen\u00e9st \u00e9s kellemes viseletet biztos\u00edt. K\u00e9t praktikus zsebbel \u00e9s kamp\u00f3s z\u00e1r\u00f3d\u00e1ssal rendelkezik. Ez a kab\u00e1t \u00f6tv\u00f6zi a hagyom\u00e1nyt a modern diz\u00e1jnnal, \u00edgy k\u00f6nnyen integr\u00e1lhat\u00f3 a k\u00fcl\u00f6nb\u00f6z\u0151 \u00f6lt\u00f6z\u00e9kekbe, a h\u00e9tk\u00f6znapit\u00f3l az eleg\u00e1nsig. A r\u00e9szletekre val\u00f3 odafigyel\u00e9ssel k\u00e9sz\u00fclt kab\u00e1t kiv\u00e1l\u00f3 h\u0151komfortot \u00e9s kifinomult megjelen\u00e9st k\u00edn\u00e1l, \u00edgy gyorsan a t\u00e9li ruhat\u00e1r\u00e1nak f\u00e9nypontj\u00e1v\u00e1 v\u00e1lik. A kab\u00e1t bord\u00f3, b\u00e9zs \u00e9s barna sz\u00ednben kaphat\u00f3. Modell\u00fcnk 174 cm magas, 36-os m\u00e9retet visel, a term\u00e9k hossza 55 cm.      <\/p>\n","protected":false},"excerpt":{"rendered":"<p>Tapasztalja meg a kiv\u00e9teles eleganci\u00e1t \u00e9s meleget ezzel a mongol sz\u0151rmekab\u00e1ttal, amely ide\u00e1lis az alacsony h\u0151m\u00e9rs\u00e9kletekkel val\u00f3 st\u00edlusos szemben\u00e9z\u00e9shez. A mongol sz\u0151rme egyedi, puha \u00e9s terjedelmes text\u00far\u00e1j\u00e1r\u00f3l h\u00edres, amely kifinomult megjelen\u00e9st \u00e9s kellemes viseletet biztos\u00edt. K\u00e9t praktikus zsebbel \u00e9s kamp\u00f3s z\u00e1r\u00f3d\u00e1ssal rendelkezik. Ez a kab\u00e1t \u00f6tv\u00f6zi a hagyom\u00e1nyt a modern diz\u00e1jnnal, \u00edgy k\u00f6nnyen integr\u00e1lhat\u00f3 a [&hellip;]<\/p>\n","protected":false},"featured_media":97184,"comment_status":"closed","ping_status":"closed","template":"","meta":{"_acf_changed":false,"om_disable_all_campaigns":false,"inline_featured_image":false,"_monsterinsights_skip_tracking":false,"_monsterinsights_sitenote_active":false,"_monsterinsights_sitenote_note":"","_monsterinsights_sitenote_category":0},"product_brand":[],"product_cat":[880,918,766,952,773,741],"product_tag":[],"class_list":{"0":"post-94605","1":"product","2":"type-product","3":"status-publish","4":"has-post-thumbnail","6":"product_cat-2024-2025-kollekcio","7":"product_cat-2025-2026-kollekcio-autentikus-elegancia-szormeben-es-termeszetes-borben","8":"product_cat-bundas-kabatok-es-bundas-dzsekik-noknek","9":"product_cat-ferfi-es-noi-pehelypaplan-dzsekik-a-luxus-es-a-melegseg-vegso-kevereke","10":"product_cat-noi-shearling-dzsekik","11":"product_cat-nok","13":"first","14":"instock","15":"taxable","16":"shipping-taxable","17":"purchasable","18":"product-type-variable","19":"has-default-attributes","20":"wvs-archive-product-wrapper"},"acf":{"categorie_feed":""},"aioseo_notices":[],"_links":{"self":[{"href":"https:\/\/aavesa.com\/hu\/wp-json\/wp\/v2\/product\/94605","targetHints":{"allow":["GET"]}}],"collection":[{"href":"https:\/\/aavesa.com\/hu\/wp-json\/wp\/v2\/product"}],"about":[{"href":"https:\/\/aavesa.com\/hu\/wp-json\/wp\/v2\/types\/product"}],"replies":[{"embeddable":true,"href":"https:\/\/aavesa.com\/hu\/wp-json\/wp\/v2\/comments?post=94605"}],"wp:featuredmedia":[{"embeddable":true,"href":"https:\/\/aavesa.com\/hu\/wp-json\/wp\/v2\/media\/97184"}],"wp:attachment":[{"href":"https:\/\/aavesa.com\/hu\/wp-json\/wp\/v2\/media?parent=94605"}],"wp:term":[{"taxonomy":"product_brand","embeddable":true,"href":"https:\/\/aavesa.com\/hu\/wp-json\/wp\/v2\/product_brand?post=94605"},{"taxonomy":"product_cat","embeddable":true,"href":"https:\/\/aavesa.com\/hu\/wp-json\/wp\/v2\/product_cat?post=94605"},{"taxonomy":"product_tag","embeddable":true,"href":"https:\/\/aavesa.com\/hu\/wp-json\/wp\/v2\/product_tag?post=94605"}],"curies":[{"name":"wp","href":"https:\/\/api.w.org\/{rel}","templated":true}]}}