

{"id":94608,"date":"2024-09-10T15:56:03","date_gmt":"2024-09-10T15:56:03","guid":{"rendered":"https:\/\/new.aavesa.com\/produs\/megfordithato-nyiro-es-arctic-fox-szormekabat-393\/"},"modified":"2026-04-10T15:07:58","modified_gmt":"2026-04-10T17:07:58","slug":"megfordithato-nyiro-es-arctic-fox-szormekabat-393","status":"publish","type":"product","link":"https:\/\/aavesa.com\/hu\/product\/megfordithato-nyiro-es-arctic-fox-szormekabat-393\/","title":{"rendered":"Ford\u00edthat\u00f3 birkagyapj\u00fa \u00e9s sarki r\u00f3kabunda kab\u00e1t 393"},"content":{"rendered":"<p>Ez a term\u00e9szetes b\u0151rb\u0151l \u00e9s sarkvid\u00e9ki r\u00f3kasz\u0151rm\u00e9b\u0151l k\u00e9sz\u00fclt, megford\u00edthat\u00f3 kab\u00e1t egy egyedi darab, amelyet \u00fagy terveztek, hogy eleganci\u00e1t \u00e9s k\u00e9nyelmet ny\u00fajtson a hideg \u00e9vszakban. A gy\u00f6ny\u00f6r\u0171 \u00e9s modern kialak\u00edt\u00e1s\u00fa kab\u00e1t nagyon meleg, a r\u00f3kasz\u0151rme pedig optim\u00e1lis v\u00e9delmet ny\u00fajt a hideg ellen. A cipz\u00e1ras z\u00e1r\u00f3d\u00e1s \u00e9s a k\u00e9t cipz\u00e1ras zseb extra funkcionalit\u00e1st \u00e9s st\u00edlust k\u00f6lcs\u00f6n\u00f6z. Viselje mindk\u00e9t oldal\u00e1n, hogy k\u00e9t k\u00fcl\u00f6nb\u00f6z\u0151 megjelen\u00e9st \u00e9rjen el, amely minden alkalomra t\u00f6k\u00e9letes. Sokoldal\u00fa \u00e9s st\u00edlusos, ez a ford\u00edthat\u00f3 kab\u00e1t n\u00e9lk\u00fcl\u00f6zhetetlen darab mindazok sz\u00e1m\u00e1ra, akik a luxust az eredetis\u00e9ggel szeretn\u00e9k \u00f6tv\u00f6zni. A kab\u00e1t s\u00f6t\u00e9tbarna sz\u00ednben kaphat\u00f3. Modell\u00fcnk 188 cm magas, 48-as m\u00e9retet visel, a term\u00e9k hossza pedig 74 cm.      <\/p>\n","protected":false},"excerpt":{"rendered":"<p>Ez a term\u00e9szetes b\u0151rb\u0151l \u00e9s sarkvid\u00e9ki r\u00f3kasz\u0151rm\u00e9b\u0151l k\u00e9sz\u00fclt, megford\u00edthat\u00f3 kab\u00e1t egy egyedi darab, amelyet \u00fagy terveztek, hogy eleganci\u00e1t \u00e9s k\u00e9nyelmet ny\u00fajtson a hideg \u00e9vszakban. A gy\u00f6ny\u00f6r\u0171 \u00e9s modern kialak\u00edt\u00e1s\u00fa kab\u00e1t nagyon meleg, a r\u00f3kasz\u0151rme pedig optim\u00e1lis v\u00e9delmet ny\u00fajt a hideg ellen. A cipz\u00e1ras z\u00e1r\u00f3d\u00e1s \u00e9s a k\u00e9t cipz\u00e1ras zseb extra funkcionalit\u00e1st \u00e9s st\u00edlust k\u00f6lcs\u00f6n\u00f6z. Viselje [&hellip;]<\/p>\n","protected":false},"featured_media":93977,"comment_status":"closed","ping_status":"closed","template":"","meta":{"_acf_changed":false,"om_disable_all_campaigns":false,"inline_featured_image":false,"_monsterinsights_skip_tracking":false,"_monsterinsights_sitenote_active":false,"_monsterinsights_sitenote_note":"","_monsterinsights_sitenote_category":0},"product_brand":[],"product_cat":[880,952,725,772],"product_tag":[],"class_list":{"0":"post-94608","1":"product","2":"type-product","3":"status-publish","4":"has-post-thumbnail","6":"product_cat-2024-2025-kollekcio","7":"product_cat-ferfi-es-noi-pehelypaplan-dzsekik-a-luxus-es-a-melegseg-vegso-kevereke","8":"product_cat-ferfiak","9":"product_cat-shearling-kabatok-ferfiaknak","11":"first","12":"instock","13":"taxable","14":"shipping-taxable","15":"purchasable","16":"product-type-variable","17":"has-default-attributes","18":"wvs-archive-product-wrapper"},"acf":{"categorie_feed":""},"aioseo_notices":[],"_links":{"self":[{"href":"https:\/\/aavesa.com\/hu\/wp-json\/wp\/v2\/product\/94608","targetHints":{"allow":["GET"]}}],"collection":[{"href":"https:\/\/aavesa.com\/hu\/wp-json\/wp\/v2\/product"}],"about":[{"href":"https:\/\/aavesa.com\/hu\/wp-json\/wp\/v2\/types\/product"}],"replies":[{"embeddable":true,"href":"https:\/\/aavesa.com\/hu\/wp-json\/wp\/v2\/comments?post=94608"}],"wp:featuredmedia":[{"embeddable":true,"href":"https:\/\/aavesa.com\/hu\/wp-json\/wp\/v2\/media\/93977"}],"wp:attachment":[{"href":"https:\/\/aavesa.com\/hu\/wp-json\/wp\/v2\/media?parent=94608"}],"wp:term":[{"taxonomy":"product_brand","embeddable":true,"href":"https:\/\/aavesa.com\/hu\/wp-json\/wp\/v2\/product_brand?post=94608"},{"taxonomy":"product_cat","embeddable":true,"href":"https:\/\/aavesa.com\/hu\/wp-json\/wp\/v2\/product_cat?post=94608"},{"taxonomy":"product_tag","embeddable":true,"href":"https:\/\/aavesa.com\/hu\/wp-json\/wp\/v2\/product_tag?post=94608"}],"curies":[{"name":"wp","href":"https:\/\/api.w.org\/{rel}","templated":true}]}}