

{"id":94612,"date":"2024-09-10T15:30:24","date_gmt":"2024-09-10T15:30:24","guid":{"rendered":"https:\/\/new.aavesa.com\/produs\/baranygyapju-kabat-mink-gallerral-395\/"},"modified":"2025-11-17T06:33:27","modified_gmt":"2025-11-17T06:33:27","slug":"baranygyapju-kabat-mink-gallerral-395","status":"publish","type":"product","link":"https:\/\/aavesa.com\/hu\/product\/baranygyapju-kabat-mink-gallerral-395\/","title":{"rendered":"B\u00e1r\u00e1nygyapj\u00fa kab\u00e1t Mink gall\u00e9rral 395"},"content":{"rendered":"<p>Ez az eleg\u00e1ns nercb\u0151r gall\u00e9rral kieg\u00e9sz\u00edtett b\u00e1r\u00e1nyb\u0151r kab\u00e1t ide\u00e1lis v\u00e1laszt\u00e1s azok sz\u00e1m\u00e1ra, akik a hideg \u00e9vszakban a st\u00edlust a funkcionalit\u00e1ssal szeretn\u00e9k \u00f6tv\u00f6zni. A legfinomabb anyagokb\u00f3l k\u00e9sz\u00fclt, <a href=\"https:\/\/aavesa.com\/hu\/nok\/noi-shearling-kabatok\/\">nercgall\u00e9rral ell\u00e1tott juh\u00e1szbunda<\/a> melegs\u00e9get \u00e9s k\u00e9nyelmet biztos\u00edt a hideg t\u00e9li napokon. A kifinomult diz\u00e1jnnal \u00e9s klasszikus gombos z\u00e1r\u00f3d\u00e1ssal rendelkez\u0151 modell k\u00e9t praktikus zsebbel rendelkezik, \u00e9s fekete sz\u00ednben kaphat\u00f3, \u00edgy p\u00e1ratlan sokoldal\u00fas\u00e1got k\u00edn\u00e1l. T\u00f6k\u00e9letes, hogy b\u00e1rmelyik \u00f6lt\u00f6z\u00e9k\u00e9t kifinomultt\u00e1 var\u00e1zsolja! Modell\u00fcnk 188 cm magas, 48-as m\u00e9retet visel, a term\u00e9k hossza 100 cm.    <\/p>\n","protected":false},"excerpt":{"rendered":"<p>Ez az eleg\u00e1ns nercb\u0151r gall\u00e9rral kieg\u00e9sz\u00edtett b\u00e1r\u00e1nyb\u0151r kab\u00e1t ide\u00e1lis v\u00e1laszt\u00e1s azok sz\u00e1m\u00e1ra, akik a hideg \u00e9vszakban a st\u00edlust a funkcionalit\u00e1ssal szeretn\u00e9k \u00f6tv\u00f6zni. A legfinomabb anyagokb\u00f3l k\u00e9sz\u00fclt, nercgall\u00e9rral ell\u00e1tott juh\u00e1szbunda melegs\u00e9get \u00e9s k\u00e9nyelmet biztos\u00edt a hideg t\u00e9li napokon. A kifinomult diz\u00e1jnnal \u00e9s klasszikus gombos z\u00e1r\u00f3d\u00e1ssal rendelkez\u0151 modell k\u00e9t praktikus zsebbel rendelkezik, \u00e9s fekete sz\u00ednben kaphat\u00f3, \u00edgy [&hellip;]<\/p>\n","protected":false},"featured_media":93961,"comment_status":"closed","ping_status":"closed","template":"","meta":{"_acf_changed":false,"om_disable_all_campaigns":false,"inline_featured_image":false,"_monsterinsights_skip_tracking":false,"_monsterinsights_sitenote_active":false,"_monsterinsights_sitenote_note":"","_monsterinsights_sitenote_category":0},"product_brand":[],"product_cat":[880,725,777],"product_tag":[],"class_list":{"0":"post-94612","1":"product","2":"type-product","3":"status-publish","4":"has-post-thumbnail","6":"product_cat-2024-2025-kollekcio","7":"product_cat-ferfiak","8":"product_cat-shearling-kabatok-ferfiaknak-ferfiak","10":"first","11":"instock","12":"taxable","13":"shipping-taxable","14":"purchasable","15":"product-type-variable","16":"has-default-attributes","17":"wvs-archive-product-wrapper"},"acf":{"categorie_feed":""},"aioseo_notices":[],"_links":{"self":[{"href":"https:\/\/aavesa.com\/hu\/wp-json\/wp\/v2\/product\/94612","targetHints":{"allow":["GET"]}}],"collection":[{"href":"https:\/\/aavesa.com\/hu\/wp-json\/wp\/v2\/product"}],"about":[{"href":"https:\/\/aavesa.com\/hu\/wp-json\/wp\/v2\/types\/product"}],"replies":[{"embeddable":true,"href":"https:\/\/aavesa.com\/hu\/wp-json\/wp\/v2\/comments?post=94612"}],"wp:featuredmedia":[{"embeddable":true,"href":"https:\/\/aavesa.com\/hu\/wp-json\/wp\/v2\/media\/93961"}],"wp:attachment":[{"href":"https:\/\/aavesa.com\/hu\/wp-json\/wp\/v2\/media?parent=94612"}],"wp:term":[{"taxonomy":"product_brand","embeddable":true,"href":"https:\/\/aavesa.com\/hu\/wp-json\/wp\/v2\/product_brand?post=94612"},{"taxonomy":"product_cat","embeddable":true,"href":"https:\/\/aavesa.com\/hu\/wp-json\/wp\/v2\/product_cat?post=94612"},{"taxonomy":"product_tag","embeddable":true,"href":"https:\/\/aavesa.com\/hu\/wp-json\/wp\/v2\/product_tag?post=94612"}],"curies":[{"name":"wp","href":"https:\/\/api.w.org\/{rel}","templated":true}]}}