

{"id":94614,"date":"2024-09-10T15:23:37","date_gmt":"2024-09-10T15:23:37","guid":{"rendered":"https:\/\/new.aavesa.com\/produs\/baranygyapju-dzseki-2084\/"},"modified":"2026-04-10T15:02:29","modified_gmt":"2026-04-10T17:02:29","slug":"baranygyapju-dzseki-2084","status":"publish","type":"product","link":"https:\/\/aavesa.com\/hu\/product\/baranygyapju-dzseki-2084\/","title":{"rendered":"B\u00e1r\u00e1nygyapj\u00fa dzseki 2084"},"content":{"rendered":"<p>Ez a r\u00f6vid, jellegzetes gall\u00e9rral ell\u00e1tott b\u00e1r\u00e1nyb\u0151r kab\u00e1t eleganci\u00e1t \u00e9s st\u00edlust k\u00f6lcs\u00f6n\u00f6z minden \u00f6lt\u00f6z\u00e9knek. Modern \u00e9s kifinomult megjelen\u00e9ssel tervezt\u00e9k, \u00edgy b\u00e1rmilyen alkalomra t\u00f6k\u00e9letes, ak\u00e1r alkalmi, ak\u00e1r kifinomultabb \u00f6lt\u00f6z\u00e9ket v\u00e1laszt. A kab\u00e1t egyetlen gombbal z\u00e1r\u00f3dik, minimalista \u00e9s eleg\u00e1ns megjelen\u00e9st biztos\u00edt, \u00e9s k\u00e9t praktikus zsebbel rendelkezik. Ez a kr\u00e9msz\u00edn\u0171 \u00e9s fekete sz\u00ednben kaphat\u00f3, sokoldal\u00fa \u00e9s meleg kab\u00e1t gyorsan az \u0151szi-t\u00e9li ruhat\u00e1r elengedhetetlen elem\u00e9v\u00e9 v\u00e1lik. Ide\u00e1lis arra, hogy b\u00e1rmilyen \u00f6lt\u00f6z\u00e9khez hozz\u00e1adjon egy csipetnyi kifinomults\u00e1got! Modell\u00fcnk 174 cm magas, 36-os m\u00e9retet visel, a term\u00e9k hossza 58 cm.     <\/p>\n","protected":false},"excerpt":{"rendered":"<p>Ez a r\u00f6vid, jellegzetes gall\u00e9rral ell\u00e1tott b\u00e1r\u00e1nyb\u0151r kab\u00e1t eleganci\u00e1t \u00e9s st\u00edlust k\u00f6lcs\u00f6n\u00f6z minden \u00f6lt\u00f6z\u00e9knek. Modern \u00e9s kifinomult megjelen\u00e9ssel tervezt\u00e9k, \u00edgy b\u00e1rmilyen alkalomra t\u00f6k\u00e9letes, ak\u00e1r alkalmi, ak\u00e1r kifinomultabb \u00f6lt\u00f6z\u00e9ket v\u00e1laszt. A kab\u00e1t egyetlen gombbal z\u00e1r\u00f3dik, minimalista \u00e9s eleg\u00e1ns megjelen\u00e9st biztos\u00edt, \u00e9s k\u00e9t praktikus zsebbel rendelkezik. Ez a kr\u00e9msz\u00edn\u0171 \u00e9s fekete sz\u00ednben kaphat\u00f3, sokoldal\u00fa \u00e9s meleg kab\u00e1t [&hellip;]<\/p>\n","protected":false},"featured_media":93952,"comment_status":"closed","ping_status":"closed","template":"","meta":{"_acf_changed":false,"om_disable_all_campaigns":false,"inline_featured_image":false,"_monsterinsights_skip_tracking":false,"_monsterinsights_sitenote_active":false,"_monsterinsights_sitenote_note":"","_monsterinsights_sitenote_category":0},"product_brand":[],"product_cat":[880,952,773,741],"product_tag":[],"class_list":{"0":"post-94614","1":"product","2":"type-product","3":"status-publish","4":"has-post-thumbnail","6":"product_cat-2024-2025-kollekcio","7":"product_cat-ferfi-es-noi-pehelypaplan-dzsekik-a-luxus-es-a-melegseg-vegso-kevereke","8":"product_cat-noi-shearling-dzsekik","9":"product_cat-nok","11":"first","12":"instock","13":"taxable","14":"shipping-taxable","15":"purchasable","16":"product-type-variable","17":"has-default-attributes","18":"wvs-archive-product-wrapper"},"acf":{"categorie_feed":""},"aioseo_notices":[],"_links":{"self":[{"href":"https:\/\/aavesa.com\/hu\/wp-json\/wp\/v2\/product\/94614","targetHints":{"allow":["GET"]}}],"collection":[{"href":"https:\/\/aavesa.com\/hu\/wp-json\/wp\/v2\/product"}],"about":[{"href":"https:\/\/aavesa.com\/hu\/wp-json\/wp\/v2\/types\/product"}],"replies":[{"embeddable":true,"href":"https:\/\/aavesa.com\/hu\/wp-json\/wp\/v2\/comments?post=94614"}],"wp:featuredmedia":[{"embeddable":true,"href":"https:\/\/aavesa.com\/hu\/wp-json\/wp\/v2\/media\/93952"}],"wp:attachment":[{"href":"https:\/\/aavesa.com\/hu\/wp-json\/wp\/v2\/media?parent=94614"}],"wp:term":[{"taxonomy":"product_brand","embeddable":true,"href":"https:\/\/aavesa.com\/hu\/wp-json\/wp\/v2\/product_brand?post=94614"},{"taxonomy":"product_cat","embeddable":true,"href":"https:\/\/aavesa.com\/hu\/wp-json\/wp\/v2\/product_cat?post=94614"},{"taxonomy":"product_tag","embeddable":true,"href":"https:\/\/aavesa.com\/hu\/wp-json\/wp\/v2\/product_tag?post=94614"}],"curies":[{"name":"wp","href":"https:\/\/api.w.org\/{rel}","templated":true}]}}